{"id":1451,"date":"2023-06-19T13:16:21","date_gmt":"2023-06-19T11:16:21","guid":{"rendered":"https:\/\/biotexfuture.info\/fungalfibers\/"},"modified":"2025-07-07T13:56:48","modified_gmt":"2025-07-07T11:56:48","slug":"fungalfibers","status":"publish","type":"page","link":"https:\/\/biotexfuture.info\/de\/projects\/fungalfibers\/","title":{"rendered":"FungalFibers"},"content":{"rendered":"\n<div style=\"height:50px\" aria-hidden=\"true\" class=\"wp-block-spacer\"><\/div>\n\n\n<section class=\"text\">\n\t\n\t<div class=\"container\">\n\n\t\t<div class=\"row\">\n\n\t\t\t<div class=\"col-lg-10\">\n\n\t\t\t\t<h2>FungalFibers<\/h2>\n<p>Biologisch abbaubare, antibiotisch wirkende, in L\u00f6sung gesponnene Chitosanfasern aus einem zuverl\u00e4ssigen, reproduzierbaren und hochgradig skalierbaren Produktionsverfahren auf der Grundlage von Pilzbiomasse aus Fermentationsprozessen<\/p>\n\n\t\t\t<\/div>\n\n\t\t<\/div>\n\n\t<\/div>\n\n<\/section>\n\n<section class=\"image\">\n\t\n\t<div class=\"container\">\n\n\t\t<div class=\"row\">\n\n\t\t\t<div class=\"col-lg-12\">\n\n\t\t\t\t<img decoding=\"async\" src=\"https:\/\/biotexfuture.info\/wp-content\/uploads\/2023\/06\/fungalfibers_A3_ema.png\" alt=\"\">\n\n\t\t\t<\/div>\n\n\t\t<\/div>\n\n\t<\/div>\n\n<\/section>\n\n\n<div style=\"height:60px\" aria-hidden=\"true\" class=\"wp-block-spacer\"><\/div>\n\n\n<section class=\"columntext\">\n\t\n\t<div class=\"container\">\n\n\t\t<div class=\"row\">\n\n\t\t\t<div class=\"col-lg-6 textcolumn\">\n\n\t\t\t\t<div class=\"textcolumn_inner h-100\">\n\n\t\t\t\t\t<h2>Motivation<\/h2>\n<p>Vor dem Hintergrund begrenzter Ressourcen wie Erd\u00f6l, Wasser und Ackerland sowie zunehmender Umweltzerst\u00f6rung und Konfliktpotenziale besteht ein gro\u00dfes gesellschaftliches und unternehmerisches Interesse, wettbewerbsf\u00e4hige, sozial und \u00f6kologisch nachhaltige Rohstoffalternativen f\u00fcr die Textilindustrie bereitzustellen.<\/p>\n\n\t\t\t\t<\/div>\n\n\t\t\t<\/div>\n\n\t\t\t<div class=\"col-lg-6 textcolumn h-100\">\n\n\t\t\t\t<div class=\"textcolumn_inner\">\n\n\t\t\t\t\t<h2>Ziel<\/h2>\n<p>Ziel dieses Projektes ist die Entwicklung einer v\u00f6llig neuen Prozesskette zur Herstellung von biobasierten, veganen Textilien aus Chitosanfasern (Filament- und Stapelfasergarne). Chitosan ist chemisch eng mit Chitin verwandt, der nach Zellulose am h\u00e4ufigsten vorkommenden Verbindung in der lebenden Natur. Es kommt in der Natur in einer Vielzahl von Quellen vor: Insekten, Krabben- und Flusskrebsschalen und als strukturbestimmender Zellwandbestandteil aller Pilze. Daher kann Chitin aus Nebenprodukten der Krabbenfleischproduktion, aus Insektenprotein oder aus Abf\u00e4llen von Pilzbiomasse aus industriellen Prozessen gewonnen werden. Chitosan wiederum kann leicht aus Chitin durch Deacetylierung hergestellt werden.<\/p>\n\n\t\t\t\t<\/div>\n\n\t\t\t<\/div>\n\n\t\t<\/div>\n\n\t<\/div>\n\n<\/section>\n\n\n<div style=\"height:60px\" aria-hidden=\"true\" class=\"wp-block-spacer\"><\/div>\n\n\n\n<div style=\"height:30px\" aria-hidden=\"true\" class=\"wp-block-spacer\"><\/div>\n\n\n\n<div style=\"height:60px\" aria-hidden=\"true\" class=\"wp-block-spacer\"><\/div>\n\n\n\n<section class=\"entry\">\n\t\n\t<div class=\"container\">\n\n\t\t<div class=\"row\">\n\n\t\t\t<div class=\"col-lg-12\">\n\n\t\t\t\t<div class=\"entry_inner text-bottom_right\">\n\n\t\t\t\t\t<div class=\"entry_text bottom_right\">\n\n\t\t\t\t\t\t<div id=\"comp-krno9o89\" class=\"MazNVa comp-krno9o89 wixui-image\"><\/div>\n<div id=\"comp-krft8ep61\" class=\"KcpHeO tz5f0K comp-krft8ep61 wixui-rich-text\" data-testid=\"richTextElement\">\n<h2 class=\"font_8 wixui-rich-text__text\"><span class=\"wixui-rich-text__text\">Forschungsansatz<\/span><\/h2>\n<p>Das vorliegende Projekt zielt darauf ab, Chitosan aus der etablierten und weltweit dominierenden industriellen Zellfabrik Aspergillus niger mit sehr hohem Durchsatz, hoher Qualit\u00e4t und Reinheit, kurzer Produktionszeit, schonender Extraktion und vielf\u00e4ltigen Veredelungs- und Umwandlungsoptionen herzustellen. Dabei wird das Chitosan sowohl aus sekund\u00e4ren Rohstoffquellen (Abfallstrom aus der industriellen Fadenpilzzucht) als auch aus prim\u00e4ren Rohstoffquellen (industrielle Fadenpilzzucht) gewonnen.<\/p>\n<\/div>\n<div data-testid=\"richTextElement\">Die bemerkenswerten Eigenschaften von Chitosan wie biologische Abbaubarkeit, Antibiotizit\u00e4t und Kompatibilit\u00e4t mit Baumwolle und Zellulose machen es zu einem vielversprechenden Biomaterial f\u00fcr die Herstellung von Naturfasern f\u00fcr textile Anwendungen.<\/div>\n\n\t\t\t\t\t\t\t\t\t\t\t\t\n\t\t\t\t\t<\/div>\n\n\t\t\t\t\t<img decoding=\"async\" src=\"https:\/\/biotexfuture.info\/wp-content\/uploads\/2023\/06\/damir-omerovic-UMaGtammiSI-unsplash-scaled-e1687172255208.jpg\" alt=\"\">\n\n\t\t\t\t<\/div>\n\n\t\t\t<\/div>\n\n\t\t<\/div>\n\n\t<\/div>\n\n<\/section>\n\n\n<div style=\"height:80px\" aria-hidden=\"true\" class=\"wp-block-spacer\"><\/div>\n\n\n<section class=\"logowall\">\n\t\n\t<div class=\"container\">\n\n\t\t<div class=\"row\">\n\n\t\t\t<div class=\"col-lg-12\">\n\n\t\t\t\t<h3>Projektpartner<\/h3>\n\n\t\t\t<\/div>\n\n\t\t<\/div>\n\n\t\t<div class=\"row\">\n\n\t\t\t<div class=\"col-lg-12\">\n\n\t\t\t\t<ul class=\"logos\">\n\n\t\t\t\t\t\n\t\t\t\t\t\t\t<li><img decoding=\"async\" src=\"https:\/\/biotexfuture.info\/wp-content\/uploads\/2023\/04\/adidas_logo-04-e1687938871434.png\" alt=\"\"><\/li>\n\n\t\t\t\t\t\t\n\t\t\t\t\t\t\t<li><img decoding=\"async\" src=\"https:\/\/biotexfuture.info\/wp-content\/uploads\/2023\/04\/ITA-RWTH_logo.png\" alt=\"\"><\/li>\n\n\t\t\t\t\t\t\n\t\t\t\t\t\t\t<li><img decoding=\"async\" src=\"https:\/\/biotexfuture.info\/wp-content\/uploads\/2023\/06\/iamb.png\" alt=\"\"><\/li>\n\n\t\t\t\t\t\t\n\t\t\t\t\t\t\t<li><img decoding=\"async\" src=\"https:\/\/biotexfuture.info\/wp-content\/uploads\/2023\/06\/TUBerlin-Biotechnology.png\" alt=\"\"><\/li>\n\n\t\t\t\t\t\t\n\t\t\t\t\t\t\t<li><img decoding=\"async\" src=\"https:\/\/biotexfuture.info\/wp-content\/uploads\/2023\/06\/Logo_der_Technischen_Universitaet_Berlin.svg.png\" alt=\"\"><\/li>\n\n\t\t\t\t\t\t\n\t\t\t\t\t\t\t<li><img decoding=\"async\" src=\"\" alt=\"\"><\/li>\n\n\t\t\t\t\t\t\n\t\t\t\t\t\t\t<li><img decoding=\"async\" src=\"https:\/\/biotexfuture.info\/wp-content\/uploads\/2023\/06\/logo_lampertsmuehle.jpg\" alt=\"\"><\/li>\n\n\t\t\t\t\t\t\n\t\t\t\t\t\t\t<li><img decoding=\"async\" src=\"https:\/\/biotexfuture.info\/wp-content\/uploads\/2023\/06\/tvu_logo-1.jpg\" alt=\"\"><\/li>\n\n\t\t\t\t\t\t\n\t\t\t\t<\/ul>\n\n\t\t\t<\/div>\n\n\t\t<\/div>\n\n\t<\/div>\n\n<\/section>\n\n\n<div style=\"height:80px\" aria-hidden=\"true\" class=\"wp-block-spacer\"><\/div>\n\n\n\n<div style=\"height:0px\" aria-hidden=\"true\" class=\"wp-block-spacer\"><\/div>\n\n\n<section class=\"text\">\n\t\n\t<div class=\"container\">\n\n\t\t<div class=\"row\">\n\n\t\t\t<div class=\"col-lg-10\">\n\n\t\t\t\t<h3>GET IN TOUCH<\/h3>\n\n\t\t\t<\/div>\n\n\t\t<\/div>\n\n\t<\/div>\n\n<\/section>\n\n\n<div style=\"height:30px\" aria-hidden=\"true\" class=\"wp-block-spacer\"><\/div>\n\n\n<section class=\"team\">\n\n\t<div class=\"container\">\n\n\t\t<div class=\"row\">\n\n\t\t\t\n\t\t\t\t\t<div class=\"col-lg-6 col-md-12 teammember_single\">\n\n\t\t\t\t\t\t<div class=\"teammember_inner\">\n\n\t\t\t\t\t\t\t<div class=\"row p-0 align-items-end\">\n\n\t\t\t\t\t\t\t\t<div class=\"col-md-5 teammember_image\">\n\n\t\t\t\t\t\t\t\t\t<img decoding=\"async\" src=\"https:\/\/biotexfuture.info\/wp-content\/uploads\/2023\/06\/klein-BW-DSC_1569-Enhanced-NR-Simon-Kammler.png\" alt=\"\">\n\n\t\t\t\t\t\t\t\t<\/div>\n\n\t\t\t\t\t\t\t\t<div class=\"col-md-7 teammember_info\">\n\n\t\t\t\t\t\t\t\t\t<strong>M.Sc. Simon Kammler<\/strong>\n\n\t\t\t\t\t\t\t\t\t<span>Projektleitung<\/span>\n\n\t\t\t\t\t\t\t\t\t<span><a href=\"mailto:simon.kammler@ita.rwth-aachen.de\">simon.kammler@ita.rwth-aachen.de<\/a><\/span>\n\n\t\t\t\t\t\t\t\t<\/div>\n\n\t\t\t\t\t\t\t<\/div>\n\n\t\t\t\t\t\t<\/div>\n\n\t\t\t\t\t<\/div>\n\n\t\t\t\t\n\t\t\t\t\t<div class=\"col-lg-6 col-md-12 teammember_single\">\n\n\t\t\t\t\t\t<div class=\"teammember_inner\">\n\n\t\t\t\t\t\t\t<div class=\"row p-0 align-items-end\">\n\n\t\t\t\t\t\t\t\t<div class=\"col-md-5 teammember_image\">\n\n\t\t\t\t\t\t\t\t\t<img decoding=\"async\" src=\"https:\/\/biotexfuture.info\/wp-content\/uploads\/2024\/10\/Fungal-Fibers_Hamideh-Mirbaha-SW-e1728057132785.png\" alt=\"\">\n\n\t\t\t\t\t\t\t\t<\/div>\n\n\t\t\t\t\t\t\t\t<div class=\"col-md-7 teammember_info\">\n\n\t\t\t\t\t\t\t\t\t<strong>Hamideh Mirbaha<\/strong>\n\n\t\t\t\t\t\t\t\t\t<span>Stellvetretende Projektleitung<\/span>\n\n\t\t\t\t\t\t\t\t\t<span><a href=\"mailto:Hamideh.Mirbaha@adidas.de\">Hamideh.Mirbaha@adidas.de<\/a><\/span>\n\n\t\t\t\t\t\t\t\t<\/div>\n\n\t\t\t\t\t\t\t<\/div>\n\n\t\t\t\t\t\t<\/div>\n\n\t\t\t\t\t<\/div>\n\n\t\t\t\t\n\t\t<\/div>\n\n\t<\/div>\n\n<\/section>\n\n\n<div style=\"height:60px\" aria-hidden=\"true\" class=\"wp-block-spacer\"><\/div>\n\n\n<section class=\"ctabutton\">\n\t\n\t<div class=\"container\">\n\n\t\t<div class=\"row\">\n\n\t\t\t<div class=\"col-lg-12\">\n\n\t\t\t\t<strong>Sie m\u00f6chten sich auch f\u00fcr ein Projekt bewerben?<\/strong>\n\n\t\t\t\t<a href=\"#\">Kontaktiere uns<\/a>\n\n\t\t\t<\/div>\n\n\t\t<\/div>\n\n\t<\/div>\n\n<\/section>","protected":false},"excerpt":{"rendered":"","protected":false},"author":1,"featured_media":0,"parent":1478,"menu_order":0,"comment_status":"closed","ping_status":"closed","template":"","meta":{"footnotes":""},"class_list":["post-1451","page","type-page","status-publish","hentry"],"acf":[],"yoast_head":"<!-- This site is optimized with the Yoast SEO plugin v23.7 - https:\/\/yoast.com\/wordpress\/plugins\/seo\/ -->\n<title>FungalFibers - Biotexfuture<\/title>\n<meta name=\"robots\" content=\"index, follow, max-snippet:-1, max-image-preview:large, max-video-preview:-1\" \/>\n<link rel=\"canonical\" href=\"https:\/\/biotexfuture.info\/de\/projects\/fungalfibers\/\" \/>\n<meta property=\"og:locale\" content=\"de_DE\" \/>\n<meta property=\"og:type\" content=\"article\" \/>\n<meta property=\"og:title\" content=\"FungalFibers - Biotexfuture\" \/>\n<meta property=\"og:url\" content=\"https:\/\/biotexfuture.info\/de\/projects\/fungalfibers\/\" \/>\n<meta property=\"og:site_name\" content=\"Biotexfuture\" \/>\n<meta property=\"article:modified_time\" content=\"2025-07-07T11:56:48+00:00\" \/>\n<meta name=\"twitter:card\" content=\"summary_large_image\" \/>\n<script type=\"application\/ld+json\" class=\"yoast-schema-graph\">{\"@context\":\"https:\/\/schema.org\",\"@graph\":[{\"@type\":\"WebPage\",\"@id\":\"https:\/\/biotexfuture.info\/de\/projects\/fungalfibers\/\",\"url\":\"https:\/\/biotexfuture.info\/de\/projects\/fungalfibers\/\",\"name\":\"FungalFibers - Biotexfuture\",\"isPartOf\":{\"@id\":\"https:\/\/biotexfuture.info\/#website\"},\"datePublished\":\"2023-06-19T11:16:21+00:00\",\"dateModified\":\"2025-07-07T11:56:48+00:00\",\"breadcrumb\":{\"@id\":\"https:\/\/biotexfuture.info\/de\/projects\/fungalfibers\/#breadcrumb\"},\"inLanguage\":\"de\",\"potentialAction\":[{\"@type\":\"ReadAction\",\"target\":[\"https:\/\/biotexfuture.info\/de\/projects\/fungalfibers\/\"]}]},{\"@type\":\"BreadcrumbList\",\"@id\":\"https:\/\/biotexfuture.info\/de\/projects\/fungalfibers\/#breadcrumb\",\"itemListElement\":[{\"@type\":\"ListItem\",\"position\":1,\"name\":\"Home\",\"item\":\"https:\/\/biotexfuture.info\/de\/\"},{\"@type\":\"ListItem\",\"position\":2,\"name\":\"Projekte\",\"item\":\"https:\/\/biotexfuture.info\/de\/projects\/\"},{\"@type\":\"ListItem\",\"position\":3,\"name\":\"FungalFibers\"}]},{\"@type\":\"WebSite\",\"@id\":\"https:\/\/biotexfuture.info\/#website\",\"url\":\"https:\/\/biotexfuture.info\/\",\"name\":\"Biotexfuture\",\"description\":\"Gef\u00f6rderter Innovationsraum zur biobasierten Textilforschung\",\"publisher\":{\"@id\":\"https:\/\/biotexfuture.info\/#organization\"},\"potentialAction\":[{\"@type\":\"SearchAction\",\"target\":{\"@type\":\"EntryPoint\",\"urlTemplate\":\"https:\/\/biotexfuture.info\/?s={search_term_string}\"},\"query-input\":{\"@type\":\"PropertyValueSpecification\",\"valueRequired\":true,\"valueName\":\"search_term_string\"}}],\"inLanguage\":\"de\"},{\"@type\":\"Organization\",\"@id\":\"https:\/\/biotexfuture.info\/#organization\",\"name\":\"Biotexfuture\",\"url\":\"https:\/\/biotexfuture.info\/\",\"logo\":{\"@type\":\"ImageObject\",\"inLanguage\":\"de\",\"@id\":\"https:\/\/biotexfuture.info\/#\/schema\/logo\/image\/\",\"url\":\"https:\/\/biotexfuture.info\/wp-content\/uploads\/2023\/04\/BTF-Logo-1@3x.png\",\"contentUrl\":\"https:\/\/biotexfuture.info\/wp-content\/uploads\/2023\/04\/BTF-Logo-1@3x.png\",\"width\":369,\"height\":72,\"caption\":\"Biotexfuture\"},\"image\":{\"@id\":\"https:\/\/biotexfuture.info\/#\/schema\/logo\/image\/\"},\"sameAs\":[\"https:\/\/www.linkedin.com\/groups\/8986450\/\"]}]}<\/script>\n<!-- \/ Yoast SEO plugin. -->","yoast_head_json":{"title":"FungalFibers - Biotexfuture","robots":{"index":"index","follow":"follow","max-snippet":"max-snippet:-1","max-image-preview":"max-image-preview:large","max-video-preview":"max-video-preview:-1"},"canonical":"https:\/\/biotexfuture.info\/de\/projects\/fungalfibers\/","og_locale":"de_DE","og_type":"article","og_title":"FungalFibers - Biotexfuture","og_url":"https:\/\/biotexfuture.info\/de\/projects\/fungalfibers\/","og_site_name":"Biotexfuture","article_modified_time":"2025-07-07T11:56:48+00:00","twitter_card":"summary_large_image","schema":{"@context":"https:\/\/schema.org","@graph":[{"@type":"WebPage","@id":"https:\/\/biotexfuture.info\/de\/projects\/fungalfibers\/","url":"https:\/\/biotexfuture.info\/de\/projects\/fungalfibers\/","name":"FungalFibers - Biotexfuture","isPartOf":{"@id":"https:\/\/biotexfuture.info\/#website"},"datePublished":"2023-06-19T11:16:21+00:00","dateModified":"2025-07-07T11:56:48+00:00","breadcrumb":{"@id":"https:\/\/biotexfuture.info\/de\/projects\/fungalfibers\/#breadcrumb"},"inLanguage":"de","potentialAction":[{"@type":"ReadAction","target":["https:\/\/biotexfuture.info\/de\/projects\/fungalfibers\/"]}]},{"@type":"BreadcrumbList","@id":"https:\/\/biotexfuture.info\/de\/projects\/fungalfibers\/#breadcrumb","itemListElement":[{"@type":"ListItem","position":1,"name":"Home","item":"https:\/\/biotexfuture.info\/de\/"},{"@type":"ListItem","position":2,"name":"Projekte","item":"https:\/\/biotexfuture.info\/de\/projects\/"},{"@type":"ListItem","position":3,"name":"FungalFibers"}]},{"@type":"WebSite","@id":"https:\/\/biotexfuture.info\/#website","url":"https:\/\/biotexfuture.info\/","name":"Biotexfuture","description":"Gef\u00f6rderter Innovationsraum zur biobasierten Textilforschung","publisher":{"@id":"https:\/\/biotexfuture.info\/#organization"},"potentialAction":[{"@type":"SearchAction","target":{"@type":"EntryPoint","urlTemplate":"https:\/\/biotexfuture.info\/?s={search_term_string}"},"query-input":{"@type":"PropertyValueSpecification","valueRequired":true,"valueName":"search_term_string"}}],"inLanguage":"de"},{"@type":"Organization","@id":"https:\/\/biotexfuture.info\/#organization","name":"Biotexfuture","url":"https:\/\/biotexfuture.info\/","logo":{"@type":"ImageObject","inLanguage":"de","@id":"https:\/\/biotexfuture.info\/#\/schema\/logo\/image\/","url":"https:\/\/biotexfuture.info\/wp-content\/uploads\/2023\/04\/BTF-Logo-1@3x.png","contentUrl":"https:\/\/biotexfuture.info\/wp-content\/uploads\/2023\/04\/BTF-Logo-1@3x.png","width":369,"height":72,"caption":"Biotexfuture"},"image":{"@id":"https:\/\/biotexfuture.info\/#\/schema\/logo\/image\/"},"sameAs":["https:\/\/www.linkedin.com\/groups\/8986450\/"]}]}},"_links":{"self":[{"href":"https:\/\/biotexfuture.info\/de\/wp-json\/wp\/v2\/pages\/1451","targetHints":{"allow":["GET"]}}],"collection":[{"href":"https:\/\/biotexfuture.info\/de\/wp-json\/wp\/v2\/pages"}],"about":[{"href":"https:\/\/biotexfuture.info\/de\/wp-json\/wp\/v2\/types\/page"}],"author":[{"embeddable":true,"href":"https:\/\/biotexfuture.info\/de\/wp-json\/wp\/v2\/users\/1"}],"replies":[{"embeddable":true,"href":"https:\/\/biotexfuture.info\/de\/wp-json\/wp\/v2\/comments?post=1451"}],"version-history":[{"count":8,"href":"https:\/\/biotexfuture.info\/de\/wp-json\/wp\/v2\/pages\/1451\/revisions"}],"predecessor-version":[{"id":6293,"href":"https:\/\/biotexfuture.info\/de\/wp-json\/wp\/v2\/pages\/1451\/revisions\/6293"}],"up":[{"embeddable":true,"href":"https:\/\/biotexfuture.info\/de\/wp-json\/wp\/v2\/pages\/1478"}],"wp:attachment":[{"href":"https:\/\/biotexfuture.info\/de\/wp-json\/wp\/v2\/media?parent=1451"}],"curies":[{"name":"wp","href":"https:\/\/api.w.org\/{rel}","templated":true}]}}