{"id":1458,"date":"2023-04-27T08:48:56","date_gmt":"2023-04-27T06:48:56","guid":{"rendered":"https:\/\/biotexfuture.info\/transitionlab1\/"},"modified":"2025-04-01T14:06:52","modified_gmt":"2025-04-01T12:06:52","slug":"transitionlab1","status":"publish","type":"page","link":"https:\/\/biotexfuture.info\/de\/projects\/transitionlab1\/","title":{"rendered":"Transitionlab"},"content":{"rendered":"\n<div style=\"height:50px\" aria-hidden=\"true\" class=\"wp-block-spacer\"><\/div>\n\n\n<section class=\"text\">\n\t\n\t<div class=\"container\">\n\n\t\t<div class=\"row\">\n\n\t\t\t<div class=\"col-lg-10\">\n\n\t\t\t\t<h2>Transitionlab<\/h2>\n<p>Erfolgsfaktoren und ELSI-Aspekte von Biotextil-Innovationen f\u00fcr einen gesellschaftlichen \u00dcbergang zur Bio\u00f6konomie.<\/p>\n\n\t\t\t<\/div>\n\n\t\t<\/div>\n\n\t<\/div>\n\n<\/section>\n\n<section class=\"image\">\n\t\n\t<div class=\"container\">\n\n\t\t<div class=\"row\">\n\n\t\t\t<div class=\"col-lg-12\">\n\n\t\t\t\t<img decoding=\"async\" src=\"https:\/\/biotexfuture.info\/wp-content\/uploads\/2023\/04\/transitionlab1-bild-01.webp\" alt=\"\">\n\n\t\t\t<\/div>\n\n\t\t<\/div>\n\n\t<\/div>\n\n<\/section>\n\n\n<div style=\"height:60px\" aria-hidden=\"true\" class=\"wp-block-spacer\"><\/div>\n\n\n<section class=\"columntext\">\n\t\n\t<div class=\"container\">\n\n\t\t<div class=\"row\">\n\n\t\t\t<div class=\"col-lg-6 textcolumn\">\n\n\t\t\t\t<div class=\"textcolumn_inner h-100\">\n\n\t\t\t\t\t<h2>Motivation<\/h2>\n<p>Der \u00dcbergang der gesamten Gesellschaft zu einer biobasierten Wirtschaft geht mit grundlegenden Ver\u00e4nderungen im technischen, wirtschaftlichen und sozialen Umfeld einher und erfordert daher einen breiten Konsens von Wissenschaft, Wirtschaft, Gesellschaft und Politik. Hier setzt das Konzept des Begleitforschungsprojekts im Innovationsraum BIOTEXFUTURE an, indem es auf mehreren Forschungsebenen (soziologisch, wirtschaftsgeographisch, rechtlich und betriebswirtschaftlich) die Entwicklung, Produktion und kreislauff\u00e4hige Nutzung von biobasierten Textilien sowie den gesamtgesellschaftlichen Transformationsprozess hin zu einer funktionierenden Bio\u00f6konomie und deren Erfolgsfaktoren untersucht.<\/p>\n\n\t\t\t\t<\/div>\n\n\t\t\t<\/div>\n\n\t\t\t<div class=\"col-lg-6 textcolumn h-100\">\n\n\t\t\t\t<div class=\"textcolumn_inner\">\n\n\t\t\t\t\t<h2>Ziel<\/h2>\n<p>Konkret zielt TransitionLab auf die Erforschung, Gestaltung und F\u00f6rderung von Innovation und Wissenstransfer, Innovationskultur, optimierten Rahmenbedingungen und Aspekten der Technologieakzeptanz und -nutzbarkeit f\u00fcr eine gesamtgesellschaftliche, bio\u00f6konomische Transformation aus Sicht der beteiligten Disziplinen unter Ber\u00fccksichtigung ethischer, sozialer und rechtlicher Aspekte (ELSI).<\/p>\n\n\t\t\t\t<\/div>\n\n\t\t\t<\/div>\n\n\t\t<\/div>\n\n\t<\/div>\n\n<\/section>\n\n\n<div style=\"height:60px\" aria-hidden=\"true\" class=\"wp-block-spacer\"><\/div>\n\n\n<section class=\"text\">\n\t\n\t<div class=\"container\">\n\n\t\t<div class=\"row\">\n\n\t\t\t<div class=\"col-lg-10\">\n\n\t\t\t\t<h3 class=\"font_5 wixui-rich-text__text\">TRANSITIONLAB VISUALISIERT<\/h3>\n\n\t\t\t<\/div>\n\n\t\t<\/div>\n\n\t<\/div>\n\n<\/section>\n\n\n<div style=\"height:30px\" aria-hidden=\"true\" class=\"wp-block-spacer\"><\/div>\n\n\n<section class=\"image\">\n\t\n\t<div class=\"container\">\n\n\t\t<div class=\"row\">\n\n\t\t\t<div class=\"col-lg-12\">\n\n\t\t\t\t<img decoding=\"async\" src=\"https:\/\/biotexfuture.info\/wp-content\/uploads\/2023\/06\/transitionlab1-Project-Icons-ENG.png\" alt=\"\">\n\n\t\t\t<\/div>\n\n\t\t<\/div>\n\n\t<\/div>\n\n<\/section>\n\n\n<div style=\"height:60px\" aria-hidden=\"true\" class=\"wp-block-spacer\"><\/div>\n\n\n\n<section class=\"entry\">\n\t\n\t<div class=\"container\">\n\n\t\t<div class=\"row\">\n\n\t\t\t<div class=\"col-lg-12\">\n\n\t\t\t\t<div class=\"entry_inner text-bottom_right\">\n\n\t\t\t\t\t<div class=\"entry_text bottom_right\">\n\n\t\t\t\t\t\t<div id=\"comp-krno9o89\" class=\"MazNVa comp-krno9o89 wixui-image\"><\/div>\n<div id=\"comp-krft8ep61\" class=\"KcpHeO tz5f0K comp-krft8ep61 wixui-rich-text\" data-testid=\"richTextElement\">\n<h2 class=\"font_8 wixui-rich-text__text\"><span class=\"wixui-rich-text__text\">Forschungsansatz<\/span><\/h2>\n<p class=\"font_8 wixui-rich-text__text\">Die Begleitforschung von BIOTEXFUTURE hat das Ziel, aus den Perspektiven der Soziologie, Wirtschaftsgeographie, Rechtswissenschaft, Betriebswirtschaft und Unternehmen.<\/p>\n<p class=\"font_8 wixui-rich-text__text\">Das TransitionLab hat das Ziel, ethische, soziale und rechtliche Aspekte (ELSI), Innovation und Wissenstransfer (TP 1,2,3,5), Innovationskultur (TP 2,3), optimierte Rahmenbedingungen (TP 3,4,5) und Aspekte der Technologieakzeptanz und Nutzbarkeit (TP 2) f\u00fcr einen gesamtgesellschaftlichen, bio\u00f6konomischen Wandel zu untersuchen. Der spezifische unternehmerische Ansatz f\u00fcr Konsumentenverhalten und markenorientierte Social Media Kommunikation wird von der adidas AG (SP6) eingebracht. Zu diesem Zweck werden diese Ergebnisse in die Gestaltung des Innovationsraums integriert und zu dessen Vertiefung und Erweiterung genutzt (TP 7).<\/p>\n<p class=\"font_8 wixui-rich-text__text\">Dazu werden im TransitionLab und den anderen Projektnetzwerken des Innovationsraums (TP 7) die notwendigen Kommunikations- und Koordinationsstrukturen f\u00fcr den interdisziplin\u00e4ren Austausch aufgebaut.<\/p>\n<\/div>\n\n\t\t\t\t\t\t\t\t\t\t\t\t\n\t\t\t\t\t<\/div>\n\n\t\t\t\t\t<img decoding=\"async\" src=\"https:\/\/biotexfuture.info\/wp-content\/uploads\/2023\/04\/transitionlab1-bild-02-e1728467390599.webp\" alt=\"\">\n\n\t\t\t\t<\/div>\n\n\t\t\t<\/div>\n\n\t\t<\/div>\n\n\t<\/div>\n\n<\/section>\n\n\n<div style=\"height:80px\" aria-hidden=\"true\" class=\"wp-block-spacer\"><\/div>\n\n\n<section class=\"logowall\">\n\t\n\t<div class=\"container\">\n\n\t\t<div class=\"row\">\n\n\t\t\t<div class=\"col-lg-12\">\n\n\t\t\t\t<h3>Projektpartner<\/h3>\n\n\t\t\t<\/div>\n\n\t\t<\/div>\n\n\t\t<div class=\"row\">\n\n\t\t\t<div class=\"col-lg-12\">\n\n\t\t\t\t<ul class=\"logos\">\n\n\t\t\t\t\t\n\t\t\t\t\t\t\t<li><img decoding=\"async\" src=\"https:\/\/biotexfuture.info\/wp-content\/uploads\/2023\/04\/adidas_logo-04-e1687938871434.png\" alt=\"\"><\/li>\n\n\t\t\t\t\t\t\n\t\t\t\t\t\t\t<li><img decoding=\"async\" src=\"https:\/\/biotexfuture.info\/wp-content\/uploads\/2023\/04\/ITA-RWTH_logo.png\" alt=\"\"><\/li>\n\n\t\t\t\t\t\t\n\t\t\t\t\t\t\t<li><img decoding=\"async\" src=\"https:\/\/biotexfuture.info\/wp-content\/uploads\/2023\/04\/uni-bayreuth_logo.png\" alt=\"\"><\/li>\n\n\t\t\t\t\t\t\n\t\t\t\t\t\t\t<li><img decoding=\"async\" src=\"https:\/\/biotexfuture.info\/wp-content\/uploads\/2023\/04\/uni-heidelberg_logo.png\" alt=\"\"><\/li>\n\n\t\t\t\t\t\t\n\t\t\t\t\t\t\t<li><img decoding=\"async\" src=\"https:\/\/biotexfuture.info\/wp-content\/uploads\/2023\/04\/uni-siegen_logo.png\" alt=\"\"><\/li>\n\n\t\t\t\t\t\t\n\t\t\t\t<\/ul>\n\n\t\t\t<\/div>\n\n\t\t<\/div>\n\n\t<\/div>\n\n<\/section>\n\n\n<div style=\"height:80px\" aria-hidden=\"true\" class=\"wp-block-spacer\"><\/div>\n\n\n\n<div style=\"height:0px\" aria-hidden=\"true\" class=\"wp-block-spacer\"><\/div>\n\n\n<section class=\"text\">\n\t\n\t<div class=\"container\">\n\n\t\t<div class=\"row\">\n\n\t\t\t<div class=\"col-lg-10\">\n\n\t\t\t\t<h3>GET IN TOUCH<\/h3>\n\n\t\t\t<\/div>\n\n\t\t<\/div>\n\n\t<\/div>\n\n<\/section>\n\n\n<div style=\"height:30px\" aria-hidden=\"true\" class=\"wp-block-spacer\"><\/div>\n\n\n<section class=\"team\">\n\n\t<div class=\"container\">\n\n\t\t<div class=\"row\">\n\n\t\t\t\n\t\t\t\t\t<div class=\"col-lg-6 col-md-12 teammember_single\">\n\n\t\t\t\t\t\t<div class=\"teammember_inner\">\n\n\t\t\t\t\t\t\t<div class=\"row p-0 align-items-end\">\n\n\t\t\t\t\t\t\t\t<div class=\"col-md-5 teammember_image\">\n\n\t\t\t\t\t\t\t\t\t<img decoding=\"async\" src=\"https:\/\/biotexfuture.info\/wp-content\/uploads\/2023\/04\/transitionlab1-kontakt-01.webp\" alt=\"\">\n\n\t\t\t\t\t\t\t\t<\/div>\n\n\t\t\t\t\t\t\t\t<div class=\"col-md-7 teammember_info\">\n\n\t\t\t\t\t\t\t\t\t<strong>Dr. Marco Schmitt<\/strong>\n\n\t\t\t\t\t\t\t\t\t<span>Projektleitung<\/span>\n\n\t\t\t\t\t\t\t\t\t<span><a href=\"mailto:mschmitt@soziologie.rwth-aachen.de\">mschmitt@soziologie.rwth-aachen.de<\/a><\/span>\n\n\t\t\t\t\t\t\t\t<\/div>\n\n\t\t\t\t\t\t\t<\/div>\n\n\t\t\t\t\t\t<\/div>\n\n\t\t\t\t\t<\/div>\n\n\t\t\t\t\n\t\t\t\t\t<div class=\"col-lg-6 col-md-12 teammember_single\">\n\n\t\t\t\t\t\t<div class=\"teammember_inner\">\n\n\t\t\t\t\t\t\t<div class=\"row p-0 align-items-end\">\n\n\t\t\t\t\t\t\t\t<div class=\"col-md-5 teammember_image\">\n\n\t\t\t\t\t\t\t\t\t<img decoding=\"async\" src=\"https:\/\/biotexfuture.info\/wp-content\/uploads\/2024\/10\/N.Diefenbach-e1728985660364.jpg\" alt=\"\">\n\n\t\t\t\t\t\t\t\t<\/div>\n\n\t\t\t\t\t\t\t\t<div class=\"col-md-7 teammember_info\">\n\n\t\t\t\t\t\t\t\t\t<strong>Nadine Diefenbach<\/strong>\n\n\t\t\t\t\t\t\t\t\t<span>Stellvertretende Projektleitung<\/span>\n\n\t\t\t\t\t\t\t\t\t<span><a href=\"mailto:ndiefenbach@soziologie.rwth-aachen.de\">ndiefenbach@soziologie.rwth-aachen.de<\/a><\/span>\n\n\t\t\t\t\t\t\t\t<\/div>\n\n\t\t\t\t\t\t\t<\/div>\n\n\t\t\t\t\t\t<\/div>\n\n\t\t\t\t\t<\/div>\n\n\t\t\t\t\n\t\t<\/div>\n\n\t<\/div>\n\n<\/section>\n\n\n<div style=\"height:60px\" aria-hidden=\"true\" class=\"wp-block-spacer\"><\/div>\n\n\n<section class=\"ctabutton\">\n\t\n\t<div class=\"container\">\n\n\t\t<div class=\"row\">\n\n\t\t\t<div class=\"col-lg-12\">\n\n\t\t\t\t<strong>Sie m\u00f6chten sich auch f\u00fcr ein Projekt bewerben?<\/strong>\n\n\t\t\t\t<a href=\"mailto:kontakt@biotexfuture.info\">Kontaktiere uns<\/a>\n\n\t\t\t<\/div>\n\n\t\t<\/div>\n\n\t<\/div>\n\n<\/section>","protected":false},"excerpt":{"rendered":"","protected":false},"author":1,"featured_media":0,"parent":1478,"menu_order":0,"comment_status":"closed","ping_status":"closed","template":"","meta":{"footnotes":""},"class_list":["post-1458","page","type-page","status-publish","hentry"],"acf":[],"yoast_head":"<!-- This site is optimized with the Yoast SEO plugin v23.7 - https:\/\/yoast.com\/wordpress\/plugins\/seo\/ -->\n<title>Transitionlab - Biotexfuture<\/title>\n<meta name=\"robots\" content=\"index, follow, max-snippet:-1, max-image-preview:large, max-video-preview:-1\" \/>\n<link rel=\"canonical\" href=\"https:\/\/biotexfuture.info\/de\/projects\/transitionlab1\/\" \/>\n<meta property=\"og:locale\" content=\"de_DE\" \/>\n<meta property=\"og:type\" content=\"article\" \/>\n<meta property=\"og:title\" content=\"Transitionlab - Biotexfuture\" \/>\n<meta property=\"og:url\" content=\"https:\/\/biotexfuture.info\/de\/projects\/transitionlab1\/\" \/>\n<meta property=\"og:site_name\" content=\"Biotexfuture\" \/>\n<meta property=\"article:modified_time\" content=\"2025-04-01T12:06:52+00:00\" \/>\n<meta name=\"twitter:card\" content=\"summary_large_image\" \/>\n<script type=\"application\/ld+json\" class=\"yoast-schema-graph\">{\"@context\":\"https:\/\/schema.org\",\"@graph\":[{\"@type\":\"WebPage\",\"@id\":\"https:\/\/biotexfuture.info\/de\/projects\/transitionlab1\/\",\"url\":\"https:\/\/biotexfuture.info\/de\/projects\/transitionlab1\/\",\"name\":\"Transitionlab - Biotexfuture\",\"isPartOf\":{\"@id\":\"https:\/\/biotexfuture.info\/#website\"},\"datePublished\":\"2023-04-27T06:48:56+00:00\",\"dateModified\":\"2025-04-01T12:06:52+00:00\",\"breadcrumb\":{\"@id\":\"https:\/\/biotexfuture.info\/de\/projects\/transitionlab1\/#breadcrumb\"},\"inLanguage\":\"de\",\"potentialAction\":[{\"@type\":\"ReadAction\",\"target\":[\"https:\/\/biotexfuture.info\/de\/projects\/transitionlab1\/\"]}]},{\"@type\":\"BreadcrumbList\",\"@id\":\"https:\/\/biotexfuture.info\/de\/projects\/transitionlab1\/#breadcrumb\",\"itemListElement\":[{\"@type\":\"ListItem\",\"position\":1,\"name\":\"Home\",\"item\":\"https:\/\/biotexfuture.info\/de\/\"},{\"@type\":\"ListItem\",\"position\":2,\"name\":\"Projekte\",\"item\":\"https:\/\/biotexfuture.info\/de\/projects\/\"},{\"@type\":\"ListItem\",\"position\":3,\"name\":\"Transitionlab\"}]},{\"@type\":\"WebSite\",\"@id\":\"https:\/\/biotexfuture.info\/#website\",\"url\":\"https:\/\/biotexfuture.info\/\",\"name\":\"Biotexfuture\",\"description\":\"Gef\u00f6rderter Innovationsraum zur biobasierten Textilforschung\",\"publisher\":{\"@id\":\"https:\/\/biotexfuture.info\/#organization\"},\"potentialAction\":[{\"@type\":\"SearchAction\",\"target\":{\"@type\":\"EntryPoint\",\"urlTemplate\":\"https:\/\/biotexfuture.info\/?s={search_term_string}\"},\"query-input\":{\"@type\":\"PropertyValueSpecification\",\"valueRequired\":true,\"valueName\":\"search_term_string\"}}],\"inLanguage\":\"de\"},{\"@type\":\"Organization\",\"@id\":\"https:\/\/biotexfuture.info\/#organization\",\"name\":\"Biotexfuture\",\"url\":\"https:\/\/biotexfuture.info\/\",\"logo\":{\"@type\":\"ImageObject\",\"inLanguage\":\"de\",\"@id\":\"https:\/\/biotexfuture.info\/#\/schema\/logo\/image\/\",\"url\":\"https:\/\/biotexfuture.info\/wp-content\/uploads\/2023\/04\/BTF-Logo-1@3x.png\",\"contentUrl\":\"https:\/\/biotexfuture.info\/wp-content\/uploads\/2023\/04\/BTF-Logo-1@3x.png\",\"width\":369,\"height\":72,\"caption\":\"Biotexfuture\"},\"image\":{\"@id\":\"https:\/\/biotexfuture.info\/#\/schema\/logo\/image\/\"},\"sameAs\":[\"https:\/\/www.linkedin.com\/groups\/8986450\/\"]}]}<\/script>\n<!-- \/ Yoast SEO plugin. -->","yoast_head_json":{"title":"Transitionlab - Biotexfuture","robots":{"index":"index","follow":"follow","max-snippet":"max-snippet:-1","max-image-preview":"max-image-preview:large","max-video-preview":"max-video-preview:-1"},"canonical":"https:\/\/biotexfuture.info\/de\/projects\/transitionlab1\/","og_locale":"de_DE","og_type":"article","og_title":"Transitionlab - Biotexfuture","og_url":"https:\/\/biotexfuture.info\/de\/projects\/transitionlab1\/","og_site_name":"Biotexfuture","article_modified_time":"2025-04-01T12:06:52+00:00","twitter_card":"summary_large_image","schema":{"@context":"https:\/\/schema.org","@graph":[{"@type":"WebPage","@id":"https:\/\/biotexfuture.info\/de\/projects\/transitionlab1\/","url":"https:\/\/biotexfuture.info\/de\/projects\/transitionlab1\/","name":"Transitionlab - Biotexfuture","isPartOf":{"@id":"https:\/\/biotexfuture.info\/#website"},"datePublished":"2023-04-27T06:48:56+00:00","dateModified":"2025-04-01T12:06:52+00:00","breadcrumb":{"@id":"https:\/\/biotexfuture.info\/de\/projects\/transitionlab1\/#breadcrumb"},"inLanguage":"de","potentialAction":[{"@type":"ReadAction","target":["https:\/\/biotexfuture.info\/de\/projects\/transitionlab1\/"]}]},{"@type":"BreadcrumbList","@id":"https:\/\/biotexfuture.info\/de\/projects\/transitionlab1\/#breadcrumb","itemListElement":[{"@type":"ListItem","position":1,"name":"Home","item":"https:\/\/biotexfuture.info\/de\/"},{"@type":"ListItem","position":2,"name":"Projekte","item":"https:\/\/biotexfuture.info\/de\/projects\/"},{"@type":"ListItem","position":3,"name":"Transitionlab"}]},{"@type":"WebSite","@id":"https:\/\/biotexfuture.info\/#website","url":"https:\/\/biotexfuture.info\/","name":"Biotexfuture","description":"Gef\u00f6rderter Innovationsraum zur biobasierten Textilforschung","publisher":{"@id":"https:\/\/biotexfuture.info\/#organization"},"potentialAction":[{"@type":"SearchAction","target":{"@type":"EntryPoint","urlTemplate":"https:\/\/biotexfuture.info\/?s={search_term_string}"},"query-input":{"@type":"PropertyValueSpecification","valueRequired":true,"valueName":"search_term_string"}}],"inLanguage":"de"},{"@type":"Organization","@id":"https:\/\/biotexfuture.info\/#organization","name":"Biotexfuture","url":"https:\/\/biotexfuture.info\/","logo":{"@type":"ImageObject","inLanguage":"de","@id":"https:\/\/biotexfuture.info\/#\/schema\/logo\/image\/","url":"https:\/\/biotexfuture.info\/wp-content\/uploads\/2023\/04\/BTF-Logo-1@3x.png","contentUrl":"https:\/\/biotexfuture.info\/wp-content\/uploads\/2023\/04\/BTF-Logo-1@3x.png","width":369,"height":72,"caption":"Biotexfuture"},"image":{"@id":"https:\/\/biotexfuture.info\/#\/schema\/logo\/image\/"},"sameAs":["https:\/\/www.linkedin.com\/groups\/8986450\/"]}]}},"_links":{"self":[{"href":"https:\/\/biotexfuture.info\/de\/wp-json\/wp\/v2\/pages\/1458","targetHints":{"allow":["GET"]}}],"collection":[{"href":"https:\/\/biotexfuture.info\/de\/wp-json\/wp\/v2\/pages"}],"about":[{"href":"https:\/\/biotexfuture.info\/de\/wp-json\/wp\/v2\/types\/page"}],"author":[{"embeddable":true,"href":"https:\/\/biotexfuture.info\/de\/wp-json\/wp\/v2\/users\/1"}],"replies":[{"embeddable":true,"href":"https:\/\/biotexfuture.info\/de\/wp-json\/wp\/v2\/comments?post=1458"}],"version-history":[{"count":10,"href":"https:\/\/biotexfuture.info\/de\/wp-json\/wp\/v2\/pages\/1458\/revisions"}],"predecessor-version":[{"id":5650,"href":"https:\/\/biotexfuture.info\/de\/wp-json\/wp\/v2\/pages\/1458\/revisions\/5650"}],"up":[{"embeddable":true,"href":"https:\/\/biotexfuture.info\/de\/wp-json\/wp\/v2\/pages\/1478"}],"wp:attachment":[{"href":"https:\/\/biotexfuture.info\/de\/wp-json\/wp\/v2\/media?parent=1458"}],"curies":[{"name":"wp","href":"https:\/\/api.w.org\/{rel}","templated":true}]}}