{"id":1463,"date":"2023-04-26T11:42:17","date_gmt":"2023-04-26T09:42:17","guid":{"rendered":"https:\/\/biotexfuture.info\/bioturf\/"},"modified":"2025-06-03T13:47:16","modified_gmt":"2025-06-03T11:47:16","slug":"bioturf","status":"publish","type":"page","link":"https:\/\/biotexfuture.info\/de\/projects\/bioturf\/","title":{"rendered":"Bioturf"},"content":{"rendered":"\n<div style=\"height:50px\" aria-hidden=\"true\" class=\"wp-block-spacer\"><\/div>\n\n\n<section class=\"text\">\n\t\n\t<div class=\"container\">\n\n\t\t<div class=\"row\">\n\n\t\t\t<div class=\"col-lg-10\">\n\n\t\t\t\t<h2>BioTurf<\/h2>\n<p>Entwicklung einer Kunstrasenstruktur aus Bio-Polyethylen (PE), das sich in wesentlichen Eigenschaften chemisch nicht vom erd\u00f6lbasierten PE unterscheidet.<\/p>\n\n\t\t\t<\/div>\n\n\t\t<\/div>\n\n\t<\/div>\n\n<\/section>\n\n<section class=\"image\">\n\t\n\t<div class=\"container\">\n\n\t\t<div class=\"row\">\n\n\t\t\t<div class=\"col-lg-12\">\n\n\t\t\t\t<img decoding=\"async\" src=\"https:\/\/biotexfuture.info\/wp-content\/uploads\/2023\/04\/bioturf-bild-01.webp\" alt=\"\">\n\n\t\t\t<\/div>\n\n\t\t<\/div>\n\n\t<\/div>\n\n<\/section>\n\n\n<div style=\"height:60px\" aria-hidden=\"true\" class=\"wp-block-spacer\"><\/div>\n\n\n<section class=\"columntext\">\n\t\n\t<div class=\"container\">\n\n\t\t<div class=\"row\">\n\n\t\t\t<div class=\"col-lg-6 textcolumn\">\n\n\t\t\t\t<div class=\"textcolumn_inner h-100\">\n\n\t\t\t\t\t<h2>Motivation<\/h2>\n<p>Kunstrasensysteme werden zunehmend f\u00fcr den Bau neuer Sportfl\u00e4chen verwendet. Diese bieten im Vergleich zu Naturrasen eine intensiv nutzbare, pflegeleichte, unkrautfreie und witterungsunabh\u00e4ngige Fl\u00e4che, die weder bew\u00e4ssert noch ged\u00fcngt werden muss.<\/p>\n<p>Ein Kunstrasensystem ist eine mehrschichtige Struktur, die aus verschiedenen Komponenten einschlie\u00dflich Mikroplastik-F\u00fcllmaterial besteht. Die unterschiedlichen Rohstoffe und Polymere in der Florschicht, der Tr\u00e4gerschicht und der F\u00fcllung erschweren das Materialrecycling. Die Struktur basiert in der Regel auf nicht nachhaltigen fossilen Rohstoffen und birgt ein hohes Risiko der Verschmutzung der Umwelt durch Mikroplastik.<\/p>\n<p>Es ist sehr fraglich, ob die derzeit g\u00fcnstigeren Anschaffungskosten im Vergleich zu nachhaltigeren Konzepten vor dem Hintergrund der Ressourcenknappheit sowie der allgemeinen Akzeptanz vor dem Hintergrund rechtlicher und gesellschaftlicher Ver\u00e4nderungen in Zukunft noch vertreten werden k\u00f6nnen.<\/p>\n\n\t\t\t\t<\/div>\n\n\t\t\t<\/div>\n\n\t\t\t<div class=\"col-lg-6 textcolumn h-100\">\n\n\t\t\t\t<div class=\"textcolumn_inner\">\n\n\t\t\t\t\t<h2>Ziel<\/h2>\n<p>Ziel ist es, eine Kunstrasenstruktur aus Bio-Polyethylen (PE) zu entwickeln, die sich in wesentlichen Eigenschaften chemisch nicht von erd\u00f6lbasiertem PE unterscheidet. Die Monomaterialstruktur erm\u00f6glicht ein hochwertiges Materialrecycling im Sinne einer Kreislaufwirtschaft. Dar\u00fcber hinaus soll die neuartige Kunstrasenstruktur ohne die Zugabe von Einstreugranulat auskommen und so den Eintrag von Mikroplastik in die Umwelt minimieren.<\/p>\n<p>Im Laufe des Projekts werden zwei spielbare Gro\u00dfdemonstratoren hergestellt und als lebende Labore f\u00fcr Testzwecke konzipiert. Die Zustimmung der Nutzer wird gepr\u00fcft und ber\u00fccksichtigt. Nach Gebrauch werden die Proben exemplarisch recycelt, um die Prozesskette im Sinne der Kreislaufwirtschaft zu \u00fcberpr\u00fcfen.<\/p>\n\n\t\t\t\t<\/div>\n\n\t\t\t<\/div>\n\n\t\t<\/div>\n\n\t<\/div>\n\n<\/section>\n\n\n<div style=\"height:60px\" aria-hidden=\"true\" class=\"wp-block-spacer\"><\/div>\n\n\n<section class=\"text\">\n\t\n\t<div class=\"container\">\n\n\t\t<div class=\"row\">\n\n\t\t\t<div class=\"col-lg-10\">\n\n\t\t\t\t<h3 class=\"font_5 wixui-rich-text__text\">BIOTURF VISUALISIERT<\/h3>\n\n\t\t\t<\/div>\n\n\t\t<\/div>\n\n\t<\/div>\n\n<\/section>\n\n\n<div style=\"height:30px\" aria-hidden=\"true\" class=\"wp-block-spacer\"><\/div>\n\n\n<section class=\"image\">\n\t\n\t<div class=\"container\">\n\n\t\t<div class=\"row\">\n\n\t\t\t<div class=\"col-lg-12\">\n\n\t\t\t\t<img decoding=\"async\" src=\"https:\/\/biotexfuture.info\/wp-content\/uploads\/2023\/06\/bioturf-Project-Icons-ENG.png\" alt=\"\">\n\n\t\t\t<\/div>\n\n\t\t<\/div>\n\n\t<\/div>\n\n<\/section>\n\n\n<div style=\"height:60px\" aria-hidden=\"true\" class=\"wp-block-spacer\"><\/div>\n\n\n\n<section class=\"entry\">\n\t\n\t<div class=\"container\">\n\n\t\t<div class=\"row\">\n\n\t\t\t<div class=\"col-lg-12\">\n\n\t\t\t\t<div class=\"entry_inner text-bottom_right\">\n\n\t\t\t\t\t<div class=\"entry_text bottom_right\">\n\n\t\t\t\t\t\t<div id=\"comp-krno9o89\" class=\"MazNVa comp-krno9o89 wixui-image\"><\/div>\n<div id=\"comp-krft8ep61\" class=\"KcpHeO tz5f0K comp-krft8ep61 wixui-rich-text\" data-testid=\"richTextElement\">\n<h2 class=\"font_8 wixui-rich-text__text\"><span class=\"wixui-rich-text__text\">Forschungsansatz<\/span><\/h2>\n<p>Die verschiedenen Schichten des Kunstrasens werden durch Bio-PE ersetzt. Dort sind folgende Schritte notwendig:<\/p>\n<ul>\n<li>Entwicklung von Monofilamenten f\u00fcr die Pfahlverschlei\u00dfschicht aus biobasiertem PE<\/li>\n<li>Herstellung von Folienb\u00e4ndern aus biobasiertem PE<\/li>\n<li>Herstellung von Tr\u00e4gergewebestrukturen aus den Folienb\u00e4ndern<\/li>\n<li>Entwicklung von neuartigen Tuftingstrukturen<\/li>\n<li>Thermobondierung\/Beschichtung aus 100% recyceltem PE<\/li>\n<\/ul>\n<p>Bio-PE ist der ideale Rohstoff f\u00fcr diesen Zweck, da es sich chemisch nicht von PE auf Erd\u00f6lbasis unterscheidet. Durch das Monomaterialkonzept und den Wegfall des F\u00fcllgranulats wird die Recyclingf\u00e4higkeit des Materials im Gegensatz zum bisherigen thermischen Recyclingverfahren drastisch erh\u00f6ht. Im Laufe des Projekts werden zwei Gro\u00dfdemonstratoren, die zu Testzwecken eingesetzt werden k\u00f6nnen, als Reallabore hergestellt und gestaltet und nach Gebrauch recycelt, um die Prozesskette im Sinne der Kreislaufwirtschaft zu durchlaufen.<\/p>\n<\/div>\n\n\t\t\t\t\t\t\t\t\t\t\t\t\n\t\t\t\t\t<\/div>\n\n\t\t\t\t\t<img decoding=\"async\" src=\"https:\/\/biotexfuture.info\/wp-content\/uploads\/2023\/04\/bioturf-bild-02.webp\" alt=\"\">\n\n\t\t\t\t<\/div>\n\n\t\t\t<\/div>\n\n\t\t<\/div>\n\n\t<\/div>\n\n<\/section>\n\n\n<div style=\"height:60px\" aria-hidden=\"true\" class=\"wp-block-spacer\"><\/div>\n\n\n<section class=\"columntext\">\n\t\n\t<div class=\"container\">\n\n\t\t<div class=\"row\">\n\n\t\t\t<div class=\"col-lg-6 textcolumn\">\n\n\t\t\t\t<div class=\"textcolumn_inner h-100\">\n\n\t\t\t\t\t<h2>Resultate<\/h2>\n<div class=\"page\" title=\"Seite 2\">\n<div class=\"layoutArea\">\n<div class=\"column\">\n<p>Das Ziel dieser Entwicklung war ein innovativer, zu 100 % recycelbarer Kunstrasen aus einer Gruppe von Materialien (Polyolefinen). Das f\u00fcr die Polyethylenflorgarne verwendete Material wird aus Raps\u00f6l und landwirtschaftlichen Abf\u00e4llen gewonnen und steht somit nicht in Konkurrenz zur Lebensmittelproduktion. Das Tr\u00e4germaterial, das das Polgarn an Ort und Stelle h\u00e4lt, basiert auf Polypropylen (PP) und wird auf der R\u00fcckseite durch eine recycelte Folie stabilisiert, die aus recycelten alten Kunstrasenpl\u00e4tzen hergestellt wird (Laminierung). Das Highlight des neu entwickelten Kunstrasens ist ein neues Verfahren zur Faserbindung. Dieses neue innovative Verfahren, das so genannte Thermobonding, ersetzt die traditionelle R\u00fcckenlatexbeschichtung, die aufgrund des spezifischen Trocknungsprozesses sehr energieintensiv ist. Die innovative Thermobonding-Technologie gew\u00e4hrleistet, dass das Endprodukt am Ende seiner Lebensdauer zu 100 % recycelbar ist. <\/p>\n<div class=\"page\" title=\"Seite 3\">\n<div class=\"layoutArea\">\n<div class=\"column\">\n<p>In Aachen ist bereits ein BioTurf-Demonstrationsplatz im Hochschulsportzentrum installiert, auf dem die Sportler bereits regelm\u00e4\u00dfig spielen und trainieren und R\u00fcckmeldung \u00fcber die Qualit\u00e4t und Bespielbarkeit des Platzes geben.<\/p>\n<\/div>\n<\/div>\n<\/div>\n<\/div>\n<\/div>\n<\/div>\n\n\t\t\t\t<\/div>\n\n\t\t\t<\/div>\n\n\t\t\t<div class=\"col-lg-6 textcolumn h-100\">\n\n\t\t\t\t<div class=\"textcolumn_inner\">\n\n\t\t\t\t\t<h2>Dokumente<\/h2>\n<p>&nbsp;<\/p>\n<p><a href=\"http:\/\/biotexfuture.info\/wp-content\/uploads\/2024\/07\/BioTurf-Final-Report.pdf\">BioTurf finaler Bericht <\/a><\/p>\n<hr>\n<p><a href=\"http:\/\/biotexfuture.info\/wp-content\/uploads\/2024\/07\/BIOTEXFUTURE_BioTurf_info_poster.pdf\">BioTurf Info-Poster<\/a><\/p>\n<hr>\n<p><a href=\"https:\/\/biotexfuture.info\/transitionlab-insights-event-31\/\">BioTurf Insights Session<\/a><\/p>\n\n\t\t\t\t<\/div>\n\n\t\t\t<\/div>\n\n\t\t<\/div>\n\n\t<\/div>\n\n<\/section>\n\n\n<div style=\"height:100px\" aria-hidden=\"true\" class=\"wp-block-spacer\"><\/div>\n\n\n<section class=\"logowall\">\n\t\n\t<div class=\"container\">\n\n\t\t<div class=\"row\">\n\n\t\t\t<div class=\"col-lg-12\">\n\n\t\t\t\t<h3>Projektpartner<\/h3>\n\n\t\t\t<\/div>\n\n\t\t<\/div>\n\n\t\t<div class=\"row\">\n\n\t\t\t<div class=\"col-lg-12\">\n\n\t\t\t\t<ul class=\"logos\">\n\n\t\t\t\t\t\n\t\t\t\t\t\t\t<li><img decoding=\"async\" src=\"https:\/\/biotexfuture.info\/wp-content\/uploads\/2023\/04\/ITA-RWTH_logo.png\" alt=\"\"><\/li>\n\n\t\t\t\t\t\t\n\t\t\t\t\t\t\t<li><img decoding=\"async\" src=\"https:\/\/biotexfuture.info\/wp-content\/uploads\/2023\/04\/morton_logo.png\" alt=\"\"><\/li>\n\n\t\t\t\t\t\t\n\t\t\t\t\t\t\t<li><img decoding=\"async\" src=\"https:\/\/biotexfuture.info\/wp-content\/uploads\/2023\/04\/tfi_logo.png\" alt=\"\"><\/li>\n\n\t\t\t\t\t\t\n\t\t\t\t<\/ul>\n\n\t\t\t<\/div>\n\n\t\t<\/div>\n\n\t<\/div>\n\n<\/section>\n\n\n<div style=\"height:80px\" aria-hidden=\"true\" class=\"wp-block-spacer\"><\/div>\n\n\n\n<div style=\"height:0px\" aria-hidden=\"true\" class=\"wp-block-spacer\"><\/div>\n\n\n<section class=\"text\">\n\t\n\t<div class=\"container\">\n\n\t\t<div class=\"row\">\n\n\t\t\t<div class=\"col-lg-10\">\n\n\t\t\t\t<h3>GET IN TOUCH<\/h3>\n\n\t\t\t<\/div>\n\n\t\t<\/div>\n\n\t<\/div>\n\n<\/section>\n\n\n<div style=\"height:30px\" aria-hidden=\"true\" class=\"wp-block-spacer\"><\/div>\n\n\n<section class=\"team\">\n\n\t<div class=\"container\">\n\n\t\t<div class=\"row\">\n\n\t\t\t\n\t\t\t\t\t<div class=\"col-lg-6 col-md-12 teammember_single\">\n\n\t\t\t\t\t\t<div class=\"teammember_inner\">\n\n\t\t\t\t\t\t\t<div class=\"row p-0 align-items-end\">\n\n\t\t\t\t\t\t\t\t<div class=\"col-md-5 teammember_image\">\n\n\t\t\t\t\t\t\t\t\t<img decoding=\"async\" src=\"https:\/\/biotexfuture.info\/wp-content\/uploads\/2023\/06\/BioTurf-Claudia-Post-klein.png\" alt=\"\">\n\n\t\t\t\t\t\t\t\t<\/div>\n\n\t\t\t\t\t\t\t\t<div class=\"col-md-7 teammember_info\">\n\n\t\t\t\t\t\t\t\t\t<strong>Dr. Claudia Post<\/strong>\n\n\t\t\t\t\t\t\t\t\t<span><\/span>\n\n\t\t\t\t\t\t\t\t\t<span><a href=\"mailto:c.post@tfi-aachen.de\">c.post@tfi-aachen.de<\/a><\/span>\n\n\t\t\t\t\t\t\t\t<\/div>\n\n\t\t\t\t\t\t\t<\/div>\n\n\t\t\t\t\t\t<\/div>\n\n\t\t\t\t\t<\/div>\n\n\t\t\t\t\n\t\t\t\t\t<div class=\"col-lg-6 col-md-12 teammember_single\">\n\n\t\t\t\t\t\t<div class=\"teammember_inner\">\n\n\t\t\t\t\t\t\t<div class=\"row p-0 align-items-end\">\n\n\t\t\t\t\t\t\t\t<div class=\"col-md-5 teammember_image\">\n\n\t\t\t\t\t\t\t\t\t<img decoding=\"async\" src=\"https:\/\/biotexfuture.info\/wp-content\/uploads\/2023\/04\/bioturf-kontakt-02.webp\" alt=\"\">\n\n\t\t\t\t\t\t\t\t<\/div>\n\n\t\t\t\t\t\t\t\t<div class=\"col-md-7 teammember_info\">\n\n\t\t\t\t\t\t\t\t\t<strong>Dr. Franz Pursche<\/strong>\n\n\t\t\t\t\t\t\t\t\t<span><\/span>\n\n\t\t\t\t\t\t\t\t\t<span><a href=\"mailto:franz.pursche@ita.rwth-aachen.de\">franz.pursche@ita.rwth-aachen.de<\/a><\/span>\n\n\t\t\t\t\t\t\t\t<\/div>\n\n\t\t\t\t\t\t\t<\/div>\n\n\t\t\t\t\t\t<\/div>\n\n\t\t\t\t\t<\/div>\n\n\t\t\t\t\n\t\t<\/div>\n\n\t<\/div>\n\n<\/section>\n\n\n<div style=\"height:60px\" aria-hidden=\"true\" class=\"wp-block-spacer\"><\/div>\n\n\n<section class=\"ctabutton\">\n\t\n\t<div class=\"container\">\n\n\t\t<div class=\"row\">\n\n\t\t\t<div class=\"col-lg-12\">\n\n\t\t\t\t<strong>Sie m\u00f6chten sich auch f\u00fcr ein Projekt bewerben?<\/strong>\n\n\t\t\t\t<a href=\"mailto:kontakt@biotexfuture.info\">Kontaktiere uns<\/a>\n\n\t\t\t<\/div>\n\n\t\t<\/div>\n\n\t<\/div>\n\n<\/section>","protected":false},"excerpt":{"rendered":"","protected":false},"author":1,"featured_media":0,"parent":1478,"menu_order":0,"comment_status":"closed","ping_status":"closed","template":"","meta":{"footnotes":""},"class_list":["post-1463","page","type-page","status-publish","hentry"],"acf":[],"yoast_head":"<!-- This site is optimized with the Yoast SEO plugin v23.7 - https:\/\/yoast.com\/wordpress\/plugins\/seo\/ -->\n<title>Bioturf - Biotexfuture<\/title>\n<meta name=\"robots\" content=\"index, follow, max-snippet:-1, max-image-preview:large, max-video-preview:-1\" \/>\n<link rel=\"canonical\" href=\"https:\/\/biotexfuture.info\/de\/projects\/bioturf\/\" \/>\n<meta property=\"og:locale\" content=\"de_DE\" \/>\n<meta property=\"og:type\" content=\"article\" \/>\n<meta property=\"og:title\" content=\"Bioturf - Biotexfuture\" \/>\n<meta property=\"og:url\" content=\"https:\/\/biotexfuture.info\/de\/projects\/bioturf\/\" \/>\n<meta property=\"og:site_name\" content=\"Biotexfuture\" \/>\n<meta property=\"article:modified_time\" content=\"2025-06-03T11:47:16+00:00\" \/>\n<meta name=\"twitter:card\" content=\"summary_large_image\" \/>\n<script type=\"application\/ld+json\" class=\"yoast-schema-graph\">{\"@context\":\"https:\/\/schema.org\",\"@graph\":[{\"@type\":\"WebPage\",\"@id\":\"https:\/\/biotexfuture.info\/de\/projects\/bioturf\/\",\"url\":\"https:\/\/biotexfuture.info\/de\/projects\/bioturf\/\",\"name\":\"Bioturf - Biotexfuture\",\"isPartOf\":{\"@id\":\"https:\/\/biotexfuture.info\/#website\"},\"datePublished\":\"2023-04-26T09:42:17+00:00\",\"dateModified\":\"2025-06-03T11:47:16+00:00\",\"breadcrumb\":{\"@id\":\"https:\/\/biotexfuture.info\/de\/projects\/bioturf\/#breadcrumb\"},\"inLanguage\":\"de\",\"potentialAction\":[{\"@type\":\"ReadAction\",\"target\":[\"https:\/\/biotexfuture.info\/de\/projects\/bioturf\/\"]}]},{\"@type\":\"BreadcrumbList\",\"@id\":\"https:\/\/biotexfuture.info\/de\/projects\/bioturf\/#breadcrumb\",\"itemListElement\":[{\"@type\":\"ListItem\",\"position\":1,\"name\":\"Home\",\"item\":\"https:\/\/biotexfuture.info\/de\/\"},{\"@type\":\"ListItem\",\"position\":2,\"name\":\"Projekte\",\"item\":\"https:\/\/biotexfuture.info\/de\/projects\/\"},{\"@type\":\"ListItem\",\"position\":3,\"name\":\"Bioturf\"}]},{\"@type\":\"WebSite\",\"@id\":\"https:\/\/biotexfuture.info\/#website\",\"url\":\"https:\/\/biotexfuture.info\/\",\"name\":\"Biotexfuture\",\"description\":\"Gef\u00f6rderter Innovationsraum zur biobasierten Textilforschung\",\"publisher\":{\"@id\":\"https:\/\/biotexfuture.info\/#organization\"},\"potentialAction\":[{\"@type\":\"SearchAction\",\"target\":{\"@type\":\"EntryPoint\",\"urlTemplate\":\"https:\/\/biotexfuture.info\/?s={search_term_string}\"},\"query-input\":{\"@type\":\"PropertyValueSpecification\",\"valueRequired\":true,\"valueName\":\"search_term_string\"}}],\"inLanguage\":\"de\"},{\"@type\":\"Organization\",\"@id\":\"https:\/\/biotexfuture.info\/#organization\",\"name\":\"Biotexfuture\",\"url\":\"https:\/\/biotexfuture.info\/\",\"logo\":{\"@type\":\"ImageObject\",\"inLanguage\":\"de\",\"@id\":\"https:\/\/biotexfuture.info\/#\/schema\/logo\/image\/\",\"url\":\"https:\/\/biotexfuture.info\/wp-content\/uploads\/2023\/04\/BTF-Logo-1@3x.png\",\"contentUrl\":\"https:\/\/biotexfuture.info\/wp-content\/uploads\/2023\/04\/BTF-Logo-1@3x.png\",\"width\":369,\"height\":72,\"caption\":\"Biotexfuture\"},\"image\":{\"@id\":\"https:\/\/biotexfuture.info\/#\/schema\/logo\/image\/\"},\"sameAs\":[\"https:\/\/www.linkedin.com\/groups\/8986450\/\"]}]}<\/script>\n<!-- \/ Yoast SEO plugin. -->","yoast_head_json":{"title":"Bioturf - Biotexfuture","robots":{"index":"index","follow":"follow","max-snippet":"max-snippet:-1","max-image-preview":"max-image-preview:large","max-video-preview":"max-video-preview:-1"},"canonical":"https:\/\/biotexfuture.info\/de\/projects\/bioturf\/","og_locale":"de_DE","og_type":"article","og_title":"Bioturf - Biotexfuture","og_url":"https:\/\/biotexfuture.info\/de\/projects\/bioturf\/","og_site_name":"Biotexfuture","article_modified_time":"2025-06-03T11:47:16+00:00","twitter_card":"summary_large_image","schema":{"@context":"https:\/\/schema.org","@graph":[{"@type":"WebPage","@id":"https:\/\/biotexfuture.info\/de\/projects\/bioturf\/","url":"https:\/\/biotexfuture.info\/de\/projects\/bioturf\/","name":"Bioturf - Biotexfuture","isPartOf":{"@id":"https:\/\/biotexfuture.info\/#website"},"datePublished":"2023-04-26T09:42:17+00:00","dateModified":"2025-06-03T11:47:16+00:00","breadcrumb":{"@id":"https:\/\/biotexfuture.info\/de\/projects\/bioturf\/#breadcrumb"},"inLanguage":"de","potentialAction":[{"@type":"ReadAction","target":["https:\/\/biotexfuture.info\/de\/projects\/bioturf\/"]}]},{"@type":"BreadcrumbList","@id":"https:\/\/biotexfuture.info\/de\/projects\/bioturf\/#breadcrumb","itemListElement":[{"@type":"ListItem","position":1,"name":"Home","item":"https:\/\/biotexfuture.info\/de\/"},{"@type":"ListItem","position":2,"name":"Projekte","item":"https:\/\/biotexfuture.info\/de\/projects\/"},{"@type":"ListItem","position":3,"name":"Bioturf"}]},{"@type":"WebSite","@id":"https:\/\/biotexfuture.info\/#website","url":"https:\/\/biotexfuture.info\/","name":"Biotexfuture","description":"Gef\u00f6rderter Innovationsraum zur biobasierten Textilforschung","publisher":{"@id":"https:\/\/biotexfuture.info\/#organization"},"potentialAction":[{"@type":"SearchAction","target":{"@type":"EntryPoint","urlTemplate":"https:\/\/biotexfuture.info\/?s={search_term_string}"},"query-input":{"@type":"PropertyValueSpecification","valueRequired":true,"valueName":"search_term_string"}}],"inLanguage":"de"},{"@type":"Organization","@id":"https:\/\/biotexfuture.info\/#organization","name":"Biotexfuture","url":"https:\/\/biotexfuture.info\/","logo":{"@type":"ImageObject","inLanguage":"de","@id":"https:\/\/biotexfuture.info\/#\/schema\/logo\/image\/","url":"https:\/\/biotexfuture.info\/wp-content\/uploads\/2023\/04\/BTF-Logo-1@3x.png","contentUrl":"https:\/\/biotexfuture.info\/wp-content\/uploads\/2023\/04\/BTF-Logo-1@3x.png","width":369,"height":72,"caption":"Biotexfuture"},"image":{"@id":"https:\/\/biotexfuture.info\/#\/schema\/logo\/image\/"},"sameAs":["https:\/\/www.linkedin.com\/groups\/8986450\/"]}]}},"_links":{"self":[{"href":"https:\/\/biotexfuture.info\/de\/wp-json\/wp\/v2\/pages\/1463","targetHints":{"allow":["GET"]}}],"collection":[{"href":"https:\/\/biotexfuture.info\/de\/wp-json\/wp\/v2\/pages"}],"about":[{"href":"https:\/\/biotexfuture.info\/de\/wp-json\/wp\/v2\/types\/page"}],"author":[{"embeddable":true,"href":"https:\/\/biotexfuture.info\/de\/wp-json\/wp\/v2\/users\/1"}],"replies":[{"embeddable":true,"href":"https:\/\/biotexfuture.info\/de\/wp-json\/wp\/v2\/comments?post=1463"}],"version-history":[{"count":10,"href":"https:\/\/biotexfuture.info\/de\/wp-json\/wp\/v2\/pages\/1463\/revisions"}],"predecessor-version":[{"id":6033,"href":"https:\/\/biotexfuture.info\/de\/wp-json\/wp\/v2\/pages\/1463\/revisions\/6033"}],"up":[{"embeddable":true,"href":"https:\/\/biotexfuture.info\/de\/wp-json\/wp\/v2\/pages\/1478"}],"wp:attachment":[{"href":"https:\/\/biotexfuture.info\/de\/wp-json\/wp\/v2\/media?parent=1463"}],"curies":[{"name":"wp","href":"https:\/\/api.w.org\/{rel}","templated":true}]}}