{"id":1468,"date":"2023-04-21T10:53:05","date_gmt":"2023-04-21T08:53:05","guid":{"rendered":"https:\/\/biotexfuture.info\/algatex\/"},"modified":"2025-08-14T09:50:45","modified_gmt":"2025-08-14T07:50:45","slug":"algatex","status":"publish","type":"page","link":"https:\/\/biotexfuture.info\/de\/projects\/algatex\/","title":{"rendered":"Algaetex"},"content":{"rendered":"\n<div style=\"height:50px\" aria-hidden=\"true\" class=\"wp-block-spacer\"><\/div>\n\n\n<section class=\"text\">\n\t\n\t<div class=\"container\">\n\n\t\t<div class=\"row\">\n\n\t\t\t<div class=\"col-lg-10\">\n\n\t\t\t\t<h2>Algaetex<\/h2>\n<p>Aus Algen gewonnene Biopolymere f\u00fcr die Verwendung in Textilien.<\/p>\n\n\t\t\t<\/div>\n\n\t\t<\/div>\n\n\t<\/div>\n\n<\/section>\n\n<section class=\"image\">\n\t\n\t<div class=\"container\">\n\n\t\t<div class=\"row\">\n\n\t\t\t<div class=\"col-lg-12\">\n\n\t\t\t\t<img decoding=\"async\" src=\"\" alt=\"\">\n\n\t\t\t<\/div>\n\n\t\t<\/div>\n\n\t<\/div>\n\n<\/section>\n\n\n<div style=\"height:60px\" aria-hidden=\"true\" class=\"wp-block-spacer\"><\/div>\n\n\n<section class=\"columntext\">\n\t\n\t<div class=\"container\">\n\n\t\t<div class=\"row\">\n\n\t\t\t<div class=\"col-lg-6 textcolumn\">\n\n\t\t\t\t<div class=\"textcolumn_inner h-100\">\n\n\t\t\t\t\t<h2>Motivation<\/h2>\n<p>Algen haben ein immenses Potenzial als Bio-Rohstoff, um Erd\u00f6l f\u00fcr k\u00fcnstliche Textilien zu ersetzen: Sie wachsen schnell und k\u00f6nnen Kohlendioxid effizienter aufnehmen als andere Bio-Rohstoffe, die auf Landpflanzen basieren. Au\u00dferdem verbraucht sein Anbau weniger\/unbebaubare Fl\u00e4chen und vermeidet Pestizide. Die Verwendung von Algen als erneuerbare Ressource f\u00fcr die Herstellung von Biopolymeren und Textilien umgeht die Herausforderungen des Wettbewerbs mit niedrigen Kraftstoffpreisen, indem sie h\u00f6herwertige Anwendungen schafft. Auf diese Weise kann die deutsche Textilindustrie als Katalysator f\u00fcr die Abkehr von fossilen Brennstoffen hin zu einer Bio\u00f6konomie wirken, in der Algen eine wichtige Biomassequelle darstellen.<\/p>\n\n\t\t\t\t<\/div>\n\n\t\t\t<\/div>\n\n\t\t\t<div class=\"col-lg-6 textcolumn h-100\">\n\n\t\t\t\t<div class=\"textcolumn_inner\">\n\n\t\t\t\t\t<h2>Ziel<\/h2>\n<p>Ziel des Projekts AlgaeTex ist es, zu demonstrieren, dass die Herstellung thermoplastischer Biopolymere aus Algen f\u00fcr textile Anwendungen technisch m\u00f6glich ist. Innerhalb der Projektlaufzeit werden verschiedene Polymersynthesewege erforscht, die einen m\u00f6glichst hohen Anteil an algenbasierten Rohstoffen nutzen. Diese neuartigen Biopolymere werden schmelzgesponnen und zu hochwertigen Textilien verarbeitet, die f\u00fcr die Sportartikelindustrie von Bedeutung sind, wie in etwa f\u00fcr gestrickte Schuhoberfl\u00e4chen oder T-Shirts. Ziel ist es, ein Technical Readiness Level (TRL) von 2 bis 4 zu erreichen (Proof-of-Concept im Laborma\u00dfstab), wobei die Algenkultivierung und -extraktion in einem relevanten\/operativen Umfeld (TRL 4-5) demonstriert werden soll.<\/p>\n\n\t\t\t\t<\/div>\n\n\t\t\t<\/div>\n\n\t\t<\/div>\n\n\t<\/div>\n\n<\/section>\n\n\n<div style=\"height:60px\" aria-hidden=\"true\" class=\"wp-block-spacer\"><\/div>\n\n\n<section class=\"text\">\n\t\n\t<div class=\"container\">\n\n\t\t<div class=\"row\">\n\n\t\t\t<div class=\"col-lg-10\">\n\n\t\t\t\t<h3 class=\"font_5 wixui-rich-text__text\">ALGAETEX VISUALISIERT<\/h3>\n\n\t\t\t<\/div>\n\n\t\t<\/div>\n\n\t<\/div>\n\n<\/section>\n\n\n<div style=\"height:30px\" aria-hidden=\"true\" class=\"wp-block-spacer\"><\/div>\n\n\n<section class=\"image\">\n\t\n\t<div class=\"container\">\n\n\t\t<div class=\"row\">\n\n\t\t\t<div class=\"col-lg-12\">\n\n\t\t\t\t<img decoding=\"async\" src=\"https:\/\/biotexfuture.info\/wp-content\/uploads\/2023\/06\/algaetex-Project-Icons-ENG.png\" alt=\"\">\n\n\t\t\t<\/div>\n\n\t\t<\/div>\n\n\t<\/div>\n\n<\/section>\n\n\n<div style=\"height:60px\" aria-hidden=\"true\" class=\"wp-block-spacer\"><\/div>\n\n\n\n<section class=\"entry\">\n\t\n\t<div class=\"container\">\n\n\t\t<div class=\"row\">\n\n\t\t\t<div class=\"col-lg-12\">\n\n\t\t\t\t<div class=\"entry_inner text-bottom_right\">\n\n\t\t\t\t\t<div class=\"entry_text bottom_right\">\n\n\t\t\t\t\t\t<div id=\"comp-krno9o89\" class=\"MazNVa comp-krno9o89 wixui-image\"><\/div>\n<div id=\"comp-krft8ep61\" class=\"KcpHeO tz5f0K comp-krft8ep61 wixui-rich-text\" data-testid=\"richTextElement\">\n<h2 class=\"font_8 wixui-rich-text__text\"><span class=\"wixui-rich-text__text\">Forschungsansatz<\/span><\/h2>\n<p class=\"font_8 wixui-rich-text__text\"><span class=\"wixui-rich-text__text\">Beginnend mit der Algenkultivierung werden die Biomasseproduktivit\u00e4t und der Lipidgehalt eines bestimmten Stammes durch verschiedene Wachstumsmethoden und -parameter optimiert.<br \/>\nDas resultierende Algenfetts\u00e4uregemisch wird extrahiert und zur Synthese eines Biopolymers verwendet, dessen Zieleigenschaften denen von Polyamiden oder Polyestern \u00e4hneln, die h\u00e4ufig in der Textilindustrie verwendet werden. Die Biopolymer(e) werden durch typische nachgelagerte Verarbeitungsprozesse bewertet: Garnspinnen, Texturieren, Stricken, usw.<\/span><\/p>\n<p class=\"font_8 wixui-rich-text__text\"><span class=\"wixui-rich-text__text\">Sobald die resultierenden Garne und Textilien bestimmte mechanische Eigenschaften und Anforderungen erf\u00fcllen, werden Produktdemonstratoren hergestellt und getestet. Lebenszyklusbewertungen und techno-\u00f6konomische Analysen werden entlang der gesamte Wertsch\u00f6pfungskette der Verarbeitung durchgef\u00fchrt. Zus\u00e4tzlich zu den Prim\u00e4rdaten, die auf der Grundlage der im Laborma\u00dfstab verwendeten Ger\u00e4te und Prozesse gesammelt werden, werden verschiedene Szenarien f\u00fcr die Skalierung in Betracht gezogen.<\/span><\/p>\n<p class=\"font_8 wixui-rich-text__text\"><span class=\"wixui-rich-text__text\">Schlussendlich zielt das Projekt darauf ab, m\u00f6gliche Kommerzialisierungsm\u00f6glichkeiten zu evaluieren, sobald das technische Konzept und der \u00f6kologische Nutzen nachgewiesen sind.<\/span><\/p>\n<\/div>\n\n\t\t\t\t\t\t\t\t\t\t\t\t\n\t\t\t\t\t<\/div>\n\n\t\t\t\t\t<img decoding=\"async\" src=\"https:\/\/biotexfuture.info\/wp-content\/uploads\/2023\/04\/Algatex-01.webp\" alt=\"\">\n\n\t\t\t\t<\/div>\n\n\t\t\t<\/div>\n\n\t\t<\/div>\n\n\t<\/div>\n\n<\/section>\n\n\n<div style=\"height:100px\" aria-hidden=\"true\" class=\"wp-block-spacer\"><\/div>\n\n\n<section class=\"columntext\">\n\t\n\t<div class=\"container\">\n\n\t\t<div class=\"row\">\n\n\t\t\t<div class=\"col-lg-6 textcolumn\">\n\n\t\t\t\t<div class=\"textcolumn_inner h-100\">\n\n\t\t\t\t\t<h2>Resultate<\/h2>\n<ol>\n<li>Aus Algen gewonnene freie Fetts\u00e4uren wurden erfolgreich in hochwertiges Polyamid in Textilqualit\u00e4t umgewandelt, dessen Molekulargewicht mit dem kommerziellen biobasierten Polyamid 6.9 vergleichbar ist (Abb. 1).<\/li>\n<li>Die auf Algen basierenden Polyamid 6.9 Garne erf\u00fcllen die adidas Standards f\u00fcr mechanische Eigenschaften.<\/li>\n<li>Ein Schuhdemonstrator aus algenbasiertem Polyamid wurde hergestellt und getestet (Abb. 3).<\/li>\n<li>Die Fetts\u00e4ureakkumulation in der Algenkultivierung wurde durch einen dreistufigen Photobioreaktorprozess verbessert.<\/li>\n<li>Mehrere Algen\u00f6l-Extraktionsmethoden wurden untersucht, aber keine erreichte eine ausreichende Reinheit f\u00fcr die Polyamid 6.9-Produktion der Uni Bayreuth.<\/li>\n<li>Ein modulares Stack-Photobioreaktorsystem wurde entworfen und prototypisch umgesetzt, um die Kosten zu senken, die Produktivit\u00e4t zu erh\u00f6hen und skalierbare Installationen zu erm\u00f6glichen (Abb. 4).<\/li>\n<li>Erste thermomechanische Recyclingversuche zeigten ein stabiles Polymermolekulargewicht \u00fcber f\u00fcnf Zyklen (Abb. 2).<\/li>\n<li>Die \u00d6kobilanz im Laborma\u00dfstab (LCA) und die technisch-wirtschaftliche Bewertung (TEE) ergaben Schl\u00fcsselbereiche f\u00fcr Effizienz- und Ertragsverbesserungen bei k\u00fcnftigen Versuchen zur Ma\u00dfstabsvergr\u00f6\u00dferung.<\/li>\n<\/ol>\n\n\t\t\t\t<\/div>\n\n\t\t\t<\/div>\n\n\t\t\t<div class=\"col-lg-6 textcolumn h-100\">\n\n\t\t\t\t<div class=\"textcolumn_inner\">\n\n\t\t\t\t\t<h2>Dokumente<\/h2>\n<p><a href=\"http:\/\/biotexfuture.info\/wp-content\/uploads\/2024\/08\/Algaetex_figure1.pdf\">Figur 1<\/a><\/p>\n<hr>\n<p><a href=\"http:\/\/biotexfuture.info\/wp-content\/uploads\/2024\/08\/Algaetex_figure2.pdf\">Figur 2<\/a><\/p>\n<hr>\n<p><a href=\"http:\/\/biotexfuture.info\/wp-content\/uploads\/2024\/08\/image3.png\">Figur 3 &#8211; Demonstrator<\/a><\/p>\n<hr>\n<p><a href=\"http:\/\/biotexfuture.info\/wp-content\/uploads\/2024\/08\/Scale-up-of-a-prototype.png\">Figur 4<\/a><\/p>\n\n\t\t\t\t<\/div>\n\n\t\t\t<\/div>\n\n\t\t<\/div>\n\n\t<\/div>\n\n<\/section>\n\n\n<div style=\"height:100px\" aria-hidden=\"true\" class=\"wp-block-spacer\"><\/div>\n\n\n<section class=\"logowall\">\n\t\n\t<div class=\"container\">\n\n\t\t<div class=\"row\">\n\n\t\t\t<div class=\"col-lg-12\">\n\n\t\t\t\t<h3>Projektpartner<\/h3>\n\n\t\t\t<\/div>\n\n\t\t<\/div>\n\n\t\t<div class=\"row\">\n\n\t\t\t<div class=\"col-lg-12\">\n\n\t\t\t\t<ul class=\"logos\">\n\n\t\t\t\t\t\n\t\t\t\t\t\t\t<li><img decoding=\"async\" src=\"https:\/\/biotexfuture.info\/wp-content\/uploads\/2023\/04\/adidas_logo-04-e1687938871434.png\" alt=\"\"><\/li>\n\n\t\t\t\t\t\t\n\t\t\t\t\t\t\t<li><img decoding=\"async\" src=\"https:\/\/biotexfuture.info\/wp-content\/uploads\/2023\/04\/Fraunhofer_logo.png\" alt=\"\"><\/li>\n\n\t\t\t\t\t\t\n\t\t\t\t\t\t\t<li><img decoding=\"async\" src=\"https:\/\/biotexfuture.info\/wp-content\/uploads\/2023\/04\/ITA-RWTH_logo.png\" alt=\"\"><\/li>\n\n\t\t\t\t\t\t\n\t\t\t\t\t\t\t<li><img decoding=\"async\" src=\"https:\/\/biotexfuture.info\/wp-content\/uploads\/2023\/04\/uni-bayreuth_logo.png\" alt=\"\"><\/li>\n\n\t\t\t\t\t\t\n\t\t\t\t<\/ul>\n\n\t\t\t<\/div>\n\n\t\t<\/div>\n\n\t<\/div>\n\n<\/section>\n\n\n<div style=\"height:80px\" aria-hidden=\"true\" class=\"wp-block-spacer\"><\/div>\n\n\n<section class=\"youtube\">\n\t\n\t<div class=\"container\">\n\n\t\t<div class=\"row\">\n\n\t\t\t<div class=\"col-lg-12\">\n\n\t\t\t\t<iframe loading=\"lazy\" width=\"674\" height=\"379\" src=\"https:\/\/www.youtube.com\/embed\/JE5rE5X3m2E?list=PLAUXiFAt30KyDlJqmVky4djI7AF4ca6Fp\" title=\"BIOTEXFUTURE INTERVIEW Jonathan Meakin\" frameborder=\"0\" allow=\"accelerometer; autoplay; clipboard-write; encrypted-media; gyroscope; picture-in-picture; web-share\" referrerpolicy=\"strict-origin-when-cross-origin\" allowfullscreen=\"\"><\/iframe>\n\t\t\t\t\n\t\t\t\t<script>\n\n\t\t\t\t\t\/\/function youtube_parser(url){\n\t\t\t\t\t\/\/    var regExp = \/^.*((youtu.be\\\/)|(v\\\/)|(\\\/u\\\/\\w\\\/)|(embed\\\/)|(watch\\?))\\??v?=?([^#&?]*).*\/;\n\t\t\t\t\t\/\/    var match = url.match(regExp);\n\t\t\t\t\t\/\/    return (match&&match[7].length==11)? match[7] : false;\n\t\t\t\t\t\/\/}\n\n\t\t\t\t\t\/\/var video_embed = 'https:\/\/www.youtube-nocookie.com\/embed\/' + youtube_parser('');\n\n\t\t\t\t\t\/\/document.getElementById('youtube_iframe').src = video_embed;\n\n\t\t\t\t<\/script>\n\t\t\t\n\t\t\t<\/div>\n\n\t\t<\/div>\n\n\t<\/div>\n\n<\/section>\n\n<section class=\"youtube\">\n\t\n\t<div class=\"container\">\n\n\t\t<div class=\"row\">\n\n\t\t\t<div class=\"col-lg-12\">\n\n\t\t\t\t<iframe loading=\"lazy\" width=\"674\" height=\"379\" src=\"https:\/\/www.youtube.com\/embed\/-L-mlq7vlQg?list=PLAUXiFAt30KyDlJqmVky4djI7AF4ca6Fp\" title=\"BIOTEXFUTURE INTERVIEW AACHEN Roxana Ley\" frameborder=\"0\" allow=\"accelerometer; autoplay; clipboard-write; encrypted-media; gyroscope; picture-in-picture; web-share\" referrerpolicy=\"strict-origin-when-cross-origin\" allowfullscreen=\"\"><\/iframe>\n\n\t\t\t\t\n\t\t\t\t<script>\n\n\t\t\t\t\t\/\/function youtube_parser(url){\n\t\t\t\t\t\/\/    var regExp = \/^.*((youtu.be\\\/)|(v\\\/)|(\\\/u\\\/\\w\\\/)|(embed\\\/)|(watch\\?))\\??v?=?([^#&?]*).*\/;\n\t\t\t\t\t\/\/    var match = url.match(regExp);\n\t\t\t\t\t\/\/    return (match&&match[7].length==11)? match[7] : false;\n\t\t\t\t\t\/\/}\n\n\t\t\t\t\t\/\/var video_embed = 'https:\/\/www.youtube-nocookie.com\/embed\/' + youtube_parser('');\n\n\t\t\t\t\t\/\/document.getElementById('youtube_iframe').src = video_embed;\n\n\t\t\t\t<\/script>\n\t\t\t\n\t\t\t<\/div>\n\n\t\t<\/div>\n\n\t<\/div>\n\n<\/section>\n\n\n<div style=\"height:100px\" aria-hidden=\"true\" class=\"wp-block-spacer\"><\/div>\n\n\n\n<div style=\"height:0px\" aria-hidden=\"true\" class=\"wp-block-spacer\"><\/div>\n\n\n<section class=\"text\">\n\t\n\t<div class=\"container\">\n\n\t\t<div class=\"row\">\n\n\t\t\t<div class=\"col-lg-10\">\n\n\t\t\t\t<h3>GET IN TOUCH<\/h3>\n\n\t\t\t<\/div>\n\n\t\t<\/div>\n\n\t<\/div>\n\n<\/section>\n\n\n<div style=\"height:30px\" aria-hidden=\"true\" class=\"wp-block-spacer\"><\/div>\n\n\n<section class=\"team\">\n\n\t<div class=\"container\">\n\n\t\t<div class=\"row\">\n\n\t\t\t\n\t\t\t\t\t<div class=\"col-lg-6 col-md-12 teammember_single\">\n\n\t\t\t\t\t\t<div class=\"teammember_inner\">\n\n\t\t\t\t\t\t\t<div class=\"row p-0 align-items-end\">\n\n\t\t\t\t\t\t\t\t<div class=\"col-md-5 teammember_image\">\n\n\t\t\t\t\t\t\t\t\t<img decoding=\"async\" src=\"https:\/\/biotexfuture.info\/wp-content\/uploads\/2023\/09\/Henning-Locken-profile-picture-bw-e1695210197994.jpg\" alt=\"\">\n\n\t\t\t\t\t\t\t\t<\/div>\n\n\t\t\t\t\t\t\t\t<div class=\"col-md-7 teammember_info\">\n\n\t\t\t\t\t\t\t\t\t<strong>Henning L\u00f6cken<\/strong>\n\n\t\t\t\t\t\t\t\t\t<span>Projektleiter<\/span>\n\n\t\t\t\t\t\t\t\t\t<span><a href=\"mailto:henning.loecken@ita.rwth-aachen.de\">henning.loecken@ita.rwth-aachen.de<\/a><\/span>\n\n\t\t\t\t\t\t\t\t<\/div>\n\n\t\t\t\t\t\t\t<\/div>\n\n\t\t\t\t\t\t<\/div>\n\n\t\t\t\t\t<\/div>\n\n\t\t\t\t\n\t\t<\/div>\n\n\t<\/div>\n\n<\/section>\n\n\n<div style=\"height:60px\" aria-hidden=\"true\" class=\"wp-block-spacer\"><\/div>\n\n\n<section class=\"ctabutton\">\n\t\n\t<div class=\"container\">\n\n\t\t<div class=\"row\">\n\n\t\t\t<div class=\"col-lg-12\">\n\n\t\t\t\t<strong>Sie m\u00f6chten sich auch f\u00fcr ein Projekt bewerben?<\/strong>\n\n\t\t\t\t<a href=\"mailto:kontakt@biotexfuture.info\">Kontaktiere uns<\/a>\n\n\t\t\t<\/div>\n\n\t\t<\/div>\n\n\t<\/div>\n\n<\/section>","protected":false},"excerpt":{"rendered":"","protected":false},"author":1,"featured_media":0,"parent":1478,"menu_order":0,"comment_status":"closed","ping_status":"closed","template":"","meta":{"footnotes":""},"class_list":["post-1468","page","type-page","status-publish","hentry"],"acf":[],"yoast_head":"<!-- This site is optimized with the Yoast SEO plugin v23.7 - https:\/\/yoast.com\/wordpress\/plugins\/seo\/ -->\n<title>Algaetex - Biotexfuture<\/title>\n<meta name=\"robots\" content=\"index, follow, max-snippet:-1, max-image-preview:large, max-video-preview:-1\" \/>\n<link rel=\"canonical\" href=\"https:\/\/biotexfuture.info\/de\/projects\/algatex\/\" \/>\n<meta property=\"og:locale\" content=\"de_DE\" \/>\n<meta property=\"og:type\" content=\"article\" \/>\n<meta property=\"og:title\" content=\"Algaetex - Biotexfuture\" \/>\n<meta property=\"og:url\" content=\"https:\/\/biotexfuture.info\/de\/projects\/algatex\/\" \/>\n<meta property=\"og:site_name\" content=\"Biotexfuture\" \/>\n<meta property=\"article:modified_time\" content=\"2025-08-14T07:50:45+00:00\" \/>\n<meta name=\"twitter:card\" content=\"summary_large_image\" \/>\n<script type=\"application\/ld+json\" class=\"yoast-schema-graph\">{\"@context\":\"https:\/\/schema.org\",\"@graph\":[{\"@type\":\"WebPage\",\"@id\":\"https:\/\/biotexfuture.info\/de\/projects\/algatex\/\",\"url\":\"https:\/\/biotexfuture.info\/de\/projects\/algatex\/\",\"name\":\"Algaetex - Biotexfuture\",\"isPartOf\":{\"@id\":\"https:\/\/biotexfuture.info\/#website\"},\"datePublished\":\"2023-04-21T08:53:05+00:00\",\"dateModified\":\"2025-08-14T07:50:45+00:00\",\"breadcrumb\":{\"@id\":\"https:\/\/biotexfuture.info\/de\/projects\/algatex\/#breadcrumb\"},\"inLanguage\":\"de\",\"potentialAction\":[{\"@type\":\"ReadAction\",\"target\":[\"https:\/\/biotexfuture.info\/de\/projects\/algatex\/\"]}]},{\"@type\":\"BreadcrumbList\",\"@id\":\"https:\/\/biotexfuture.info\/de\/projects\/algatex\/#breadcrumb\",\"itemListElement\":[{\"@type\":\"ListItem\",\"position\":1,\"name\":\"Home\",\"item\":\"https:\/\/biotexfuture.info\/de\/\"},{\"@type\":\"ListItem\",\"position\":2,\"name\":\"Projekte\",\"item\":\"https:\/\/biotexfuture.info\/de\/projects\/\"},{\"@type\":\"ListItem\",\"position\":3,\"name\":\"Algaetex\"}]},{\"@type\":\"WebSite\",\"@id\":\"https:\/\/biotexfuture.info\/#website\",\"url\":\"https:\/\/biotexfuture.info\/\",\"name\":\"Biotexfuture\",\"description\":\"Gef\u00f6rderter Innovationsraum zur biobasierten Textilforschung\",\"publisher\":{\"@id\":\"https:\/\/biotexfuture.info\/#organization\"},\"potentialAction\":[{\"@type\":\"SearchAction\",\"target\":{\"@type\":\"EntryPoint\",\"urlTemplate\":\"https:\/\/biotexfuture.info\/?s={search_term_string}\"},\"query-input\":{\"@type\":\"PropertyValueSpecification\",\"valueRequired\":true,\"valueName\":\"search_term_string\"}}],\"inLanguage\":\"de\"},{\"@type\":\"Organization\",\"@id\":\"https:\/\/biotexfuture.info\/#organization\",\"name\":\"Biotexfuture\",\"url\":\"https:\/\/biotexfuture.info\/\",\"logo\":{\"@type\":\"ImageObject\",\"inLanguage\":\"de\",\"@id\":\"https:\/\/biotexfuture.info\/#\/schema\/logo\/image\/\",\"url\":\"https:\/\/biotexfuture.info\/wp-content\/uploads\/2023\/04\/BTF-Logo-1@3x.png\",\"contentUrl\":\"https:\/\/biotexfuture.info\/wp-content\/uploads\/2023\/04\/BTF-Logo-1@3x.png\",\"width\":369,\"height\":72,\"caption\":\"Biotexfuture\"},\"image\":{\"@id\":\"https:\/\/biotexfuture.info\/#\/schema\/logo\/image\/\"},\"sameAs\":[\"https:\/\/www.linkedin.com\/groups\/8986450\/\"]}]}<\/script>\n<!-- \/ Yoast SEO plugin. -->","yoast_head_json":{"title":"Algaetex - Biotexfuture","robots":{"index":"index","follow":"follow","max-snippet":"max-snippet:-1","max-image-preview":"max-image-preview:large","max-video-preview":"max-video-preview:-1"},"canonical":"https:\/\/biotexfuture.info\/de\/projects\/algatex\/","og_locale":"de_DE","og_type":"article","og_title":"Algaetex - Biotexfuture","og_url":"https:\/\/biotexfuture.info\/de\/projects\/algatex\/","og_site_name":"Biotexfuture","article_modified_time":"2025-08-14T07:50:45+00:00","twitter_card":"summary_large_image","schema":{"@context":"https:\/\/schema.org","@graph":[{"@type":"WebPage","@id":"https:\/\/biotexfuture.info\/de\/projects\/algatex\/","url":"https:\/\/biotexfuture.info\/de\/projects\/algatex\/","name":"Algaetex - Biotexfuture","isPartOf":{"@id":"https:\/\/biotexfuture.info\/#website"},"datePublished":"2023-04-21T08:53:05+00:00","dateModified":"2025-08-14T07:50:45+00:00","breadcrumb":{"@id":"https:\/\/biotexfuture.info\/de\/projects\/algatex\/#breadcrumb"},"inLanguage":"de","potentialAction":[{"@type":"ReadAction","target":["https:\/\/biotexfuture.info\/de\/projects\/algatex\/"]}]},{"@type":"BreadcrumbList","@id":"https:\/\/biotexfuture.info\/de\/projects\/algatex\/#breadcrumb","itemListElement":[{"@type":"ListItem","position":1,"name":"Home","item":"https:\/\/biotexfuture.info\/de\/"},{"@type":"ListItem","position":2,"name":"Projekte","item":"https:\/\/biotexfuture.info\/de\/projects\/"},{"@type":"ListItem","position":3,"name":"Algaetex"}]},{"@type":"WebSite","@id":"https:\/\/biotexfuture.info\/#website","url":"https:\/\/biotexfuture.info\/","name":"Biotexfuture","description":"Gef\u00f6rderter Innovationsraum zur biobasierten Textilforschung","publisher":{"@id":"https:\/\/biotexfuture.info\/#organization"},"potentialAction":[{"@type":"SearchAction","target":{"@type":"EntryPoint","urlTemplate":"https:\/\/biotexfuture.info\/?s={search_term_string}"},"query-input":{"@type":"PropertyValueSpecification","valueRequired":true,"valueName":"search_term_string"}}],"inLanguage":"de"},{"@type":"Organization","@id":"https:\/\/biotexfuture.info\/#organization","name":"Biotexfuture","url":"https:\/\/biotexfuture.info\/","logo":{"@type":"ImageObject","inLanguage":"de","@id":"https:\/\/biotexfuture.info\/#\/schema\/logo\/image\/","url":"https:\/\/biotexfuture.info\/wp-content\/uploads\/2023\/04\/BTF-Logo-1@3x.png","contentUrl":"https:\/\/biotexfuture.info\/wp-content\/uploads\/2023\/04\/BTF-Logo-1@3x.png","width":369,"height":72,"caption":"Biotexfuture"},"image":{"@id":"https:\/\/biotexfuture.info\/#\/schema\/logo\/image\/"},"sameAs":["https:\/\/www.linkedin.com\/groups\/8986450\/"]}]}},"_links":{"self":[{"href":"https:\/\/biotexfuture.info\/de\/wp-json\/wp\/v2\/pages\/1468","targetHints":{"allow":["GET"]}}],"collection":[{"href":"https:\/\/biotexfuture.info\/de\/wp-json\/wp\/v2\/pages"}],"about":[{"href":"https:\/\/biotexfuture.info\/de\/wp-json\/wp\/v2\/types\/page"}],"author":[{"embeddable":true,"href":"https:\/\/biotexfuture.info\/de\/wp-json\/wp\/v2\/users\/1"}],"replies":[{"embeddable":true,"href":"https:\/\/biotexfuture.info\/de\/wp-json\/wp\/v2\/comments?post=1468"}],"version-history":[{"count":25,"href":"https:\/\/biotexfuture.info\/de\/wp-json\/wp\/v2\/pages\/1468\/revisions"}],"predecessor-version":[{"id":6611,"href":"https:\/\/biotexfuture.info\/de\/wp-json\/wp\/v2\/pages\/1468\/revisions\/6611"}],"up":[{"embeddable":true,"href":"https:\/\/biotexfuture.info\/de\/wp-json\/wp\/v2\/pages\/1478"}],"wp:attachment":[{"href":"https:\/\/biotexfuture.info\/de\/wp-json\/wp\/v2\/media?parent=1468"}],"curies":[{"name":"wp","href":"https:\/\/api.w.org\/{rel}","templated":true}]}}