{"id":1470,"date":"2023-04-18T09:23:54","date_gmt":"2023-04-18T07:23:54","guid":{"rendered":"https:\/\/biotexfuture.info\/impressum\/"},"modified":"2026-01-14T10:29:06","modified_gmt":"2026-01-14T09:29:06","slug":"impressum","status":"publish","type":"page","link":"https:\/\/biotexfuture.info\/de\/impressum\/","title":{"rendered":"Impressum"},"content":{"rendered":"<section class=\"text\">\n\t\n\t<div class=\"container\">\n\n\t\t<div class=\"row\">\n\n\t\t\t<div class=\"col-lg-10\">\n\n\t\t\t\t<h2>Impressum<\/h2>\n\n\t\t\t<\/div>\n\n\t\t<\/div>\n\n\t<\/div>\n\n<\/section>\n\n\n<div style=\"height:43px\" aria-hidden=\"true\" class=\"wp-block-spacer\"><\/div>\n\n\n<section class=\"text\">\n\t\n\t<div class=\"container\">\n\n\t\t<div class=\"row\">\n\n\t\t\t<div class=\"col-lg-10\">\n\n\t\t\t\t<p>Herausgeberin<br \/>\nHerausgegeben im Auftrag des Rektors der Rheinisch-Westf\u00e4lischen Technischen Hochschule (RWTH) Aachen.<\/p>\n<p>Rheinisch-Westf\u00e4lische Technische Hochschule (RWTH) Aachen<br \/>\nTemplergraben 55<br \/>\n52062 Aachen (Hausanschrift)<br \/>\n52056 Aachen (Postanschrift)<br \/>\nTelefon: +49 241 80 1<br \/>\nTelefax: +49 241 80 92312<br \/>\nE-Mail: <a href=\"mailto:impressum@rwth-aachen.de\">impressum@rwth-aachen.de<\/a><\/p>\n<p>Die Rheinisch-Westf\u00e4lische Technische Hochschule (RWTH) Aachen ist eine K\u00f6rperschaft des \u00f6ffentlichen Rechts. Sie wird durch den Rektor, Univ.-Prof. Dr. rer. nat. Dr. h.c. mult. Ulrich R\u00fcdiger, vertreten.<\/p>\n<p>Zust\u00e4ndige Aufsichtsbeh\u00f6rde<br \/>\nMinisterium f\u00fcr Kultur und Wissenschaft des Landes Nordrhein Westfalen, V\u00f6lklinger Stra\u00dfe 49, 40221 D\u00fcsseldorf.<br \/>\nUmsatzsteuer-Identifikationsnummer<br \/>\nGem\u00e4\u00df \u00a7 27 a Umsatzsteuergesetz: DE 121689807<\/p>\n<p>Inhaltliche Verantwortlichkeit<br \/>\nInhaltlich verantwortlich f\u00fcr die Website BioTexFuture ist:<\/p>\n<p>ITA \u2013 Institut f\u00fcr Textiltechnik der RWTH Aachen University<\/p>\n<p>Bernhard Schmenk<br \/>\nOtto-Blumenthal-Str. 1<br \/>\n52074 Aachen<br \/>\nTel.: +49 241 80 23458<br \/>\nFax: +49 241 80 22422<br \/>\nE-Mail: bernhard.schmenk@ita.rwth-aachen.de<\/p>\n\n\t\t\t<\/div>\n\n\t\t<\/div>\n\n\t<\/div>\n\n<\/section>","protected":false},"excerpt":{"rendered":"","protected":false},"author":1,"featured_media":0,"parent":0,"menu_order":0,"comment_status":"closed","ping_status":"closed","template":"","meta":{"footnotes":""},"class_list":["post-1470","page","type-page","status-publish","hentry"],"acf":[],"yoast_head":"<!-- This site is optimized with the Yoast SEO plugin v23.7 - https:\/\/yoast.com\/wordpress\/plugins\/seo\/ -->\n<title>Impressum - Biotexfuture<\/title>\n<meta name=\"robots\" content=\"index, follow, max-snippet:-1, max-image-preview:large, max-video-preview:-1\" \/>\n<link rel=\"canonical\" href=\"https:\/\/biotexfuture.info\/de\/impressum\/\" \/>\n<meta property=\"og:locale\" content=\"de_DE\" \/>\n<meta property=\"og:type\" content=\"article\" \/>\n<meta property=\"og:title\" content=\"Impressum - Biotexfuture\" \/>\n<meta property=\"og:url\" content=\"https:\/\/biotexfuture.info\/de\/impressum\/\" \/>\n<meta property=\"og:site_name\" content=\"Biotexfuture\" \/>\n<meta property=\"article:modified_time\" content=\"2026-01-14T09:29:06+00:00\" \/>\n<meta name=\"twitter:card\" content=\"summary_large_image\" \/>\n<script type=\"application\/ld+json\" class=\"yoast-schema-graph\">{\"@context\":\"https:\/\/schema.org\",\"@graph\":[{\"@type\":\"WebPage\",\"@id\":\"https:\/\/biotexfuture.info\/de\/impressum\/\",\"url\":\"https:\/\/biotexfuture.info\/de\/impressum\/\",\"name\":\"Impressum - Biotexfuture\",\"isPartOf\":{\"@id\":\"https:\/\/biotexfuture.info\/#website\"},\"datePublished\":\"2023-04-18T07:23:54+00:00\",\"dateModified\":\"2026-01-14T09:29:06+00:00\",\"breadcrumb\":{\"@id\":\"https:\/\/biotexfuture.info\/de\/impressum\/#breadcrumb\"},\"inLanguage\":\"de\",\"potentialAction\":[{\"@type\":\"ReadAction\",\"target\":[\"https:\/\/biotexfuture.info\/de\/impressum\/\"]}]},{\"@type\":\"BreadcrumbList\",\"@id\":\"https:\/\/biotexfuture.info\/de\/impressum\/#breadcrumb\",\"itemListElement\":[{\"@type\":\"ListItem\",\"position\":1,\"name\":\"Home\",\"item\":\"https:\/\/biotexfuture.info\/de\/\"},{\"@type\":\"ListItem\",\"position\":2,\"name\":\"Impressum\"}]},{\"@type\":\"WebSite\",\"@id\":\"https:\/\/biotexfuture.info\/#website\",\"url\":\"https:\/\/biotexfuture.info\/\",\"name\":\"Biotexfuture\",\"description\":\"Gef\u00f6rderter Innovationsraum zur biobasierten Textilforschung\",\"publisher\":{\"@id\":\"https:\/\/biotexfuture.info\/#organization\"},\"potentialAction\":[{\"@type\":\"SearchAction\",\"target\":{\"@type\":\"EntryPoint\",\"urlTemplate\":\"https:\/\/biotexfuture.info\/?s={search_term_string}\"},\"query-input\":{\"@type\":\"PropertyValueSpecification\",\"valueRequired\":true,\"valueName\":\"search_term_string\"}}],\"inLanguage\":\"de\"},{\"@type\":\"Organization\",\"@id\":\"https:\/\/biotexfuture.info\/#organization\",\"name\":\"Biotexfuture\",\"url\":\"https:\/\/biotexfuture.info\/\",\"logo\":{\"@type\":\"ImageObject\",\"inLanguage\":\"de\",\"@id\":\"https:\/\/biotexfuture.info\/#\/schema\/logo\/image\/\",\"url\":\"https:\/\/biotexfuture.info\/wp-content\/uploads\/2023\/04\/BTF-Logo-1@3x.png\",\"contentUrl\":\"https:\/\/biotexfuture.info\/wp-content\/uploads\/2023\/04\/BTF-Logo-1@3x.png\",\"width\":369,\"height\":72,\"caption\":\"Biotexfuture\"},\"image\":{\"@id\":\"https:\/\/biotexfuture.info\/#\/schema\/logo\/image\/\"},\"sameAs\":[\"https:\/\/www.linkedin.com\/groups\/8986450\/\"]}]}<\/script>\n<!-- \/ Yoast SEO plugin. -->","yoast_head_json":{"title":"Impressum - Biotexfuture","robots":{"index":"index","follow":"follow","max-snippet":"max-snippet:-1","max-image-preview":"max-image-preview:large","max-video-preview":"max-video-preview:-1"},"canonical":"https:\/\/biotexfuture.info\/de\/impressum\/","og_locale":"de_DE","og_type":"article","og_title":"Impressum - Biotexfuture","og_url":"https:\/\/biotexfuture.info\/de\/impressum\/","og_site_name":"Biotexfuture","article_modified_time":"2026-01-14T09:29:06+00:00","twitter_card":"summary_large_image","schema":{"@context":"https:\/\/schema.org","@graph":[{"@type":"WebPage","@id":"https:\/\/biotexfuture.info\/de\/impressum\/","url":"https:\/\/biotexfuture.info\/de\/impressum\/","name":"Impressum - Biotexfuture","isPartOf":{"@id":"https:\/\/biotexfuture.info\/#website"},"datePublished":"2023-04-18T07:23:54+00:00","dateModified":"2026-01-14T09:29:06+00:00","breadcrumb":{"@id":"https:\/\/biotexfuture.info\/de\/impressum\/#breadcrumb"},"inLanguage":"de","potentialAction":[{"@type":"ReadAction","target":["https:\/\/biotexfuture.info\/de\/impressum\/"]}]},{"@type":"BreadcrumbList","@id":"https:\/\/biotexfuture.info\/de\/impressum\/#breadcrumb","itemListElement":[{"@type":"ListItem","position":1,"name":"Home","item":"https:\/\/biotexfuture.info\/de\/"},{"@type":"ListItem","position":2,"name":"Impressum"}]},{"@type":"WebSite","@id":"https:\/\/biotexfuture.info\/#website","url":"https:\/\/biotexfuture.info\/","name":"Biotexfuture","description":"Gef\u00f6rderter Innovationsraum zur biobasierten Textilforschung","publisher":{"@id":"https:\/\/biotexfuture.info\/#organization"},"potentialAction":[{"@type":"SearchAction","target":{"@type":"EntryPoint","urlTemplate":"https:\/\/biotexfuture.info\/?s={search_term_string}"},"query-input":{"@type":"PropertyValueSpecification","valueRequired":true,"valueName":"search_term_string"}}],"inLanguage":"de"},{"@type":"Organization","@id":"https:\/\/biotexfuture.info\/#organization","name":"Biotexfuture","url":"https:\/\/biotexfuture.info\/","logo":{"@type":"ImageObject","inLanguage":"de","@id":"https:\/\/biotexfuture.info\/#\/schema\/logo\/image\/","url":"https:\/\/biotexfuture.info\/wp-content\/uploads\/2023\/04\/BTF-Logo-1@3x.png","contentUrl":"https:\/\/biotexfuture.info\/wp-content\/uploads\/2023\/04\/BTF-Logo-1@3x.png","width":369,"height":72,"caption":"Biotexfuture"},"image":{"@id":"https:\/\/biotexfuture.info\/#\/schema\/logo\/image\/"},"sameAs":["https:\/\/www.linkedin.com\/groups\/8986450\/"]}]}},"_links":{"self":[{"href":"https:\/\/biotexfuture.info\/de\/wp-json\/wp\/v2\/pages\/1470","targetHints":{"allow":["GET"]}}],"collection":[{"href":"https:\/\/biotexfuture.info\/de\/wp-json\/wp\/v2\/pages"}],"about":[{"href":"https:\/\/biotexfuture.info\/de\/wp-json\/wp\/v2\/types\/page"}],"author":[{"embeddable":true,"href":"https:\/\/biotexfuture.info\/de\/wp-json\/wp\/v2\/users\/1"}],"replies":[{"embeddable":true,"href":"https:\/\/biotexfuture.info\/de\/wp-json\/wp\/v2\/comments?post=1470"}],"version-history":[{"count":7,"href":"https:\/\/biotexfuture.info\/de\/wp-json\/wp\/v2\/pages\/1470\/revisions"}],"predecessor-version":[{"id":6880,"href":"https:\/\/biotexfuture.info\/de\/wp-json\/wp\/v2\/pages\/1470\/revisions\/6880"}],"wp:attachment":[{"href":"https:\/\/biotexfuture.info\/de\/wp-json\/wp\/v2\/media?parent=1470"}],"curies":[{"name":"wp","href":"https:\/\/api.w.org\/{rel}","templated":true}]}}