{"id":1478,"date":"2023-04-18T08:52:59","date_gmt":"2023-04-18T06:52:59","guid":{"rendered":"https:\/\/biotexfuture.info\/projects\/"},"modified":"2025-10-06T09:06:10","modified_gmt":"2025-10-06T07:06:10","slug":"projects","status":"publish","type":"page","link":"https:\/\/biotexfuture.info\/de\/projects\/","title":{"rendered":"Projekte"},"content":{"rendered":"\n<div style=\"height:50px\" aria-hidden=\"true\" class=\"wp-block-spacer\"><\/div>\n\n\n<section class=\"text\">\n\t\n\t<div class=\"container\">\n\n\t\t<div class=\"row\">\n\n\t\t\t<div class=\"col-lg-10\">\n\n\t\t\t\t<h2>Projekte<\/h2>\n\n\t\t\t<\/div>\n\n\t\t<\/div>\n\n\t<\/div>\n\n<\/section>\n\n\n<section class=\"entry\">\n\t\n\t<div class=\"container\">\n\n\t\t<div class=\"row\">\n\n\t\t\t<div class=\"col-lg-12\">\n\n\t\t\t\t<div class=\"entry_inner text-bottom_right\">\n\n\t\t\t\t\t<div class=\"entry_text bottom_right\">\n\n\t\t\t\t\t\t<p>Der Innovationsraum BIOTEXFUTURE besteht aus Projekten, die vom Bundesministerium f\u00fcr Forschung, Technologie und Raumfahrt (BMFTR) im Rahmen der &#8220;Nationalen Forschungsstrategie Bio\u00d6konomie 2030&#8221; gef\u00f6rdert werden. BIOTEXFUTURE ist Teil des F\u00f6rderprogramms &#8220;Innovationsr\u00e4ume Bio\u00f6konomie&#8221;. Alle Forschungsprojekte arbeiten gemeinsam an der \u00fcbergreifenden Vision, die textile Wertsch\u00f6pfungskette von erd\u00f6lbasiert auf biobasiert umzustellen.<\/p>\n<p>Die BIOTEXFUTURE-Pionierprojekte befassen sich mit Substrat- und Materialentwicklung, Produkt- und Prozessentwicklung sowie Textilveredelung. W\u00e4hrend der Laufzeit von BIOTEXFUTURE k\u00f6nnen zus\u00e4tzlich neue Projekte &#8211; und damit auch neue Partner &#8211; hinzukommen. Von Anfang an geh\u00f6ren zu dem Projektfortfolio auch ein Projekt, das den Transfer der Projektergebnisse in die Gesellschaft sicherstellt (z. B. durch den Einsatz von Reallaboren) und ein Project Management Office (PMO), das ein professionelles Programmmanagement gew\u00e4hrleistet.<\/p>\n<p>Partnerkonsortien mit einer neuen Projektidee k\u00f6nnen auf Grundlage der offenen Aufforderungen zur Einreichung von Vorschl\u00e4gen eine Finanzierung beantragen. Der Steuerungsausschuss wird den Inhalt der Projektvorschl\u00e4ge beurteilen. Der Projekttr\u00e4ger J\u00fclich (PtJ) ist f\u00fcr die formale administrative Bewertung zust\u00e4ndig. Die Projekte werden vom PtJ wie regul\u00e4re BMFTR-gef\u00f6rderte Projekte betreut. Alle Projektpartner m\u00fcssen dem Innovationsb\u00fcndnis beitreten und Mitglied bei BIOTEXFUTURE werden.<\/p>\n\n\t\t\t\t\t\t\t\t\t\t\t\t\n\t\t\t\t\t<\/div>\n\n\t\t\t\t\t<img decoding=\"async\" src=\"\" alt=\"\">\n\n\t\t\t\t<\/div>\n\n\t\t\t<\/div>\n\n\t\t<\/div>\n\n\t<\/div>\n\n<\/section>\n\n\n<div style=\"height:80px\" aria-hidden=\"true\" class=\"wp-block-spacer\"><\/div>\n\n\n<section class=\"projects\">\n\n\t<div class=\"container\">\n\n\t\t<div class=\"row\">\n\n\t\t\t\n\t\t\t\t\t<div class=\"col-lg-4 project_single\">\n\n\t\t\t\t\t\t<a href=\"\/projekte\/algatex\/\" class=\"project_single-inner\">\n\n\t\t\t\t\t\t\t<img decoding=\"async\" src=\"\">\n\n\t\t\t\t\t\t\t<div class=\"project_single-overlay\">\n\n\t\t\t\t\t\t\t\t<strong>ALGAETEX<\/strong>\n\n\t\t\t\t\t\t\t\tAus Algen gewonnene Biopolymere f\u00fcr die Verwendung in Textilien.\n\t\t\t\t\t\t\t<\/div>\n\n\t\t\t\t\t\t<\/a>\n\n\t\t\t\t\t<\/div>\n\n\t\t\t\t\n\t\t\t\t\t<div class=\"col-lg-4 project_single\">\n\n\t\t\t\t\t\t<a href=\"https:\/\/biotexfuture.info\/de\/projects\/biobase\/\" class=\"project_single-inner\">\n\n\t\t\t\t\t\t\t<img decoding=\"async\" src=\"\">\n\n\t\t\t\t\t\t\t<div class=\"project_single-overlay\">\n\n\t\t\t\t\t\t\t\t<strong>BIOBASE<\/strong>\n\n\t\t\t\t\t\t\t\tBiobasierte Alternativen aus verf\u00fcgbaren Ressourcen f\u00fcr textile Anwendungen mit wettbewerbsf\u00e4higen Kosten und Eigenschaften.\n\t\t\t\t\t\t\t<\/div>\n\n\t\t\t\t\t\t<\/a>\n\n\t\t\t\t\t<\/div>\n\n\t\t\t\t\n\t\t\t\t\t<div class=\"col-lg-4 project_single\">\n\n\t\t\t\t\t\t<a href=\"https:\/\/biotexfuture.info\/de\/projects\/biocoat\/\" class=\"project_single-inner\">\n\n\t\t\t\t\t\t\t<img decoding=\"async\" src=\"\">\n\n\t\t\t\t\t\t\t<div class=\"project_single-overlay\">\n\n\t\t\t\t\t\t\t\t<strong>BIOCOAT<\/strong>\n\n\t\t\t\t\t\t\t\tEntwicklung von biobasierten Textilveredelungen f\u00fcr Hochleistungstextilien.\n\t\t\t\t\t\t\t<\/div>\n\n\t\t\t\t\t\t<\/a>\n\n\t\t\t\t\t<\/div>\n\n\t\t\t\t\n\t\t\t\t\t<div class=\"col-lg-4 project_single\">\n\n\t\t\t\t\t\t<a href=\"https:\/\/biotexfuture.info\/projects\/biocushion\/\" class=\"project_single-inner\">\n\n\t\t\t\t\t\t\t<img decoding=\"async\" src=\"https:\/\/biotexfuture.info\/wp-content\/uploads\/2024\/03\/BioCushion-scaled-e1724849979768.jpg\">\n\n\t\t\t\t\t\t\t<div class=\"project_single-overlay\">\n\n\t\t\t\t\t\t\t\t<strong>BIOCUSHION<\/strong>\n\n\t\t\t\t\t\t\t\tEin anwendungsspezifischer Leitfaden f\u00fcr die Entwicklung von kreisf\u00f6rmigen Abstandsgeweben.\r\n\n\t\t\t\t\t\t\t<\/div>\n\n\t\t\t\t\t\t<\/a>\n\n\t\t\t\t\t<\/div>\n\n\t\t\t\t\n\t\t\t\t\t<div class=\"col-lg-4 project_single\">\n\n\t\t\t\t\t\t<a href=\"https:\/\/biotexfuture.info\/projects\/biopetex\/\" class=\"project_single-inner\">\n\n\t\t\t\t\t\t\t<img decoding=\"async\" src=\"https:\/\/biotexfuture.info\/wp-content\/uploads\/2024\/08\/biopetex-bild-1-e1724850284246.jpg\">\n\n\t\t\t\t\t\t\t<div class=\"project_single-overlay\">\n\n\t\t\t\t\t\t\t\t<strong>BIOPETEX<\/strong>\n\n\t\t\t\t\t\t\t\tEntwicklung von biobasierten Textilveredelungen f\u00fcr Hochleistungstextilien.\n\t\t\t\t\t\t\t<\/div>\n\n\t\t\t\t\t\t<\/a>\n\n\t\t\t\t\t<\/div>\n\n\t\t\t\t\n\t\t\t\t\t<div class=\"col-lg-4 project_single\">\n\n\t\t\t\t\t\t<a href=\"https:\/\/biotexfuture.info\/projects\/biotexcirc\/\" class=\"project_single-inner\">\n\n\t\t\t\t\t\t\t<img decoding=\"async\" src=\"https:\/\/biotexfuture.info\/wp-content\/uploads\/2024\/03\/BioTexCirc-scaled-e1724850963723.jpg\">\n\n\t\t\t\t\t\t\t<div class=\"project_single-overlay\">\n\n\t\t\t\t\t\t\t\t<strong>BIOTEXCIRC<\/strong>\n\n\t\t\t\t\t\t\t\tChemisches Recycling von biobasierten Polyamiden.\n\t\t\t\t\t\t\t<\/div>\n\n\t\t\t\t\t\t<\/a>\n\n\t\t\t\t\t<\/div>\n\n\t\t\t\t\n\t\t\t\t\t<div class=\"col-lg-4 project_single\">\n\n\t\t\t\t\t\t<a href=\"https:\/\/biotexfuture.info\/de\/projects\/bioturf\/\" class=\"project_single-inner\">\n\n\t\t\t\t\t\t\t<img decoding=\"async\" src=\"https:\/\/biotexfuture.info\/wp-content\/uploads\/2023\/04\/bioturf-teaser-bild.png\">\n\n\t\t\t\t\t\t\t<div class=\"project_single-overlay\">\n\n\t\t\t\t\t\t\t\t<strong>BIOTURF<\/strong>\n\n\t\t\t\t\t\t\t\tEntwicklung einer Kunstrasenstruktur aus Bio-Polyethylen (PE), das sich in wesentlichen Eigenschaften chemisch nicht vom erd\u00f6lbasierten PE unterscheidet.\n\t\t\t\t\t\t\t<\/div>\n\n\t\t\t\t\t\t<\/a>\n\n\t\t\t\t\t<\/div>\n\n\t\t\t\t\n\t\t\t\t\t<div class=\"col-lg-4 project_single\">\n\n\t\t\t\t\t\t<a href=\"https:\/\/biotexfuture.info\/projects\/biovlies\/\" class=\"project_single-inner\">\n\n\t\t\t\t\t\t\t<img decoding=\"async\" src=\"https:\/\/biotexfuture.info\/wp-content\/uploads\/2024\/03\/BioVlies-e1724851302283.jpg\">\n\n\t\t\t\t\t\t\t<div class=\"project_single-overlay\">\n\n\t\t\t\t\t\t\t\t<strong>BIOVLIES<\/strong>\n\n\t\t\t\t\t\t\t\tBiobasierte und biologisch abbaubare Vliesstoffe f\u00fcr landwirtschaftliche Anwendungen.\n\t\t\t\t\t\t\t<\/div>\n\n\t\t\t\t\t\t<\/a>\n\n\t\t\t\t\t<\/div>\n\n\t\t\t\t\n\t\t\t\t\t<div class=\"col-lg-4 project_single\">\n\n\t\t\t\t\t\t<a href=\"https:\/\/biotexfuture.info\/de\/projects\/circwool\/\" class=\"project_single-inner\">\n\n\t\t\t\t\t\t\t<img decoding=\"async\" src=\"https:\/\/biotexfuture.info\/wp-content\/uploads\/2024\/10\/Circwool_Schaf_CM_grAn-1-e1731932889768.png\">\n\n\t\t\t\t\t\t\t<div class=\"project_single-overlay\">\n\n\t\t\t\t\t\t\t\t<strong>CIRCWOOL<\/strong>\n\n\t\t\t\t\t\t\t\tRecyclingtechnologie f\u00fcr Wollabf\u00e4lle zur Wiedereingliederung in den Textilkreislauf.\n\t\t\t\t\t\t\t<\/div>\n\n\t\t\t\t\t\t<\/a>\n\n\t\t\t\t\t<\/div>\n\n\t\t\t\t\n\t\t\t\t\t<div class=\"col-lg-4 project_single\">\n\n\t\t\t\t\t\t<a href=\"https:\/\/biotexfuture.info\/de\/projects\/co2tex\/\" class=\"project_single-inner\">\n\n\t\t\t\t\t\t\t<img decoding=\"async\" src=\"https:\/\/biotexfuture.info\/wp-content\/uploads\/2023\/04\/co2tex-teaser-bild.png\">\n\n\t\t\t\t\t\t\t<div class=\"project_single-overlay\">\n\n\t\t\t\t\t\t\t\t<strong>CO2TEX<\/strong>\n\n\t\t\t\t\t\t\t\tDie Etablierung von kommerziell nutzbaren elastischen Filamentgarnen aus CO2-haltigen thermoplastischen Polyurethanen\n\t\t\t\t\t\t\t<\/div>\n\n\t\t\t\t\t\t<\/a>\n\n\t\t\t\t\t<\/div>\n\n\t\t\t\t\n\t\t\t\t\t<div class=\"col-lg-4 project_single\">\n\n\t\t\t\t\t\t<a href=\"https:\/\/biotexfuture.info\/de\/projects\/cospinning\/\" class=\"project_single-inner\">\n\n\t\t\t\t\t\t\t<img decoding=\"async\" src=\"https:\/\/biotexfuture.info\/wp-content\/uploads\/2024\/10\/Cospinning_Gestrick-1-e1731933383985.png\">\n\n\t\t\t\t\t\t\t<div class=\"project_single-overlay\">\n\n\t\t\t\t\t\t\t\t<strong>COPSPINNING<\/strong>\n\n\t\t\t\t\t\t\t\tSpinnen von Kollagen in ionischen Fl\u00fcssigkeiten und niedrigschmelzenden eutektischen L\u00f6sungsmitteln.\n\t\t\t\t\t\t\t<\/div>\n\n\t\t\t\t\t\t<\/a>\n\n\t\t\t\t\t<\/div>\n\n\t\t\t\t\n\t\t\t\t\t<div class=\"col-lg-4 project_single\">\n\n\t\t\t\t\t\t<a href=\"https:\/\/biotexfuture.info\/de\/projects\/degratex\/\" class=\"project_single-inner\">\n\n\t\t\t\t\t\t\t<img decoding=\"async\" src=\"https:\/\/biotexfuture.info\/wp-content\/uploads\/2023\/04\/degratex-teaser-bild.png\">\n\n\t\t\t\t\t\t\t<div class=\"project_single-overlay\">\n\n\t\t\t\t\t\t\t\t<strong>DEGRATEX<\/strong>\n\n\t\t\t\t\t\t\t\tEntwicklung biobasierter, abbaubarer L\u00f6sungen f\u00fcr Geotextilien f\u00fcr kurzfristige Anwendungen wie tempor\u00e4re Erdstrukturen und Vegetationsschutz.\n\t\t\t\t\t\t\t<\/div>\n\n\t\t\t\t\t\t<\/a>\n\n\t\t\t\t\t<\/div>\n\n\t\t\t\t\n\t\t\t\t\t<div class=\"col-lg-4 project_single\">\n\n\t\t\t\t\t\t<a href=\"https:\/\/biotexfuture.info\/projects\/fungalfibers\/\" class=\"project_single-inner\">\n\n\t\t\t\t\t\t\t<img decoding=\"async\" src=\"https:\/\/biotexfuture.info\/wp-content\/uploads\/2023\/06\/fungalfibers_A3_ema-560x560-1.png\">\n\n\t\t\t\t\t\t\t<div class=\"project_single-overlay\">\n\n\t\t\t\t\t\t\t\t<strong>FUNGALFIBERS<\/strong>\n\n\t\t\t\t\t\t\t\tBiologisch abbaubare, antibiotisch wirkende, in L\u00f6sung gesponnene Chitosan-Fasern aus einem zuverl\u00e4ssigen, reproduzierbaren und hochskalierbaren Produktionsverfahren auf der Grundlage von Pilzbiomasse aus Fermentationsprozessen.\n\t\t\t\t\t\t\t<\/div>\n\n\t\t\t\t\t\t<\/a>\n\n\t\t\t\t\t<\/div>\n\n\t\t\t\t\n\t\t\t\t\t<div class=\"col-lg-4 project_single\">\n\n\t\t\t\t\t\t<a href=\"https:\/\/biotexfuture.info\/projects\/funcolor\/\" class=\"project_single-inner\">\n\n\t\t\t\t\t\t\t<img decoding=\"async\" src=\"https:\/\/biotexfuture.info\/wp-content\/uploads\/2024\/03\/FunColor-e1724851744115.jpg\">\n\n\t\t\t\t\t\t\t<div class=\"project_single-overlay\">\n\n\t\t\t\t\t\t\t\t<strong>FUNCOLOR<\/strong>\n\n\t\t\t\t\t\t\t\tHerstellung von Melanin auf Pilzbasis als biologischer Ersatz f\u00fcr chemisch-synthetisierte grau-braun-schwarze Farbstoffe.\n\t\t\t\t\t\t\t<\/div>\n\n\t\t\t\t\t\t<\/a>\n\n\t\t\t\t\t<\/div>\n\n\t\t\t\t\n\t\t\t\t\t<div class=\"col-lg-4 project_single\">\n\n\t\t\t\t\t\t<a href=\"\/projekte\/gold\/\" class=\"project_single-inner\">\n\n\t\t\t\t\t\t\t<img decoding=\"async\" src=\"https:\/\/biotexfuture.info\/wp-content\/uploads\/2023\/04\/gold-teaser-bild.png\">\n\n\t\t\t\t\t\t\t<div class=\"project_single-overlay\">\n\n\t\t\t\t\t\t\t\t<strong>GOLD<\/strong>\n\n\t\t\t\t\t\t\t\tAnalysieren der Goldschl\u00e4gerhaut mechanisch, strukturell und genetisch bis auf die molekulare Ebene.\n\t\t\t\t\t\t\t<\/div>\n\n\t\t\t\t\t\t<\/a>\n\n\t\t\t\t\t<\/div>\n\n\t\t\t\t\n\t\t\t\t\t<div class=\"col-lg-4 project_single\">\n\n\t\t\t\t\t\t<a href=\"https:\/\/biotexfuture.info\/de\/projects\/gxy\/\" class=\"project_single-inner\">\n\n\t\t\t\t\t\t\t<img decoding=\"async\" src=\"https:\/\/biotexfuture.info\/wp-content\/uploads\/2024\/09\/Collagen-tripel-helix_bearbeitet-1-e1731933995280.png\">\n\n\t\t\t\t\t\t\t<div class=\"project_single-overlay\">\n\n\t\t\t\t\t\t\t\t<strong>GXY<\/strong>\n\n\t\t\t\t\t\t\t\tGenetisch programmierbare Kollagenmaterialien f\u00fcr biologisch abbaubare Hochleistungs-Textilfasern.\n\t\t\t\t\t\t\t<\/div>\n\n\t\t\t\t\t\t<\/a>\n\n\t\t\t\t\t<\/div>\n\n\t\t\t\t\n\t\t\t\t\t<div class=\"col-lg-4 project_single\">\n\n\t\t\t\t\t\t<a href=\"https:\/\/biotexfuture.info\/de\/projects\/lightlining\/\" class=\"project_single-inner\">\n\n\t\t\t\t\t\t\t<img decoding=\"async\" src=\"https:\/\/biotexfuture.info\/wp-content\/uploads\/2023\/06\/LightLining-560x560-1.png\">\n\n\t\t\t\t\t\t\t<div class=\"project_single-overlay\">\n\n\t\t\t\t\t\t\t\t<strong>LIGHTLINING<\/strong>\n\n\t\t\t\t\t\t\t\tEin leichter, superisolierender Vliesstoff f\u00fcr Sportbekleidung.\n\t\t\t\t\t\t\t<\/div>\n\n\t\t\t\t\t\t<\/a>\n\n\t\t\t\t\t<\/div>\n\n\t\t\t\t\n\t\t\t\t\t<div class=\"col-lg-4 project_single\">\n\n\t\t\t\t\t\t<a href=\"https:\/\/biotexfuture.info\/de\/projects\/replay\/\" class=\"project_single-inner\">\n\n\t\t\t\t\t\t\t<img decoding=\"async\" src=\"https:\/\/biotexfuture.info\/wp-content\/uploads\/2025\/08\/Schmuckbildwunsch-RePlay_edited-2-scaled-e1755602520869.jpg\">\n\n\t\t\t\t\t\t\t<div class=\"project_single-overlay\">\n\n\t\t\t\t\t\t\t\t<strong>REPLAY<\/strong>\n\n\t\t\t\t\t\t\t\tRecycelte PLA Garne und Textilien f\u00fcr Reinigungsanwendungen.\n\t\t\t\t\t\t\t<\/div>\n\n\t\t\t\t\t\t<\/a>\n\n\t\t\t\t\t<\/div>\n\n\t\t\t\t\n\t\t\t\t\t<div class=\"col-lg-4 project_single\">\n\n\t\t\t\t\t\t<a href=\"https:\/\/biotexfuture.info\/projects\/smartbiofinish\/\" class=\"project_single-inner\">\n\n\t\t\t\t\t\t\t<img decoding=\"async\" src=\"https:\/\/biotexfuture.info\/wp-content\/uploads\/2024\/03\/SmartBioFinish-scaled-e1724851606721.jpg\">\n\n\t\t\t\t\t\t\t<div class=\"project_single-overlay\">\n\n\t\t\t\t\t\t\t\t<strong>SMARTBIOFINISH <\/strong>\n\n\t\t\t\t\t\t\t\tEntwicklung einer Textilveredelungstechnologie auf der Grundlage von Ankerpeptiden f\u00fcr wasser- und \u00f6labweisende Eigenschaften.\n\t\t\t\t\t\t\t<\/div>\n\n\t\t\t\t\t\t<\/a>\n\n\t\t\t\t\t<\/div>\n\n\t\t\t\t\n\t\t\t\t\t<div class=\"col-lg-4 project_single\">\n\n\t\t\t\t\t\t<a href=\"\/projekte\/transitionlab1\/\" class=\"project_single-inner\">\n\n\t\t\t\t\t\t\t<img decoding=\"async\" src=\"https:\/\/biotexfuture.info\/wp-content\/uploads\/2023\/04\/transitionlab1-teaser-bild.png\">\n\n\t\t\t\t\t\t\t<div class=\"project_single-overlay\">\n\n\t\t\t\t\t\t\t\t<strong>TRANSITIONLAB<\/strong>\n\n\t\t\t\t\t\t\t\tErfolgsfaktoren und ELSI-Aspekte von Biotextil-Innovationen f\u00fcr einen gesellschaftlichen \u00dcbergang zur Bio\u00f6konomie.\n\t\t\t\t\t\t\t<\/div>\n\n\t\t\t\t\t\t<\/a>\n\n\t\t\t\t\t<\/div>\n\n\t\t\t\t\n\t\t<\/div>\n\n\t<\/div>\n\n<\/section>\n\n\n<div style=\"height:80px\" aria-hidden=\"true\" class=\"wp-block-spacer\"><\/div>\n","protected":false},"excerpt":{"rendered":"","protected":false},"author":1,"featured_media":0,"parent":0,"menu_order":0,"comment_status":"closed","ping_status":"closed","template":"","meta":{"footnotes":""},"class_list":["post-1478","page","type-page","status-publish","hentry"],"acf":[],"yoast_head":"<!-- This site is optimized with the Yoast SEO plugin v23.7 - https:\/\/yoast.com\/wordpress\/plugins\/seo\/ -->\n<title>Projekte - Biotexfuture<\/title>\n<meta name=\"description\" content=\"Biotexfuture vereint Projekte, um die textile Wertsch\u00f6pfungskette nachhaltig von erd\u00f6lbasierten auf biobasierte Materialien umzuwandeln.\" \/>\n<meta name=\"robots\" content=\"index, follow, max-snippet:-1, max-image-preview:large, max-video-preview:-1\" \/>\n<link rel=\"canonical\" href=\"https:\/\/biotexfuture.info\/de\/projects\/\" \/>\n<meta property=\"og:locale\" content=\"de_DE\" \/>\n<meta property=\"og:type\" content=\"article\" \/>\n<meta property=\"og:title\" content=\"Projekte - Biotexfuture\" \/>\n<meta property=\"og:description\" content=\"Biotexfuture vereint Projekte, um die textile Wertsch\u00f6pfungskette nachhaltig von erd\u00f6lbasierten auf biobasierte Materialien umzuwandeln.\" \/>\n<meta property=\"og:url\" content=\"https:\/\/biotexfuture.info\/de\/projects\/\" \/>\n<meta property=\"og:site_name\" content=\"Biotexfuture\" \/>\n<meta property=\"article:modified_time\" content=\"2025-10-06T07:06:10+00:00\" \/>\n<meta name=\"twitter:card\" content=\"summary_large_image\" \/>\n<script type=\"application\/ld+json\" class=\"yoast-schema-graph\">{\"@context\":\"https:\/\/schema.org\",\"@graph\":[{\"@type\":\"WebPage\",\"@id\":\"https:\/\/biotexfuture.info\/de\/projects\/\",\"url\":\"https:\/\/biotexfuture.info\/de\/projects\/\",\"name\":\"Projekte - Biotexfuture\",\"isPartOf\":{\"@id\":\"https:\/\/biotexfuture.info\/#website\"},\"datePublished\":\"2023-04-18T06:52:59+00:00\",\"dateModified\":\"2025-10-06T07:06:10+00:00\",\"description\":\"Biotexfuture vereint Projekte, um die textile Wertsch\u00f6pfungskette nachhaltig von erd\u00f6lbasierten auf biobasierte Materialien umzuwandeln.\",\"breadcrumb\":{\"@id\":\"https:\/\/biotexfuture.info\/de\/projects\/#breadcrumb\"},\"inLanguage\":\"de\",\"potentialAction\":[{\"@type\":\"ReadAction\",\"target\":[\"https:\/\/biotexfuture.info\/de\/projects\/\"]}]},{\"@type\":\"BreadcrumbList\",\"@id\":\"https:\/\/biotexfuture.info\/de\/projects\/#breadcrumb\",\"itemListElement\":[{\"@type\":\"ListItem\",\"position\":1,\"name\":\"Home\",\"item\":\"https:\/\/biotexfuture.info\/de\/\"},{\"@type\":\"ListItem\",\"position\":2,\"name\":\"Projekte\"}]},{\"@type\":\"WebSite\",\"@id\":\"https:\/\/biotexfuture.info\/#website\",\"url\":\"https:\/\/biotexfuture.info\/\",\"name\":\"Biotexfuture\",\"description\":\"Gef\u00f6rderter Innovationsraum zur biobasierten Textilforschung\",\"publisher\":{\"@id\":\"https:\/\/biotexfuture.info\/#organization\"},\"potentialAction\":[{\"@type\":\"SearchAction\",\"target\":{\"@type\":\"EntryPoint\",\"urlTemplate\":\"https:\/\/biotexfuture.info\/?s={search_term_string}\"},\"query-input\":{\"@type\":\"PropertyValueSpecification\",\"valueRequired\":true,\"valueName\":\"search_term_string\"}}],\"inLanguage\":\"de\"},{\"@type\":\"Organization\",\"@id\":\"https:\/\/biotexfuture.info\/#organization\",\"name\":\"Biotexfuture\",\"url\":\"https:\/\/biotexfuture.info\/\",\"logo\":{\"@type\":\"ImageObject\",\"inLanguage\":\"de\",\"@id\":\"https:\/\/biotexfuture.info\/#\/schema\/logo\/image\/\",\"url\":\"https:\/\/biotexfuture.info\/wp-content\/uploads\/2023\/04\/BTF-Logo-1@3x.png\",\"contentUrl\":\"https:\/\/biotexfuture.info\/wp-content\/uploads\/2023\/04\/BTF-Logo-1@3x.png\",\"width\":369,\"height\":72,\"caption\":\"Biotexfuture\"},\"image\":{\"@id\":\"https:\/\/biotexfuture.info\/#\/schema\/logo\/image\/\"},\"sameAs\":[\"https:\/\/www.linkedin.com\/groups\/8986450\/\"]}]}<\/script>\n<!-- \/ Yoast SEO plugin. -->","yoast_head_json":{"title":"Projekte - Biotexfuture","description":"Biotexfuture vereint Projekte, um die textile Wertsch\u00f6pfungskette nachhaltig von erd\u00f6lbasierten auf biobasierte Materialien umzuwandeln.","robots":{"index":"index","follow":"follow","max-snippet":"max-snippet:-1","max-image-preview":"max-image-preview:large","max-video-preview":"max-video-preview:-1"},"canonical":"https:\/\/biotexfuture.info\/de\/projects\/","og_locale":"de_DE","og_type":"article","og_title":"Projekte - Biotexfuture","og_description":"Biotexfuture vereint Projekte, um die textile Wertsch\u00f6pfungskette nachhaltig von erd\u00f6lbasierten auf biobasierte Materialien umzuwandeln.","og_url":"https:\/\/biotexfuture.info\/de\/projects\/","og_site_name":"Biotexfuture","article_modified_time":"2025-10-06T07:06:10+00:00","twitter_card":"summary_large_image","schema":{"@context":"https:\/\/schema.org","@graph":[{"@type":"WebPage","@id":"https:\/\/biotexfuture.info\/de\/projects\/","url":"https:\/\/biotexfuture.info\/de\/projects\/","name":"Projekte - Biotexfuture","isPartOf":{"@id":"https:\/\/biotexfuture.info\/#website"},"datePublished":"2023-04-18T06:52:59+00:00","dateModified":"2025-10-06T07:06:10+00:00","description":"Biotexfuture vereint Projekte, um die textile Wertsch\u00f6pfungskette nachhaltig von erd\u00f6lbasierten auf biobasierte Materialien umzuwandeln.","breadcrumb":{"@id":"https:\/\/biotexfuture.info\/de\/projects\/#breadcrumb"},"inLanguage":"de","potentialAction":[{"@type":"ReadAction","target":["https:\/\/biotexfuture.info\/de\/projects\/"]}]},{"@type":"BreadcrumbList","@id":"https:\/\/biotexfuture.info\/de\/projects\/#breadcrumb","itemListElement":[{"@type":"ListItem","position":1,"name":"Home","item":"https:\/\/biotexfuture.info\/de\/"},{"@type":"ListItem","position":2,"name":"Projekte"}]},{"@type":"WebSite","@id":"https:\/\/biotexfuture.info\/#website","url":"https:\/\/biotexfuture.info\/","name":"Biotexfuture","description":"Gef\u00f6rderter Innovationsraum zur biobasierten Textilforschung","publisher":{"@id":"https:\/\/biotexfuture.info\/#organization"},"potentialAction":[{"@type":"SearchAction","target":{"@type":"EntryPoint","urlTemplate":"https:\/\/biotexfuture.info\/?s={search_term_string}"},"query-input":{"@type":"PropertyValueSpecification","valueRequired":true,"valueName":"search_term_string"}}],"inLanguage":"de"},{"@type":"Organization","@id":"https:\/\/biotexfuture.info\/#organization","name":"Biotexfuture","url":"https:\/\/biotexfuture.info\/","logo":{"@type":"ImageObject","inLanguage":"de","@id":"https:\/\/biotexfuture.info\/#\/schema\/logo\/image\/","url":"https:\/\/biotexfuture.info\/wp-content\/uploads\/2023\/04\/BTF-Logo-1@3x.png","contentUrl":"https:\/\/biotexfuture.info\/wp-content\/uploads\/2023\/04\/BTF-Logo-1@3x.png","width":369,"height":72,"caption":"Biotexfuture"},"image":{"@id":"https:\/\/biotexfuture.info\/#\/schema\/logo\/image\/"},"sameAs":["https:\/\/www.linkedin.com\/groups\/8986450\/"]}]}},"_links":{"self":[{"href":"https:\/\/biotexfuture.info\/de\/wp-json\/wp\/v2\/pages\/1478","targetHints":{"allow":["GET"]}}],"collection":[{"href":"https:\/\/biotexfuture.info\/de\/wp-json\/wp\/v2\/pages"}],"about":[{"href":"https:\/\/biotexfuture.info\/de\/wp-json\/wp\/v2\/types\/page"}],"author":[{"embeddable":true,"href":"https:\/\/biotexfuture.info\/de\/wp-json\/wp\/v2\/users\/1"}],"replies":[{"embeddable":true,"href":"https:\/\/biotexfuture.info\/de\/wp-json\/wp\/v2\/comments?post=1478"}],"version-history":[{"count":44,"href":"https:\/\/biotexfuture.info\/de\/wp-json\/wp\/v2\/pages\/1478\/revisions"}],"predecessor-version":[{"id":6689,"href":"https:\/\/biotexfuture.info\/de\/wp-json\/wp\/v2\/pages\/1478\/revisions\/6689"}],"wp:attachment":[{"href":"https:\/\/biotexfuture.info\/de\/wp-json\/wp\/v2\/media?parent=1478"}],"curies":[{"name":"wp","href":"https:\/\/api.w.org\/{rel}","templated":true}]}}