{"id":4324,"date":"2024-08-13T11:31:22","date_gmt":"2024-08-13T09:31:22","guid":{"rendered":"https:\/\/biotexfuture.info\/projects\/biopetex\/"},"modified":"2024-11-19T15:42:45","modified_gmt":"2024-11-19T14:42:45","slug":"biopetex","status":"publish","type":"page","link":"https:\/\/biotexfuture.info\/de\/projects\/biopetex\/","title":{"rendered":"bioPEtex"},"content":{"rendered":"\n<div style=\"height:50px\" aria-hidden=\"true\" class=\"wp-block-spacer\"><\/div>\n\n\n<section class=\"text\">\n\t\n\t<div class=\"container\">\n\n\t\t<div class=\"row\">\n\n\t\t\t<div class=\"col-lg-10\">\n\n\t\t\t\t<h2>BioPEtex<\/h2>\n<p>PE-basierte, spinngef\u00e4rbte und nachhaltige Kleidung aus biologischen Rohstoffen.<\/p>\n\n\t\t\t<\/div>\n\n\t\t<\/div>\n\n\t<\/div>\n\n<\/section>\n\n<section class=\"image\">\n\t\n\t<div class=\"container\">\n\n\t\t<div class=\"row\">\n\n\t\t\t<div class=\"col-lg-12\">\n\n\t\t\t\t<img decoding=\"async\" src=\"https:\/\/biotexfuture.info\/wp-content\/uploads\/2024\/08\/biopetex-bild-1-1-e1723541894163.jpg\" alt=\"\">\n\n\t\t\t<\/div>\n\n\t\t<\/div>\n\n\t<\/div>\n\n<\/section>\n\n\n<div style=\"height:45px\" aria-hidden=\"true\" class=\"wp-block-spacer\"><\/div>\n\n\n\n<div style=\"height:32px\" aria-hidden=\"true\" class=\"wp-block-spacer\"><\/div>\n\n\n<section class=\"columntext\">\n\t\n\t<div class=\"container\">\n\n\t\t<div class=\"row\">\n\n\t\t\t<div class=\"col-lg-6 textcolumn\">\n\n\t\t\t\t<div class=\"textcolumn_inner h-100\">\n\n\t\t\t\t\t<h2>Motivation<\/h2>\n<p style=\"font-weight: 400;\">Auf dem milliardenschweren Fasermarkt dominieren Polyester auf fossiler Basis (PES) den Bekleidungssektor mit einem Anteil von 52 %. Leider kann PET, das am h\u00e4ufigsten verwendete PES, im Gegensatz zu Polyethylen (PE) nicht zu 100 % biobasiert in industriellem Ma\u00dfstab hergestellt werden. Biobasiertes PE (Bio-PE), ein Drop-in-Polymer, das aus fermentierten St\u00e4rken oder Zuckern gewonnen wird, hat die gleichen Eigenschaften wie fossil basiertes PE und ist leicht recycelbar. Au\u00dferdem ist es billiger als andere Biopolymere, die in Fasern verwendet werden, und kann bei niedrigeren Temperaturen verarbeitet werden, was Energie spart. Spinngef\u00e4rbtes Bio-PE bietet erhebliche Umweltvorteile: Es verbraucht 50 % weniger Energie und Wasser als herk\u00f6mmliche F\u00e4rbeverfahren und st\u00f6\u00dft 60 % weniger CO<sub>2<\/sub> aus. \u00d6kobilanzen sagen voraus, dass PE den \u00f6kologischen Fu\u00dfabdruck der Textilindustrie erheblich verringern k\u00f6nnte, wobei spinngef\u00e4rbtes Bio-PE diese Verringerung noch verst\u00e4rkt. Dar\u00fcber hinaus sind PE-Textilien IR-transparent und bieten eine passive K\u00fchlung des K\u00f6rpers. Trotz dieser Vorteile wird PE noch nicht f\u00fcr Kleidung verwendet. Vorl\u00e4ufige Forschungen am ITA zeigen, dass PE zu spinngef\u00e4rbten Filamenten und gestrickten Maschen mit einer vielversprechenden Textur verarbeitet werden kann.        <\/p>\n\n\t\t\t\t<\/div>\n\n\t\t\t<\/div>\n\n\t\t\t<div class=\"col-lg-6 textcolumn h-100\">\n\n\t\t\t\t<div class=\"textcolumn_inner\">\n\n\t\t\t\t\t<h2>Ziel<\/h2>\n<p style=\"font-weight: 400;\">Ziel ist es, innerhalb von 19 Monaten ein spinnd\u00fcsengef\u00e4rbtes T-Shirt mit elastischer Ausr\u00fcstung aus biobasierten Rohstoffen herzustellen. Zu den Schritten geh\u00f6rt die Herstellung von Polymerverbindungen aus fossilem PE, dann aus Bio-PE und biobasierten Additiven. Ein farbiges Masterbatch f\u00fcr die Spinnf\u00e4rbung wird aus fossilbasierten und dann biobasierten Verbindungen entwickelt und bietet eine nachhaltige F\u00e4rbealternative. Stricktaugliche, texturierte Garne werden durch Schmelzspinnen und Falschdrahttexturierung hergestellt. Eine elastische Ausr\u00fcstung auf Biobasis wird das T-Shirt aufwerten, das aus einer einzigen Quelle stammt und thermomechanisch recycelbar ist.    <\/p>\n<p><a href=\"#_ftnref1\" name=\"_ftn1\"><\/a><\/p>\n\n\t\t\t\t<\/div>\n\n\t\t\t<\/div>\n\n\t\t<\/div>\n\n\t<\/div>\n\n<\/section>\n\n\n<div style=\"height:100px\" aria-hidden=\"true\" class=\"wp-block-spacer\"><\/div>\n\n\n<section class=\"text\">\n\t\n\t<div class=\"container\">\n\n\t\t<div class=\"row\">\n\n\t\t\t<div class=\"col-lg-10\">\n\n\t\t\t\t<h3>BIOPETEX VISUALISIERT<\/h3>\n\n\t\t\t<\/div>\n\n\t\t<\/div>\n\n\t<\/div>\n\n<\/section>\n\n<section class=\"image\">\n\t\n\t<div class=\"container\">\n\n\t\t<div class=\"row\">\n\n\t\t\t<div class=\"col-lg-12\">\n\n\t\t\t\t<img decoding=\"async\" src=\"https:\/\/biotexfuture.info\/wp-content\/uploads\/2024\/10\/BioPEtex-uberarbeitet-1.svg\" alt=\"\">\n\n\t\t\t<\/div>\n\n\t\t<\/div>\n\n\t<\/div>\n\n<\/section>\n\n\n<div style=\"height:100px\" aria-hidden=\"true\" class=\"wp-block-spacer\"><\/div>\n\n\n\n<section class=\"entry\">\n\t\n\t<div class=\"container\">\n\n\t\t<div class=\"row\">\n\n\t\t\t<div class=\"col-lg-12\">\n\n\t\t\t\t<div class=\"entry_inner text-bottom_right\">\n\n\t\t\t\t\t<div class=\"entry_text bottom_right\">\n\n\t\t\t\t\t\t<div id=\"comp-krno9o89\" class=\"MazNVa comp-krno9o89 wixui-image\"><\/div>\n<div id=\"comp-krft8ep61\" class=\"KcpHeO tz5f0K comp-krft8ep61 wixui-rich-text\" data-testid=\"richTextElement\">\n<h2 class=\"font_8 wixui-rich-text__text\"><span class=\"wixui-rich-text__text\">FORSCHUNGSANSATZ<\/span><\/h2>\n<div id=\"comp-krfvrkfy\" class=\"KcpHeO tz5f0K comp-krfvrkfy wixui-rich-text\" data-testid=\"richTextElement\">\n<p style=\"font-weight: 400;\">Kommerziell erh\u00e4ltliches PE auf fossiler und biologischer Basis wird beschafft, ver\u00e4ndert und compoundiert, um f\u00fcr das Schmelzspinnen und nachgelagerte Prozesse geeignet zu sein. Unter Verwendung dieser Mischungen werden Schmelzspinnverfahren (POY) entwickelt, wobei die Mischungen je nach Bedarf iterativ angepasst werden. Unter Verwendung der gesponnenen Garne wird ein Falschzwirntexturierungsverfahren (DTY) entwickelt, wobei die notwendigen \u00c4nderungen vorgenommen werden, um die f\u00fcr die DTY-Produktion erforderliche POY-Qualit\u00e4t zu gew\u00e4hrleisten. Unter Verwendung der texturierten Garne wird ein nahtloses Strickverfahren entwickelt und das DTY-Verfahren nach Bedarf verfeinert. Aus den gestrickten Textilien wird ein Demonstrationsshirt hergestellt, das mit einer biobasierten Ausr\u00fcstung versehen wird, um die erforderlichen Eigenschaften zu erf\u00fcllen. Im Rahmen des Projekts wird ein Design-for-Recycling-Ansatz verfolgt. Nach dem Erfolg des Projekts wird TECNARO Granulat und Masterbatch an die Filamenthersteller liefern, BBE wird die modifizierten Maschinen und Prozesse vermarkten und FALKE wird die Textildemonstratoren vermarkten. HOFFMANN + VOSS validiert in Folgeprojekten die Recyclingf\u00e4higkeit der Single-Origin-Textilien. Das ITA wird die Projektergebnisse in die weitere wissenschaftliche Forschung einflie\u00dfen lassen.        <\/p>\n<\/div>\n<\/div>\n\n\t\t\t\t\t\t\t\t\t\t\t\t\n\t\t\t\t\t<\/div>\n\n\t\t\t\t\t<img decoding=\"async\" src=\"https:\/\/biotexfuture.info\/wp-content\/uploads\/2024\/08\/biopetex-bild2.jpg\" alt=\"\">\n\n\t\t\t\t<\/div>\n\n\t\t\t<\/div>\n\n\t\t<\/div>\n\n\t<\/div>\n\n<\/section>\n\n\n<div style=\"height:100px\" aria-hidden=\"true\" class=\"wp-block-spacer\"><\/div>\n\n\n<section class=\"logowall\">\n\t\n\t<div class=\"container\">\n\n\t\t<div class=\"row\">\n\n\t\t\t<div class=\"col-lg-12\">\n\n\t\t\t\t<h3>Projektpartner<\/h3>\n\n\t\t\t<\/div>\n\n\t\t<\/div>\n\n\t\t<div class=\"row\">\n\n\t\t\t<div class=\"col-lg-12\">\n\n\t\t\t\t<ul class=\"logos\">\n\n\t\t\t\t\t\n\t\t\t\t\t\t\t<li><img decoding=\"async\" src=\"https:\/\/biotexfuture.info\/wp-content\/uploads\/2023\/04\/ITA-RWTH_logo.png\" alt=\"\"><\/li>\n\n\t\t\t\t\t\t\n\t\t\t\t\t\t\t<li><img decoding=\"async\" src=\"https:\/\/biotexfuture.info\/wp-content\/uploads\/2023\/04\/hoffmannvoss_logo.png\" alt=\"\"><\/li>\n\n\t\t\t\t\t\t\n\t\t\t\t\t\t\t<li><img decoding=\"async\" src=\"https:\/\/biotexfuture.info\/wp-content\/uploads\/2024\/08\/BBEngineering_Logo_original.jpg\" alt=\"\"><\/li>\n\n\t\t\t\t\t\t\n\t\t\t\t\t\t\t<li><img decoding=\"async\" src=\"https:\/\/biotexfuture.info\/wp-content\/uploads\/2023\/04\/Tecnar_logo.png\" alt=\"\"><\/li>\n\n\t\t\t\t\t\t\n\t\t\t\t<\/ul>\n\n\t\t\t<\/div>\n\n\t\t<\/div>\n\n\t<\/div>\n\n<\/section>\n\n\n<div style=\"height:0px\" aria-hidden=\"true\" class=\"wp-block-spacer\"><\/div>\n\n\n\n<div style=\"height:100px\" aria-hidden=\"true\" class=\"wp-block-spacer\"><\/div>\n\n\n<section class=\"text\">\n\t\n\t<div class=\"container\">\n\n\t\t<div class=\"row\">\n\n\t\t\t<div class=\"col-lg-10\">\n\n\t\t\t\t<h3>GET IN TOUCH<\/h3>\n\n\t\t\t<\/div>\n\n\t\t<\/div>\n\n\t<\/div>\n\n<\/section>\n\n\n<div style=\"height:30px\" aria-hidden=\"true\" class=\"wp-block-spacer\"><\/div>\n\n\n<section class=\"team\">\n\n\t<div class=\"container\">\n\n\t\t<div class=\"row\">\n\n\t\t\t\n\t\t\t\t\t<div class=\"col-lg-6 col-md-12 teammember_single\">\n\n\t\t\t\t\t\t<div class=\"teammember_inner\">\n\n\t\t\t\t\t\t\t<div class=\"row p-0 align-items-end\">\n\n\t\t\t\t\t\t\t\t<div class=\"col-md-5 teammember_image\">\n\n\t\t\t\t\t\t\t\t\t<img decoding=\"async\" src=\"https:\/\/biotexfuture.info\/wp-content\/uploads\/2024\/08\/M.-Ortega_portrait_sw.Biopetex-e1723540986236.jpg\" alt=\"\">\n\n\t\t\t\t\t\t\t\t<\/div>\n\n\t\t\t\t\t\t\t\t<div class=\"col-md-7 teammember_info\">\n\n\t\t\t\t\t\t\t\t\t<strong>Mathias Ortega M. Sc.<\/strong>\n\n\t\t\t\t\t\t\t\t\t<span>Projektleitung<\/span>\n\n\t\t\t\t\t\t\t\t\t<span><a href=\"mailto:Mathias.ortega@ita.rwth-aachen.de\">Mathias.ortega@ita.rwth-aachen.de<\/a><\/span>\n\n\t\t\t\t\t\t\t\t<\/div>\n\n\t\t\t\t\t\t\t<\/div>\n\n\t\t\t\t\t\t<\/div>\n\n\t\t\t\t\t<\/div>\n\n\t\t\t\t\n\t\t\t\t\t<div class=\"col-lg-6 col-md-12 teammember_single\">\n\n\t\t\t\t\t\t<div class=\"teammember_inner\">\n\n\t\t\t\t\t\t\t<div class=\"row p-0 align-items-end\">\n\n\t\t\t\t\t\t\t\t<div class=\"col-md-5 teammember_image\">\n\n\t\t\t\t\t\t\t\t\t<img decoding=\"async\" src=\"https:\/\/biotexfuture.info\/wp-content\/uploads\/2024\/08\/Langer-Jannis_portrait_sw.biopetex-scaled-e1723541098659.jpg\" alt=\"\">\n\n\t\t\t\t\t\t\t\t<\/div>\n\n\t\t\t\t\t\t\t\t<div class=\"col-md-7 teammember_info\">\n\n\t\t\t\t\t\t\t\t\t<strong>Jannis Langer M. Sc.<\/strong>\n\n\t\t\t\t\t\t\t\t\t<span>Stellvertretende Projektleitung<\/span>\n\n\t\t\t\t\t\t\t\t\t<span><a href=\"mailto:jannis.langer@ita.rwth-aachen.de\">jannis.langer@ita.rwth-aachen.de<\/a><\/span>\n\n\t\t\t\t\t\t\t\t<\/div>\n\n\t\t\t\t\t\t\t<\/div>\n\n\t\t\t\t\t\t<\/div>\n\n\t\t\t\t\t<\/div>\n\n\t\t\t\t\n\t\t<\/div>\n\n\t<\/div>\n\n<\/section>\n\n\n<div style=\"height:60px\" aria-hidden=\"true\" class=\"wp-block-spacer\"><\/div>\n\n\n<section class=\"ctabutton\">\n\t\n\t<div class=\"container\">\n\n\t\t<div class=\"row\">\n\n\t\t\t<div class=\"col-lg-12\">\n\n\t\t\t\t<strong>Sie m\u00f6chten sich auch f\u00fcr ein Projekt bewerben?<\/strong>\n\n\t\t\t\t<a href=\"mailto:kontakt@biotexfuture.info\">Kontaktiere uns<\/a>\n\n\t\t\t<\/div>\n\n\t\t<\/div>\n\n\t<\/div>\n\n<\/section>\n\n<section class=\"partner\">\n\t\n\t<div class=\"container\">\n\n\t\t<div class=\"row\">\n\n\t\t\t<div class=\"col-lg-12 partner_intro\">\n\n\t\t\t\t<div class=\"partner_logo\">\n\t\t\t\t\t\n\t\t\t\t\t<img decoding=\"async\" src=\"\">\n\n\t\t\t\t<\/div>\n\n\t\t\t<\/div>\n\n\t\t\t<div class=\"col-lg-12 partner_text\">\n\n\t\t\t\t\n\t\t\t\t<a href=\"\" class=\"partner_text-button\"><\/a>\n\n\t\t\t<\/div>\n\n\t\t<\/div>\n\n\t<\/div>\n\n<\/section>","protected":false},"excerpt":{"rendered":"","protected":false},"author":1,"featured_media":0,"parent":1478,"menu_order":0,"comment_status":"closed","ping_status":"closed","template":"","meta":{"footnotes":""},"class_list":["post-4324","page","type-page","status-publish","hentry"],"acf":[],"yoast_head":"<!-- This site is optimized with the Yoast SEO plugin v23.7 - https:\/\/yoast.com\/wordpress\/plugins\/seo\/ -->\n<title>bioPEtex - Biotexfuture<\/title>\n<meta name=\"robots\" content=\"index, follow, max-snippet:-1, max-image-preview:large, max-video-preview:-1\" \/>\n<link rel=\"canonical\" href=\"https:\/\/biotexfuture.info\/de\/projects\/biopetex\/\" \/>\n<meta property=\"og:locale\" content=\"de_DE\" \/>\n<meta property=\"og:type\" content=\"article\" \/>\n<meta property=\"og:title\" content=\"bioPEtex - Biotexfuture\" \/>\n<meta property=\"og:url\" content=\"https:\/\/biotexfuture.info\/de\/projects\/biopetex\/\" \/>\n<meta property=\"og:site_name\" content=\"Biotexfuture\" \/>\n<meta property=\"article:modified_time\" content=\"2024-11-19T14:42:45+00:00\" \/>\n<meta name=\"twitter:card\" content=\"summary_large_image\" \/>\n<script type=\"application\/ld+json\" class=\"yoast-schema-graph\">{\"@context\":\"https:\/\/schema.org\",\"@graph\":[{\"@type\":\"WebPage\",\"@id\":\"https:\/\/biotexfuture.info\/de\/projects\/biopetex\/\",\"url\":\"https:\/\/biotexfuture.info\/de\/projects\/biopetex\/\",\"name\":\"bioPEtex - Biotexfuture\",\"isPartOf\":{\"@id\":\"https:\/\/biotexfuture.info\/#website\"},\"datePublished\":\"2024-08-13T09:31:22+00:00\",\"dateModified\":\"2024-11-19T14:42:45+00:00\",\"breadcrumb\":{\"@id\":\"https:\/\/biotexfuture.info\/de\/projects\/biopetex\/#breadcrumb\"},\"inLanguage\":\"de\",\"potentialAction\":[{\"@type\":\"ReadAction\",\"target\":[\"https:\/\/biotexfuture.info\/de\/projects\/biopetex\/\"]}]},{\"@type\":\"BreadcrumbList\",\"@id\":\"https:\/\/biotexfuture.info\/de\/projects\/biopetex\/#breadcrumb\",\"itemListElement\":[{\"@type\":\"ListItem\",\"position\":1,\"name\":\"Home\",\"item\":\"https:\/\/biotexfuture.info\/de\/\"},{\"@type\":\"ListItem\",\"position\":2,\"name\":\"Projekte\",\"item\":\"https:\/\/biotexfuture.info\/de\/projects\/\"},{\"@type\":\"ListItem\",\"position\":3,\"name\":\"bioPEtex\"}]},{\"@type\":\"WebSite\",\"@id\":\"https:\/\/biotexfuture.info\/#website\",\"url\":\"https:\/\/biotexfuture.info\/\",\"name\":\"Biotexfuture\",\"description\":\"Gef\u00f6rderter Innovationsraum zur biobasierten Textilforschung\",\"publisher\":{\"@id\":\"https:\/\/biotexfuture.info\/#organization\"},\"potentialAction\":[{\"@type\":\"SearchAction\",\"target\":{\"@type\":\"EntryPoint\",\"urlTemplate\":\"https:\/\/biotexfuture.info\/?s={search_term_string}\"},\"query-input\":{\"@type\":\"PropertyValueSpecification\",\"valueRequired\":true,\"valueName\":\"search_term_string\"}}],\"inLanguage\":\"de\"},{\"@type\":\"Organization\",\"@id\":\"https:\/\/biotexfuture.info\/#organization\",\"name\":\"Biotexfuture\",\"url\":\"https:\/\/biotexfuture.info\/\",\"logo\":{\"@type\":\"ImageObject\",\"inLanguage\":\"de\",\"@id\":\"https:\/\/biotexfuture.info\/#\/schema\/logo\/image\/\",\"url\":\"https:\/\/biotexfuture.info\/wp-content\/uploads\/2023\/04\/BTF-Logo-1@3x.png\",\"contentUrl\":\"https:\/\/biotexfuture.info\/wp-content\/uploads\/2023\/04\/BTF-Logo-1@3x.png\",\"width\":369,\"height\":72,\"caption\":\"Biotexfuture\"},\"image\":{\"@id\":\"https:\/\/biotexfuture.info\/#\/schema\/logo\/image\/\"},\"sameAs\":[\"https:\/\/www.linkedin.com\/groups\/8986450\/\"]}]}<\/script>\n<!-- \/ Yoast SEO plugin. -->","yoast_head_json":{"title":"bioPEtex - Biotexfuture","robots":{"index":"index","follow":"follow","max-snippet":"max-snippet:-1","max-image-preview":"max-image-preview:large","max-video-preview":"max-video-preview:-1"},"canonical":"https:\/\/biotexfuture.info\/de\/projects\/biopetex\/","og_locale":"de_DE","og_type":"article","og_title":"bioPEtex - Biotexfuture","og_url":"https:\/\/biotexfuture.info\/de\/projects\/biopetex\/","og_site_name":"Biotexfuture","article_modified_time":"2024-11-19T14:42:45+00:00","twitter_card":"summary_large_image","schema":{"@context":"https:\/\/schema.org","@graph":[{"@type":"WebPage","@id":"https:\/\/biotexfuture.info\/de\/projects\/biopetex\/","url":"https:\/\/biotexfuture.info\/de\/projects\/biopetex\/","name":"bioPEtex - Biotexfuture","isPartOf":{"@id":"https:\/\/biotexfuture.info\/#website"},"datePublished":"2024-08-13T09:31:22+00:00","dateModified":"2024-11-19T14:42:45+00:00","breadcrumb":{"@id":"https:\/\/biotexfuture.info\/de\/projects\/biopetex\/#breadcrumb"},"inLanguage":"de","potentialAction":[{"@type":"ReadAction","target":["https:\/\/biotexfuture.info\/de\/projects\/biopetex\/"]}]},{"@type":"BreadcrumbList","@id":"https:\/\/biotexfuture.info\/de\/projects\/biopetex\/#breadcrumb","itemListElement":[{"@type":"ListItem","position":1,"name":"Home","item":"https:\/\/biotexfuture.info\/de\/"},{"@type":"ListItem","position":2,"name":"Projekte","item":"https:\/\/biotexfuture.info\/de\/projects\/"},{"@type":"ListItem","position":3,"name":"bioPEtex"}]},{"@type":"WebSite","@id":"https:\/\/biotexfuture.info\/#website","url":"https:\/\/biotexfuture.info\/","name":"Biotexfuture","description":"Gef\u00f6rderter Innovationsraum zur biobasierten Textilforschung","publisher":{"@id":"https:\/\/biotexfuture.info\/#organization"},"potentialAction":[{"@type":"SearchAction","target":{"@type":"EntryPoint","urlTemplate":"https:\/\/biotexfuture.info\/?s={search_term_string}"},"query-input":{"@type":"PropertyValueSpecification","valueRequired":true,"valueName":"search_term_string"}}],"inLanguage":"de"},{"@type":"Organization","@id":"https:\/\/biotexfuture.info\/#organization","name":"Biotexfuture","url":"https:\/\/biotexfuture.info\/","logo":{"@type":"ImageObject","inLanguage":"de","@id":"https:\/\/biotexfuture.info\/#\/schema\/logo\/image\/","url":"https:\/\/biotexfuture.info\/wp-content\/uploads\/2023\/04\/BTF-Logo-1@3x.png","contentUrl":"https:\/\/biotexfuture.info\/wp-content\/uploads\/2023\/04\/BTF-Logo-1@3x.png","width":369,"height":72,"caption":"Biotexfuture"},"image":{"@id":"https:\/\/biotexfuture.info\/#\/schema\/logo\/image\/"},"sameAs":["https:\/\/www.linkedin.com\/groups\/8986450\/"]}]}},"_links":{"self":[{"href":"https:\/\/biotexfuture.info\/de\/wp-json\/wp\/v2\/pages\/4324","targetHints":{"allow":["GET"]}}],"collection":[{"href":"https:\/\/biotexfuture.info\/de\/wp-json\/wp\/v2\/pages"}],"about":[{"href":"https:\/\/biotexfuture.info\/de\/wp-json\/wp\/v2\/types\/page"}],"author":[{"embeddable":true,"href":"https:\/\/biotexfuture.info\/de\/wp-json\/wp\/v2\/users\/1"}],"replies":[{"embeddable":true,"href":"https:\/\/biotexfuture.info\/de\/wp-json\/wp\/v2\/comments?post=4324"}],"version-history":[{"count":9,"href":"https:\/\/biotexfuture.info\/de\/wp-json\/wp\/v2\/pages\/4324\/revisions"}],"predecessor-version":[{"id":4982,"href":"https:\/\/biotexfuture.info\/de\/wp-json\/wp\/v2\/pages\/4324\/revisions\/4982"}],"up":[{"embeddable":true,"href":"https:\/\/biotexfuture.info\/de\/wp-json\/wp\/v2\/pages\/1478"}],"wp:attachment":[{"href":"https:\/\/biotexfuture.info\/de\/wp-json\/wp\/v2\/media?parent=4324"}],"curies":[{"name":"wp","href":"https:\/\/api.w.org\/{rel}","templated":true}]}}