{"id":4759,"date":"2024-03-05T14:39:06","date_gmt":"2024-03-05T13:39:06","guid":{"rendered":"https:\/\/biotexfuture.info\/projects\/biocushion\/"},"modified":"2025-04-01T13:50:40","modified_gmt":"2025-04-01T11:50:40","slug":"biocushion","status":"publish","type":"page","link":"https:\/\/biotexfuture.info\/de\/projects\/biocushion\/","title":{"rendered":"BioCushion"},"content":{"rendered":"\n<div style=\"height:50px\" aria-hidden=\"true\" class=\"wp-block-spacer\"><\/div>\n\n\n<section class=\"text\">\n\t\n\t<div class=\"container\">\n\n\t\t<div class=\"row\">\n\n\t\t\t<div class=\"col-lg-10\">\n\n\t\t\t\t<h2>BioCushion<\/h2>\n<p>Ein anwendungsspezifischer Leitfaden f\u00fcr die Entwicklung von kreisf\u00f6rmigen Abstandsgeweben.<\/p>\n\n\t\t\t<\/div>\n\n\t\t<\/div>\n\n\t<\/div>\n\n<\/section>\n\n<section class=\"image\">\n\t\n\t<div class=\"container\">\n\n\t\t<div class=\"row\">\n\n\t\t\t<div class=\"col-lg-12\">\n\n\t\t\t\t<img decoding=\"async\" src=\"https:\/\/biotexfuture.info\/wp-content\/uploads\/2024\/03\/Moos-bearbeitet-scaled-e1709646387845.jpg\" alt=\"\">\n\n\t\t\t<\/div>\n\n\t\t<\/div>\n\n\t<\/div>\n\n<\/section>\n\n\n<div style=\"height:45px\" aria-hidden=\"true\" class=\"wp-block-spacer\"><\/div>\n\n\n\n<div style=\"height:32px\" aria-hidden=\"true\" class=\"wp-block-spacer\"><\/div>\n\n\n<section class=\"columntext\">\n\t\n\t<div class=\"container\">\n\n\t\t<div class=\"row\">\n\n\t\t\t<div class=\"col-lg-6 textcolumn\">\n\n\t\t\t\t<div class=\"textcolumn_inner h-100\">\n\n\t\t\t\t\t<h2>Motivation<\/h2>\n<p>Aufgrund der gro\u00dfen Anzahl variabler Parameter f\u00fcr den textilen Aufbau und die daraus resultierenden Eigenschaften sind Abstandsgewirke f\u00fcr den Einsatz in unz\u00e4hligen Anwendungsbereichen attraktiv. Aufgrund der dreidimensionalen Struktur werden diese textilen Substrate h\u00e4ufig als Polsterelemente eingesetzt. Zunehmend gibt es Anfragen aus der Industrie, Schaumstoffkomponenten durch Abstandsgewirke zu ersetzen. Aber bringt die Substitution auch eine Verbesserung in Sachen Nachhaltigkeit? Zwar verspricht das wachsende Angebot an neuen Garnmaterialien eine nachhaltigere Produktion, aber noch immer ist der Gro\u00dfteil der Textilproduktion auf Produkte fossilen Ursprungs angewiesen. Die Gr\u00fcnde daf\u00fcr sind vielf\u00e4ltig. Enge Auftragsfristen stellen die Entwickler oft vor die Herausforderung, den Spagat zwischen der Suche nach neuen Ressourcen und der Einhaltung von Qualit\u00e4tsstandards zu meistern. H\u00e4ufig endet der Ansatz einer nachhaltigen Produktl\u00f6sung bereits bei der Auswahl eines geeigneten Garns, um das Risiko einer verminderten Funktionssicherheit zu vermeiden.       <\/p>\n\n\t\t\t\t<\/div>\n\n\t\t\t<\/div>\n\n\t\t\t<div class=\"col-lg-6 textcolumn h-100\">\n\n\t\t\t\t<div class=\"textcolumn_inner\">\n\n\t\t\t\t\t<h2>Ziel<\/h2>\n<p>Ziel ist die Erarbeitung einer anwendungsspezifischen Verfahrensbeschreibung f\u00fcr die Entwicklung runder Abstandsgewirke, die im industriellen Ma\u00dfstab eingesetzt und f\u00fcr andere Anwendungsbereiche adaptiert werden kann. Im Projektzeitraum sollen verf\u00fcgbare Materialien katalogisiert, getestet und mit den ermittelten Anforderungen an verschiedenste Abstandsgewirke aus dem Polsterm\u00f6belbereich verglichen werden. Im Rahmen des Projektes soll ein Demonstrator aus dem Bereich der Sportbekleidung f\u00fcr einen vordefinierten Leistungsvergleich erstellt werden.<\/p>\n<p><a href=\"#_ftnref1\" name=\"_ftn1\"><\/a><\/p>\n\n\t\t\t\t<\/div>\n\n\t\t\t<\/div>\n\n\t\t<\/div>\n\n\t<\/div>\n\n<\/section>\n\n\n<div style=\"height:100px\" aria-hidden=\"true\" class=\"wp-block-spacer\"><\/div>\n\n\n<section class=\"text\">\n\t\n\t<div class=\"container\">\n\n\t\t<div class=\"row\">\n\n\t\t\t<div class=\"col-lg-10\">\n\n\t\t\t\t<h3>BioCushion Visualisiert<\/h3>\n\n\t\t\t<\/div>\n\n\t\t<\/div>\n\n\t<\/div>\n\n<\/section>\n\n<section class=\"image\">\n\t\n\t<div class=\"container\">\n\n\t\t<div class=\"row\">\n\n\t\t\t<div class=\"col-lg-12\">\n\n\t\t\t\t<img decoding=\"async\" src=\"https:\/\/biotexfuture.info\/wp-content\/uploads\/2024\/08\/BIOCUSHION-_NEU-1.svg\" alt=\"\">\n\n\t\t\t<\/div>\n\n\t\t<\/div>\n\n\t<\/div>\n\n<\/section>\n\n\n<div style=\"height:100px\" aria-hidden=\"true\" class=\"wp-block-spacer\"><\/div>\n\n\n\n<section class=\"entry\">\n\t\n\t<div class=\"container\">\n\n\t\t<div class=\"row\">\n\n\t\t\t<div class=\"col-lg-12\">\n\n\t\t\t\t<div class=\"entry_inner text-bottom_right\">\n\n\t\t\t\t\t<div class=\"entry_text bottom_right\">\n\n\t\t\t\t\t\t<div id=\"comp-krno9o89\" class=\"MazNVa comp-krno9o89 wixui-image\"><\/div>\n<div id=\"comp-krft8ep61\" class=\"KcpHeO tz5f0K comp-krft8ep61 wixui-rich-text\" data-testid=\"richTextElement\">\n<h2 class=\"font_8 wixui-rich-text__text\"><span class=\"wixui-rich-text__text\">Forschungsansatz<\/span><\/h2>\n<div id=\"comp-krfvrkfy\" class=\"KcpHeO tz5f0K comp-krfvrkfy wixui-rich-text\" data-testid=\"richTextElement\">\n<p class=\"font_8 wixui-rich-text__text\">Es gibt viele material- und anwendungsbezogene Studien. Fokussiert auf ein wissenschaftliches Teilgebiet, liefern diese Berichte oft nur L\u00f6sungsans\u00e4tze, die wir selbst wie Puzzleteile in Korrelation mit anderen Gestaltungsparametern zusammensetzen m\u00fcssen, um ein optimales Produktergebnis zu erzielen. Wenn der Wandel zu einer ganzheitlichen und nachhaltigen Produktentwicklung gelingen soll, muss dieser ressourcenintensive Prozess f\u00fcr Unternehmen vereinfacht werden. Aus diesem Grund hat sich das BioCushion-Projektteam zum Ziel gesetzt, einen Entwicklungsleitfaden zu erstellen, der die Kreislauff\u00e4higkeit und CO2-Reduktion des Produkts (Halbzeugs) in den Mittelpunkt stellt und die H\u00fcrde der Auswahl eines umweltfreundlichen Garns beseitigt. Die geplante Arbeit des Konsortiums ist in erster Linie als Grundlagenforschung gedacht, die einen Meilenstein f\u00fcr die Weiterentwicklung bestehender Abstandsgewirke zu nachhaltigeren Optionen setzen soll (inkrementelle Innovation).    <\/p>\n<\/div>\n<\/div>\n\n\t\t\t\t\t\t\t\t\t\t\t\t\n\t\t\t\t\t<\/div>\n\n\t\t\t\t\t<img decoding=\"async\" src=\"https:\/\/biotexfuture.info\/wp-content\/uploads\/2024\/03\/6e7c169f-d92d-4486-bca3-48bae8dc7f56_2.0-e1709645755248.jpg\" alt=\"\">\n\n\t\t\t\t<\/div>\n\n\t\t\t<\/div>\n\n\t\t<\/div>\n\n\t<\/div>\n\n<\/section>\n\n\n<div style=\"height:100px\" aria-hidden=\"true\" class=\"wp-block-spacer\"><\/div>\n\n\n<section class=\"logowall\">\n\t\n\t<div class=\"container\">\n\n\t\t<div class=\"row\">\n\n\t\t\t<div class=\"col-lg-12\">\n\n\t\t\t\t<h3>Projektpartner<\/h3>\n\n\t\t\t<\/div>\n\n\t\t<\/div>\n\n\t\t<div class=\"row\">\n\n\t\t\t<div class=\"col-lg-12\">\n\n\t\t\t\t<ul class=\"logos\">\n\n\t\t\t\t\t\n\t\t\t\t\t\t\t<li><img decoding=\"async\" src=\"https:\/\/biotexfuture.info\/wp-content\/uploads\/2023\/04\/adidas_logo-04-e1687938871434.png\" alt=\"\"><\/li>\n\n\t\t\t\t\t\t\n\t\t\t\t\t\t\t<li><img decoding=\"async\" src=\"https:\/\/biotexfuture.info\/wp-content\/uploads\/2024\/03\/TITV_Logo.jpg\" alt=\"\"><\/li>\n\n\t\t\t\t\t\t\n\t\t\t\t\t\t\t<li><img decoding=\"async\" src=\"https:\/\/biotexfuture.info\/wp-content\/uploads\/2024\/04\/Vektorlogo_zwissTEX_grey_CMYK_300-dpi.png\" alt=\"\"><\/li>\n\n\t\t\t\t\t\t\n\t\t\t\t<\/ul>\n\n\t\t\t<\/div>\n\n\t\t<\/div>\n\n\t<\/div>\n\n<\/section>\n\n\n<div style=\"height:0px\" aria-hidden=\"true\" class=\"wp-block-spacer\"><\/div>\n\n\n<section class=\"text\">\n\t\n\t<div class=\"container\">\n\n\t\t<div class=\"row\">\n\n\t\t\t<div class=\"col-lg-10\">\n\n\t\t\t\t<h3>GET IN TOUCH<\/h3>\n\n\t\t\t<\/div>\n\n\t\t<\/div>\n\n\t<\/div>\n\n<\/section>\n\n\n<div style=\"height:100px\" aria-hidden=\"true\" class=\"wp-block-spacer\"><\/div>\n\n\n<section class=\"team\">\n\n\t<div class=\"container\">\n\n\t\t<div class=\"row\">\n\n\t\t\t\n\t\t\t\t\t<div class=\"col-lg-6 col-md-12 teammember_single\">\n\n\t\t\t\t\t\t<div class=\"teammember_inner\">\n\n\t\t\t\t\t\t\t<div class=\"row p-0 align-items-end\">\n\n\t\t\t\t\t\t\t\t<div class=\"col-md-5 teammember_image\">\n\n\t\t\t\t\t\t\t\t\t<img decoding=\"async\" src=\"https:\/\/biotexfuture.info\/wp-content\/uploads\/2024\/03\/Caroline_BioCushion-scaled-e1710243460922.jpg\" alt=\"\">\n\n\t\t\t\t\t\t\t\t<\/div>\n\n\t\t\t\t\t\t\t\t<div class=\"col-md-7 teammember_info\">\n\n\t\t\t\t\t\t\t\t\t<strong>Caroline Gierke M.Sc.<\/strong>\n\n\t\t\t\t\t\t\t\t\t<span>Projektleitung<\/span>\n\n\t\t\t\t\t\t\t\t\t<span><a href=\"mailto:c.gierke@titv-greiz.de\">c.gierke@titv-greiz.de<\/a><\/span>\n\n\t\t\t\t\t\t\t\t<\/div>\n\n\t\t\t\t\t\t\t<\/div>\n\n\t\t\t\t\t\t<\/div>\n\n\t\t\t\t\t<\/div>\n\n\t\t\t\t\n\t\t\t\t\t<div class=\"col-lg-6 col-md-12 teammember_single\">\n\n\t\t\t\t\t\t<div class=\"teammember_inner\">\n\n\t\t\t\t\t\t\t<div class=\"row p-0 align-items-end\">\n\n\t\t\t\t\t\t\t\t<div class=\"col-md-5 teammember_image\">\n\n\t\t\t\t\t\t\t\t\t<img decoding=\"async\" src=\"https:\/\/biotexfuture.info\/wp-content\/uploads\/2024\/03\/BioCushion_TsevetlinaStoilova-e1710245653672.png\" alt=\"\">\n\n\t\t\t\t\t\t\t\t<\/div>\n\n\t\t\t\t\t\t\t\t<div class=\"col-md-7 teammember_info\">\n\n\t\t\t\t\t\t\t\t\t<strong>Dr. Tsvetelina Stoilova <\/strong>\n\n\t\t\t\t\t\t\t\t\t<span>Stellvertretender Projektleiter<\/span>\n\n\t\t\t\t\t\t\t\t\t<span><a href=\"mailto:Tsvetelina.Stoilova@zwisstex.com\">Tsvetelina.Stoilova@zwisstex.com<\/a><\/span>\n\n\t\t\t\t\t\t\t\t<\/div>\n\n\t\t\t\t\t\t\t<\/div>\n\n\t\t\t\t\t\t<\/div>\n\n\t\t\t\t\t<\/div>\n\n\t\t\t\t\n\t\t<\/div>\n\n\t<\/div>\n\n<\/section>\n\n\n<div style=\"height:60px\" aria-hidden=\"true\" class=\"wp-block-spacer\"><\/div>\n\n\n<section class=\"ctabutton\">\n\t\n\t<div class=\"container\">\n\n\t\t<div class=\"row\">\n\n\t\t\t<div class=\"col-lg-12\">\n\n\t\t\t\t<strong>Sie m\u00f6chten sich auch f\u00fcr ein Projekt bewerben?<\/strong>\n\n\t\t\t\t<a href=\"mailto:kontakt@biotexfuture.info\">Kontaktiere uns<\/a>\n\n\t\t\t<\/div>\n\n\t\t<\/div>\n\n\t<\/div>\n\n<\/section>\n\n<section class=\"partner\">\n\t\n\t<div class=\"container\">\n\n\t\t<div class=\"row\">\n\n\t\t\t<div class=\"col-lg-12 partner_intro\">\n\n\t\t\t\t<div class=\"partner_logo\">\n\t\t\t\t\t\n\t\t\t\t\t<img decoding=\"async\" src=\"\">\n\n\t\t\t\t<\/div>\n\n\t\t\t<\/div>\n\n\t\t\t<div class=\"col-lg-12 partner_text\">\n\n\t\t\t\t\n\t\t\t\t<a href=\"\" class=\"partner_text-button\"><\/a>\n\n\t\t\t<\/div>\n\n\t\t<\/div>\n\n\t<\/div>\n\n<\/section>","protected":false},"excerpt":{"rendered":"","protected":false},"author":1,"featured_media":0,"parent":1478,"menu_order":0,"comment_status":"closed","ping_status":"closed","template":"","meta":{"footnotes":""},"class_list":["post-4759","page","type-page","status-publish","hentry"],"acf":[],"yoast_head":"<!-- This site is optimized with the Yoast SEO plugin v23.7 - https:\/\/yoast.com\/wordpress\/plugins\/seo\/ -->\n<title>BioCushion - Biotexfuture<\/title>\n<meta name=\"robots\" content=\"index, follow, max-snippet:-1, max-image-preview:large, max-video-preview:-1\" \/>\n<link rel=\"canonical\" href=\"https:\/\/biotexfuture.info\/de\/projects\/biocushion\/\" \/>\n<meta property=\"og:locale\" content=\"de_DE\" \/>\n<meta property=\"og:type\" content=\"article\" \/>\n<meta property=\"og:title\" content=\"BioCushion - Biotexfuture\" \/>\n<meta property=\"og:url\" content=\"https:\/\/biotexfuture.info\/de\/projects\/biocushion\/\" \/>\n<meta property=\"og:site_name\" content=\"Biotexfuture\" \/>\n<meta property=\"article:modified_time\" content=\"2025-04-01T11:50:40+00:00\" \/>\n<meta name=\"twitter:card\" content=\"summary_large_image\" \/>\n<script type=\"application\/ld+json\" class=\"yoast-schema-graph\">{\"@context\":\"https:\/\/schema.org\",\"@graph\":[{\"@type\":\"WebPage\",\"@id\":\"https:\/\/biotexfuture.info\/de\/projects\/biocushion\/\",\"url\":\"https:\/\/biotexfuture.info\/de\/projects\/biocushion\/\",\"name\":\"BioCushion - Biotexfuture\",\"isPartOf\":{\"@id\":\"https:\/\/biotexfuture.info\/#website\"},\"datePublished\":\"2024-03-05T13:39:06+00:00\",\"dateModified\":\"2025-04-01T11:50:40+00:00\",\"breadcrumb\":{\"@id\":\"https:\/\/biotexfuture.info\/de\/projects\/biocushion\/#breadcrumb\"},\"inLanguage\":\"de\",\"potentialAction\":[{\"@type\":\"ReadAction\",\"target\":[\"https:\/\/biotexfuture.info\/de\/projects\/biocushion\/\"]}]},{\"@type\":\"BreadcrumbList\",\"@id\":\"https:\/\/biotexfuture.info\/de\/projects\/biocushion\/#breadcrumb\",\"itemListElement\":[{\"@type\":\"ListItem\",\"position\":1,\"name\":\"Home\",\"item\":\"https:\/\/biotexfuture.info\/de\/\"},{\"@type\":\"ListItem\",\"position\":2,\"name\":\"Projekte\",\"item\":\"https:\/\/biotexfuture.info\/de\/projects\/\"},{\"@type\":\"ListItem\",\"position\":3,\"name\":\"BioCushion\"}]},{\"@type\":\"WebSite\",\"@id\":\"https:\/\/biotexfuture.info\/#website\",\"url\":\"https:\/\/biotexfuture.info\/\",\"name\":\"Biotexfuture\",\"description\":\"Gef\u00f6rderter Innovationsraum zur biobasierten Textilforschung\",\"publisher\":{\"@id\":\"https:\/\/biotexfuture.info\/#organization\"},\"potentialAction\":[{\"@type\":\"SearchAction\",\"target\":{\"@type\":\"EntryPoint\",\"urlTemplate\":\"https:\/\/biotexfuture.info\/?s={search_term_string}\"},\"query-input\":{\"@type\":\"PropertyValueSpecification\",\"valueRequired\":true,\"valueName\":\"search_term_string\"}}],\"inLanguage\":\"de\"},{\"@type\":\"Organization\",\"@id\":\"https:\/\/biotexfuture.info\/#organization\",\"name\":\"Biotexfuture\",\"url\":\"https:\/\/biotexfuture.info\/\",\"logo\":{\"@type\":\"ImageObject\",\"inLanguage\":\"de\",\"@id\":\"https:\/\/biotexfuture.info\/#\/schema\/logo\/image\/\",\"url\":\"https:\/\/biotexfuture.info\/wp-content\/uploads\/2023\/04\/BTF-Logo-1@3x.png\",\"contentUrl\":\"https:\/\/biotexfuture.info\/wp-content\/uploads\/2023\/04\/BTF-Logo-1@3x.png\",\"width\":369,\"height\":72,\"caption\":\"Biotexfuture\"},\"image\":{\"@id\":\"https:\/\/biotexfuture.info\/#\/schema\/logo\/image\/\"},\"sameAs\":[\"https:\/\/www.linkedin.com\/groups\/8986450\/\"]}]}<\/script>\n<!-- \/ Yoast SEO plugin. -->","yoast_head_json":{"title":"BioCushion - Biotexfuture","robots":{"index":"index","follow":"follow","max-snippet":"max-snippet:-1","max-image-preview":"max-image-preview:large","max-video-preview":"max-video-preview:-1"},"canonical":"https:\/\/biotexfuture.info\/de\/projects\/biocushion\/","og_locale":"de_DE","og_type":"article","og_title":"BioCushion - Biotexfuture","og_url":"https:\/\/biotexfuture.info\/de\/projects\/biocushion\/","og_site_name":"Biotexfuture","article_modified_time":"2025-04-01T11:50:40+00:00","twitter_card":"summary_large_image","schema":{"@context":"https:\/\/schema.org","@graph":[{"@type":"WebPage","@id":"https:\/\/biotexfuture.info\/de\/projects\/biocushion\/","url":"https:\/\/biotexfuture.info\/de\/projects\/biocushion\/","name":"BioCushion - Biotexfuture","isPartOf":{"@id":"https:\/\/biotexfuture.info\/#website"},"datePublished":"2024-03-05T13:39:06+00:00","dateModified":"2025-04-01T11:50:40+00:00","breadcrumb":{"@id":"https:\/\/biotexfuture.info\/de\/projects\/biocushion\/#breadcrumb"},"inLanguage":"de","potentialAction":[{"@type":"ReadAction","target":["https:\/\/biotexfuture.info\/de\/projects\/biocushion\/"]}]},{"@type":"BreadcrumbList","@id":"https:\/\/biotexfuture.info\/de\/projects\/biocushion\/#breadcrumb","itemListElement":[{"@type":"ListItem","position":1,"name":"Home","item":"https:\/\/biotexfuture.info\/de\/"},{"@type":"ListItem","position":2,"name":"Projekte","item":"https:\/\/biotexfuture.info\/de\/projects\/"},{"@type":"ListItem","position":3,"name":"BioCushion"}]},{"@type":"WebSite","@id":"https:\/\/biotexfuture.info\/#website","url":"https:\/\/biotexfuture.info\/","name":"Biotexfuture","description":"Gef\u00f6rderter Innovationsraum zur biobasierten Textilforschung","publisher":{"@id":"https:\/\/biotexfuture.info\/#organization"},"potentialAction":[{"@type":"SearchAction","target":{"@type":"EntryPoint","urlTemplate":"https:\/\/biotexfuture.info\/?s={search_term_string}"},"query-input":{"@type":"PropertyValueSpecification","valueRequired":true,"valueName":"search_term_string"}}],"inLanguage":"de"},{"@type":"Organization","@id":"https:\/\/biotexfuture.info\/#organization","name":"Biotexfuture","url":"https:\/\/biotexfuture.info\/","logo":{"@type":"ImageObject","inLanguage":"de","@id":"https:\/\/biotexfuture.info\/#\/schema\/logo\/image\/","url":"https:\/\/biotexfuture.info\/wp-content\/uploads\/2023\/04\/BTF-Logo-1@3x.png","contentUrl":"https:\/\/biotexfuture.info\/wp-content\/uploads\/2023\/04\/BTF-Logo-1@3x.png","width":369,"height":72,"caption":"Biotexfuture"},"image":{"@id":"https:\/\/biotexfuture.info\/#\/schema\/logo\/image\/"},"sameAs":["https:\/\/www.linkedin.com\/groups\/8986450\/"]}]}},"_links":{"self":[{"href":"https:\/\/biotexfuture.info\/de\/wp-json\/wp\/v2\/pages\/4759","targetHints":{"allow":["GET"]}}],"collection":[{"href":"https:\/\/biotexfuture.info\/de\/wp-json\/wp\/v2\/pages"}],"about":[{"href":"https:\/\/biotexfuture.info\/de\/wp-json\/wp\/v2\/types\/page"}],"author":[{"embeddable":true,"href":"https:\/\/biotexfuture.info\/de\/wp-json\/wp\/v2\/users\/1"}],"replies":[{"embeddable":true,"href":"https:\/\/biotexfuture.info\/de\/wp-json\/wp\/v2\/comments?post=4759"}],"version-history":[{"count":16,"href":"https:\/\/biotexfuture.info\/de\/wp-json\/wp\/v2\/pages\/4759\/revisions"}],"predecessor-version":[{"id":5645,"href":"https:\/\/biotexfuture.info\/de\/wp-json\/wp\/v2\/pages\/4759\/revisions\/5645"}],"up":[{"embeddable":true,"href":"https:\/\/biotexfuture.info\/de\/wp-json\/wp\/v2\/pages\/1478"}],"wp:attachment":[{"href":"https:\/\/biotexfuture.info\/de\/wp-json\/wp\/v2\/media?parent=4759"}],"curies":[{"name":"wp","href":"https:\/\/api.w.org\/{rel}","templated":true}]}}