{"id":4774,"date":"2024-03-05T14:44:31","date_gmt":"2024-03-05T13:44:31","guid":{"rendered":"https:\/\/biotexfuture.info\/projects\/biotexcirc\/"},"modified":"2025-07-07T13:50:08","modified_gmt":"2025-07-07T11:50:08","slug":"biotexcirc","status":"publish","type":"page","link":"https:\/\/biotexfuture.info\/de\/projects\/biotexcirc\/","title":{"rendered":"BioTexCirc"},"content":{"rendered":"\n<div style=\"height:50px\" aria-hidden=\"true\" class=\"wp-block-spacer\"><\/div>\n\n\n<section class=\"text\">\n\t\n\t<div class=\"container\">\n\n\t\t<div class=\"row\">\n\n\t\t\t<div class=\"col-lg-10\">\n\n\t\t\t\t<h2>BioTexCirc<\/h2>\n<p>Chemisches Recycling von biobasierten Polyamiden.<\/p>\n\n\t\t\t<\/div>\n\n\t\t<\/div>\n\n\t<\/div>\n\n<\/section>\n\n<section class=\"image\">\n\t\n\t<div class=\"container\">\n\n\t\t<div class=\"row\">\n\n\t\t\t<div class=\"col-lg-12\">\n\n\t\t\t\t<img decoding=\"async\" src=\"https:\/\/biotexfuture.info\/wp-content\/uploads\/2024\/03\/BioTexCirc_bearbeitet-scaled-e1709646167658.jpg\" alt=\"\">\n\n\t\t\t<\/div>\n\n\t\t<\/div>\n\n\t<\/div>\n\n<\/section>\n\n\n<div style=\"height:45px\" aria-hidden=\"true\" class=\"wp-block-spacer\"><\/div>\n\n\n\n<div style=\"height:32px\" aria-hidden=\"true\" class=\"wp-block-spacer\"><\/div>\n\n\n<section class=\"columntext\">\n\t\n\t<div class=\"container\">\n\n\t\t<div class=\"row\">\n\n\t\t\t<div class=\"col-lg-6 textcolumn\">\n\n\t\t\t\t<div class=\"textcolumn_inner h-100\">\n\n\t\t\t\t\t<h2>Motivation<\/h2>\n<p>Das Ziel von BioTexFuture ist die Umwandlung der erd\u00f6lbasierten Wertsch\u00f6pfungskette der Textilindustrie in eine biobasierte. BioTexCirc stellt sich damit der Herausforderung, die lineare Textilindustrie in eine zirkul\u00e4re Industrie umzuwandeln und ihre Nachhaltigkeit zu gew\u00e4hrleisten. Im Einklang mit der \u201eNationalen Forschungsstrategie Bio\u00f6konomie 2030\u201c will BioTexCirc zu einem nachhaltigen Wirtschaftswachstum und einem strukturierten Kooperations-, Kooperations- und Wissenstransfer zwischen Wissenschaft und Wirtschaft zur St\u00e4rkung der deutschen Textilindustrie beitragen. Dar\u00fcber hinaus sollen die Auswirkungen des branchenweiten Chemikalienrecyclings auf Gesellschaft und Umwelt ber\u00fccksichtigt werden. Dieser Closed-Loop-Ansatz unterstreicht das Engagement des Projekts f\u00fcr die F\u00f6rderung von Umweltvertr\u00e4glichkeit und Ressourceneffizienz in der Textilindustrie.<\/p>\n\n\t\t\t\t<\/div>\n\n\t\t\t<\/div>\n\n\t\t\t<div class=\"col-lg-6 textcolumn h-100\">\n\n\t\t\t\t<div class=\"textcolumn_inner\">\n\n\t\t\t\t\t<h2>Ziel<\/h2>\n<p>Das Ziel von BioTexCirc ist die Entwicklung einer nachhaltigen Wertsch\u00f6pfungskette in der Textilindustrie durch chemisches Recycling von biobasierten Polymeren. Dieses Hauptziel wird durch 3 Bereiche abgedeckt. Die Untersuchung der technischen Machbarkeit und der Effektivit\u00e4t von chemischen Recyclingprozessen f\u00fcr biobasierte Polymere, wobei der Schwerpunkt auf dem chemischen Recycling von drei biobasierten Polyamiden liegt, n\u00e4mlich PA11, PA4.10 und PA6.9 (wobei letzteres in AlgaeTex entwickelt wird). Die Untersuchung des Reinigungsprozesses des Textilmaterials (Abfall) vor dem chemischen Recycling wird das Ausgangsmaterial f\u00fcr das chemische Recycling vorbereiten und dessen Effizienz erh\u00f6hen. Die Schaffung eines nachhaltigen Paradigmas f\u00fcr die Wertsch\u00f6pfungskette in der Textilindustrie, das technologische, techno-\u00f6konomische, \u00f6kologische Bewertungen und soziale Aspekte (TEA &amp; LCA) umfassend ber\u00fccksichtigt, um Richtlinien f\u00fcr verschiedene Akteure in der Textilindustrie zu formulieren.<\/p>\n\n\t\t\t\t<\/div>\n\n\t\t\t<\/div>\n\n\t\t<\/div>\n\n\t<\/div>\n\n<\/section>\n\n\n<div style=\"height:60px\" aria-hidden=\"true\" class=\"wp-block-spacer\"><\/div>\n\n\n<section class=\"text\">\n\t\n\t<div class=\"container\">\n\n\t\t<div class=\"row\">\n\n\t\t\t<div class=\"col-lg-10\">\n\n\t\t\t\t<h3>BioTexCirc visualisiert<\/h3>\n\n\t\t\t<\/div>\n\n\t\t<\/div>\n\n\t<\/div>\n\n<\/section>\n\n<section class=\"image\">\n\t\n\t<div class=\"container\">\n\n\t\t<div class=\"row\">\n\n\t\t\t<div class=\"col-lg-12\">\n\n\t\t\t\t<img decoding=\"async\" src=\"https:\/\/biotexfuture.info\/wp-content\/uploads\/2024\/10\/BioTexCirc_linear-final.svg\" alt=\"\">\n\n\t\t\t<\/div>\n\n\t\t<\/div>\n\n\t<\/div>\n\n<\/section>\n\n\n<div style=\"height:60px\" aria-hidden=\"true\" class=\"wp-block-spacer\"><\/div>\n\n\n\n<section class=\"entry\">\n\t\n\t<div class=\"container\">\n\n\t\t<div class=\"row\">\n\n\t\t\t<div class=\"col-lg-12\">\n\n\t\t\t\t<div class=\"entry_inner text-bottom_right\">\n\n\t\t\t\t\t<div class=\"entry_text bottom_right\">\n\n\t\t\t\t\t\t<div id=\"comp-krno9o89\" class=\"MazNVa comp-krno9o89 wixui-image\"><\/div>\n<div id=\"comp-krft8ep61\" class=\"KcpHeO tz5f0K comp-krft8ep61 wixui-rich-text\" data-testid=\"richTextElement\">\n<h2 class=\"font_8 wixui-rich-text__text\"><span class=\"wixui-rich-text__text\">FORSCHUNGSANSATZ<\/span><\/h2>\n<div id=\"comp-krfvrkfy\" class=\"KcpHeO tz5f0K comp-krfvrkfy wixui-rich-text\" data-testid=\"richTextElement\">\n<p>BioTexCirc erreicht eine Kreislaufwirtschaft, indem es den gesamten Weg vom Polymer zum Polymer und vom Endprodukt zum neuen Ausgangsmaterial abdeckt. Im Rahmen des Projekts wird das chemische Recycling von biobasierten Polyamiden (Materialien f\u00fcr Hochleistungstextilfasern) erforscht. Da es sich bei Polyamiden um Kondensationspolymere handelt, lassen sie sich leicht in ihre urspr\u00fcnglichen Monomerbausteine zur\u00fcckverwandeln und sind daher f\u00fcr den chemischen Recyclingprozess pr\u00e4destiniert. Derzeit werden mehrere Ans\u00e4tze f\u00fcr das Textilrecycling wissenschaftlich erforscht. Einer davon ist das chemische Recyclingverfahren, das im Allgemeinen die R\u00fcckf\u00fchrung auf Neuware-Qualit\u00e4ten erm\u00f6glicht. Die Polyamide werden unter w\u00e4ssrigen Bedingungen bei erh\u00f6hter Temperatur und Druck mit Hilfe eines Depolymerisationskatalysators abgebaut. Durch Extraktion, Destillation und Kristallisation werden die Bausteine abgetrennt und gereinigt. Es werden verschiedene Depolymerisationsbedingungen erforscht, um den f\u00fcr jedes Polymer am besten geeigneten Weg zu ermitteln. Nach der Etablierung von Down-Streaming-Prozessen werden die recycelten und gereinigten Bausteine zu Polyamiden polymerisiert, deren Eigenschaften mit den urspr\u00fcnglichen Polyamiden verglichen werden, die als Ausgangsmaterial f\u00fcr den Recyclingprozess verwendet werden. Die Vorbehandlungsoptionen im Rahmen des BioTexCirc-Projekts zielen darauf ab, die Qualit\u00e4t des recycelten Materials zu verbessern. Dazu geh\u00f6ren die Modellerweiterung und die Einbeziehung des Vorbehandlungsschritts in das empirische Modell, die Identifizierung und Bewertung der Entfernung von Verunreinigungen aus den Materialien und die Entwicklung eines Verfahrens zur Umwandlung der Materialien in rezyklierbare Produkte. Dar\u00fcber hinaus wird eine Bewertung der Vorbehandlungsmethoden f\u00fcr die Anwendungsszenarien der ausgew\u00e4hlten Materialien durchgef\u00fchrt.<\/p>\n<p class=\"font_8 wixui-rich-text__text\">Das Projekt legt besonderes Augenmerk auf die \u00f6kologischen Faktoren im Rahmen einer Nachhaltigkeitsanalyse. Eine begleitende \u00d6kobilanz (LCA) und eine techno-\u00f6konomische Bewertung (TEE) zum Verst\u00e4ndnis der potenziellen Umweltauswirkungen und der wirtschaftlichen Aspekte der im Projekt entwickelten Produkte und Prozesse werden durchgef\u00fchrt, quantifiziert und dokumentiert. <\/p>\n<\/div>\n<\/div>\n\n\t\t\t\t\t\t\t\t\t\t\t\t\n\t\t\t\t\t<\/div>\n\n\t\t\t\t\t<img decoding=\"async\" src=\"https:\/\/biotexfuture.info\/wp-content\/uploads\/2024\/03\/Vorschlag-2-e1709646216814.jpg\" alt=\"\">\n\n\t\t\t\t<\/div>\n\n\t\t\t<\/div>\n\n\t\t<\/div>\n\n\t<\/div>\n\n<\/section>\n\n\n<div style=\"height:100px\" aria-hidden=\"true\" class=\"wp-block-spacer\"><\/div>\n\n\n<section class=\"logowall\">\n\t\n\t<div class=\"container\">\n\n\t\t<div class=\"row\">\n\n\t\t\t<div class=\"col-lg-12\">\n\n\t\t\t\t<h3>Projektpartner<\/h3>\n\n\t\t\t<\/div>\n\n\t\t<\/div>\n\n\t\t<div class=\"row\">\n\n\t\t\t<div class=\"col-lg-12\">\n\n\t\t\t\t<ul class=\"logos\">\n\n\t\t\t\t\t\n\t\t\t\t\t\t\t<li><img decoding=\"async\" src=\"https:\/\/biotexfuture.info\/wp-content\/uploads\/2023\/04\/ITA-RWTH_logo.png\" alt=\"\"><\/li>\n\n\t\t\t\t\t\t\n\t\t\t\t\t\t\t<li><img decoding=\"async\" src=\"https:\/\/biotexfuture.info\/wp-content\/uploads\/2023\/04\/adidas_logo-04-e1687938871434.png\" alt=\"\"><\/li>\n\n\t\t\t\t\t\t\n\t\t\t\t\t\t\t<li><img decoding=\"async\" src=\"https:\/\/biotexfuture.info\/wp-content\/uploads\/2024\/11\/24_iap_rgb.jpg\" alt=\"\"><\/li>\n\n\t\t\t\t\t\t\n\t\t\t\t<\/ul>\n\n\t\t\t<\/div>\n\n\t\t<\/div>\n\n\t<\/div>\n\n<\/section>\n\n\n<div style=\"height:80px\" aria-hidden=\"true\" class=\"wp-block-spacer\"><\/div>\n\n\n\n<div style=\"height:0px\" aria-hidden=\"true\" class=\"wp-block-spacer\"><\/div>\n\n\n<section class=\"text\">\n\t\n\t<div class=\"container\">\n\n\t\t<div class=\"row\">\n\n\t\t\t<div class=\"col-lg-10\">\n\n\t\t\t\t<h3>GET IN TOUCH<\/h3>\n\n\t\t\t<\/div>\n\n\t\t<\/div>\n\n\t<\/div>\n\n<\/section>\n\n\n<div style=\"height:30px\" aria-hidden=\"true\" class=\"wp-block-spacer\"><\/div>\n\n\n<section class=\"team\">\n\n\t<div class=\"container\">\n\n\t\t<div class=\"row\">\n\n\t\t\t\n\t\t\t\t\t<div class=\"col-lg-6 col-md-12 teammember_single\">\n\n\t\t\t\t\t\t<div class=\"teammember_inner\">\n\n\t\t\t\t\t\t\t<div class=\"row p-0 align-items-end\">\n\n\t\t\t\t\t\t\t\t<div class=\"col-md-5 teammember_image\">\n\n\t\t\t\t\t\t\t\t\t<img decoding=\"async\" src=\"https:\/\/biotexfuture.info\/wp-content\/uploads\/2024\/10\/Fungal-Fibers_Hamideh-Mirbaha-SW-e1728057132785.png\" alt=\"\">\n\n\t\t\t\t\t\t\t\t<\/div>\n\n\t\t\t\t\t\t\t\t<div class=\"col-md-7 teammember_info\">\n\n\t\t\t\t\t\t\t\t\t<strong>Hamideh Mirbaha<\/strong>\n\n\t\t\t\t\t\t\t\t\t<span>Projektleitung<\/span>\n\n\t\t\t\t\t\t\t\t\t<span><a href=\"mailto:Hamideh.Mirbaha@adidas.com\">Hamideh.Mirbaha@adidas.com<\/a><\/span>\n\n\t\t\t\t\t\t\t\t<\/div>\n\n\t\t\t\t\t\t\t<\/div>\n\n\t\t\t\t\t\t<\/div>\n\n\t\t\t\t\t<\/div>\n\n\t\t\t\t\n\t\t\t\t\t<div class=\"col-lg-6 col-md-12 teammember_single\">\n\n\t\t\t\t\t\t<div class=\"teammember_inner\">\n\n\t\t\t\t\t\t\t<div class=\"row p-0 align-items-end\">\n\n\t\t\t\t\t\t\t\t<div class=\"col-md-5 teammember_image\">\n\n\t\t\t\t\t\t\t\t\t<img decoding=\"async\" src=\"https:\/\/biotexfuture.info\/wp-content\/uploads\/2024\/03\/lieske-Schwarz-wei\u00b7-e1711026249589.jpg\" alt=\"\">\n\n\t\t\t\t\t\t\t\t<\/div>\n\n\t\t\t\t\t\t\t\t<div class=\"col-md-7 teammember_info\">\n\n\t\t\t\t\t\t\t\t\t<strong>Antje Lieske<\/strong>\n\n\t\t\t\t\t\t\t\t\t<span>Stellvertretende Projektleitung<\/span>\n\n\t\t\t\t\t\t\t\t\t<span><a href=\"mailto:Antje.Lieske@iap.fraunhofer.de\">Antje.Lieske@iap.fraunhofer.de<\/a><\/span>\n\n\t\t\t\t\t\t\t\t<\/div>\n\n\t\t\t\t\t\t\t<\/div>\n\n\t\t\t\t\t\t<\/div>\n\n\t\t\t\t\t<\/div>\n\n\t\t\t\t\n\t\t<\/div>\n\n\t<\/div>\n\n<\/section>\n\n\n<div style=\"height:60px\" aria-hidden=\"true\" class=\"wp-block-spacer\"><\/div>\n\n\n<section class=\"ctabutton\">\n\t\n\t<div class=\"container\">\n\n\t\t<div class=\"row\">\n\n\t\t\t<div class=\"col-lg-12\">\n\n\t\t\t\t<strong>Sie m\u00f6chten sich auch f\u00fcr ein Projekt bewerben?<\/strong>\n\n\t\t\t\t<a href=\"mailto:kontakt@biotexfuture.info\">Kontaktiere uns<\/a>\n\n\t\t\t<\/div>\n\n\t\t<\/div>\n\n\t<\/div>\n\n<\/section>","protected":false},"excerpt":{"rendered":"","protected":false},"author":1,"featured_media":0,"parent":1478,"menu_order":0,"comment_status":"closed","ping_status":"closed","template":"","meta":{"footnotes":""},"class_list":["post-4774","page","type-page","status-publish","hentry"],"acf":[],"yoast_head":"<!-- This site is optimized with the Yoast SEO plugin v23.7 - https:\/\/yoast.com\/wordpress\/plugins\/seo\/ -->\n<title>BioTexCirc - Biotexfuture<\/title>\n<meta name=\"robots\" content=\"index, follow, max-snippet:-1, max-image-preview:large, max-video-preview:-1\" \/>\n<link rel=\"canonical\" href=\"https:\/\/biotexfuture.info\/de\/projects\/biotexcirc\/\" \/>\n<meta property=\"og:locale\" content=\"de_DE\" \/>\n<meta property=\"og:type\" content=\"article\" \/>\n<meta property=\"og:title\" content=\"BioTexCirc - Biotexfuture\" \/>\n<meta property=\"og:url\" content=\"https:\/\/biotexfuture.info\/de\/projects\/biotexcirc\/\" \/>\n<meta property=\"og:site_name\" content=\"Biotexfuture\" \/>\n<meta property=\"article:modified_time\" content=\"2025-07-07T11:50:08+00:00\" \/>\n<meta name=\"twitter:card\" content=\"summary_large_image\" \/>\n<script type=\"application\/ld+json\" class=\"yoast-schema-graph\">{\"@context\":\"https:\/\/schema.org\",\"@graph\":[{\"@type\":\"WebPage\",\"@id\":\"https:\/\/biotexfuture.info\/de\/projects\/biotexcirc\/\",\"url\":\"https:\/\/biotexfuture.info\/de\/projects\/biotexcirc\/\",\"name\":\"BioTexCirc - Biotexfuture\",\"isPartOf\":{\"@id\":\"https:\/\/biotexfuture.info\/#website\"},\"datePublished\":\"2024-03-05T13:44:31+00:00\",\"dateModified\":\"2025-07-07T11:50:08+00:00\",\"breadcrumb\":{\"@id\":\"https:\/\/biotexfuture.info\/de\/projects\/biotexcirc\/#breadcrumb\"},\"inLanguage\":\"de\",\"potentialAction\":[{\"@type\":\"ReadAction\",\"target\":[\"https:\/\/biotexfuture.info\/de\/projects\/biotexcirc\/\"]}]},{\"@type\":\"BreadcrumbList\",\"@id\":\"https:\/\/biotexfuture.info\/de\/projects\/biotexcirc\/#breadcrumb\",\"itemListElement\":[{\"@type\":\"ListItem\",\"position\":1,\"name\":\"Home\",\"item\":\"https:\/\/biotexfuture.info\/de\/\"},{\"@type\":\"ListItem\",\"position\":2,\"name\":\"Projekte\",\"item\":\"https:\/\/biotexfuture.info\/de\/projects\/\"},{\"@type\":\"ListItem\",\"position\":3,\"name\":\"BioTexCirc\"}]},{\"@type\":\"WebSite\",\"@id\":\"https:\/\/biotexfuture.info\/#website\",\"url\":\"https:\/\/biotexfuture.info\/\",\"name\":\"Biotexfuture\",\"description\":\"Gef\u00f6rderter Innovationsraum zur biobasierten Textilforschung\",\"publisher\":{\"@id\":\"https:\/\/biotexfuture.info\/#organization\"},\"potentialAction\":[{\"@type\":\"SearchAction\",\"target\":{\"@type\":\"EntryPoint\",\"urlTemplate\":\"https:\/\/biotexfuture.info\/?s={search_term_string}\"},\"query-input\":{\"@type\":\"PropertyValueSpecification\",\"valueRequired\":true,\"valueName\":\"search_term_string\"}}],\"inLanguage\":\"de\"},{\"@type\":\"Organization\",\"@id\":\"https:\/\/biotexfuture.info\/#organization\",\"name\":\"Biotexfuture\",\"url\":\"https:\/\/biotexfuture.info\/\",\"logo\":{\"@type\":\"ImageObject\",\"inLanguage\":\"de\",\"@id\":\"https:\/\/biotexfuture.info\/#\/schema\/logo\/image\/\",\"url\":\"https:\/\/biotexfuture.info\/wp-content\/uploads\/2023\/04\/BTF-Logo-1@3x.png\",\"contentUrl\":\"https:\/\/biotexfuture.info\/wp-content\/uploads\/2023\/04\/BTF-Logo-1@3x.png\",\"width\":369,\"height\":72,\"caption\":\"Biotexfuture\"},\"image\":{\"@id\":\"https:\/\/biotexfuture.info\/#\/schema\/logo\/image\/\"},\"sameAs\":[\"https:\/\/www.linkedin.com\/groups\/8986450\/\"]}]}<\/script>\n<!-- \/ Yoast SEO plugin. -->","yoast_head_json":{"title":"BioTexCirc - Biotexfuture","robots":{"index":"index","follow":"follow","max-snippet":"max-snippet:-1","max-image-preview":"max-image-preview:large","max-video-preview":"max-video-preview:-1"},"canonical":"https:\/\/biotexfuture.info\/de\/projects\/biotexcirc\/","og_locale":"de_DE","og_type":"article","og_title":"BioTexCirc - Biotexfuture","og_url":"https:\/\/biotexfuture.info\/de\/projects\/biotexcirc\/","og_site_name":"Biotexfuture","article_modified_time":"2025-07-07T11:50:08+00:00","twitter_card":"summary_large_image","schema":{"@context":"https:\/\/schema.org","@graph":[{"@type":"WebPage","@id":"https:\/\/biotexfuture.info\/de\/projects\/biotexcirc\/","url":"https:\/\/biotexfuture.info\/de\/projects\/biotexcirc\/","name":"BioTexCirc - Biotexfuture","isPartOf":{"@id":"https:\/\/biotexfuture.info\/#website"},"datePublished":"2024-03-05T13:44:31+00:00","dateModified":"2025-07-07T11:50:08+00:00","breadcrumb":{"@id":"https:\/\/biotexfuture.info\/de\/projects\/biotexcirc\/#breadcrumb"},"inLanguage":"de","potentialAction":[{"@type":"ReadAction","target":["https:\/\/biotexfuture.info\/de\/projects\/biotexcirc\/"]}]},{"@type":"BreadcrumbList","@id":"https:\/\/biotexfuture.info\/de\/projects\/biotexcirc\/#breadcrumb","itemListElement":[{"@type":"ListItem","position":1,"name":"Home","item":"https:\/\/biotexfuture.info\/de\/"},{"@type":"ListItem","position":2,"name":"Projekte","item":"https:\/\/biotexfuture.info\/de\/projects\/"},{"@type":"ListItem","position":3,"name":"BioTexCirc"}]},{"@type":"WebSite","@id":"https:\/\/biotexfuture.info\/#website","url":"https:\/\/biotexfuture.info\/","name":"Biotexfuture","description":"Gef\u00f6rderter Innovationsraum zur biobasierten Textilforschung","publisher":{"@id":"https:\/\/biotexfuture.info\/#organization"},"potentialAction":[{"@type":"SearchAction","target":{"@type":"EntryPoint","urlTemplate":"https:\/\/biotexfuture.info\/?s={search_term_string}"},"query-input":{"@type":"PropertyValueSpecification","valueRequired":true,"valueName":"search_term_string"}}],"inLanguage":"de"},{"@type":"Organization","@id":"https:\/\/biotexfuture.info\/#organization","name":"Biotexfuture","url":"https:\/\/biotexfuture.info\/","logo":{"@type":"ImageObject","inLanguage":"de","@id":"https:\/\/biotexfuture.info\/#\/schema\/logo\/image\/","url":"https:\/\/biotexfuture.info\/wp-content\/uploads\/2023\/04\/BTF-Logo-1@3x.png","contentUrl":"https:\/\/biotexfuture.info\/wp-content\/uploads\/2023\/04\/BTF-Logo-1@3x.png","width":369,"height":72,"caption":"Biotexfuture"},"image":{"@id":"https:\/\/biotexfuture.info\/#\/schema\/logo\/image\/"},"sameAs":["https:\/\/www.linkedin.com\/groups\/8986450\/"]}]}},"_links":{"self":[{"href":"https:\/\/biotexfuture.info\/de\/wp-json\/wp\/v2\/pages\/4774","targetHints":{"allow":["GET"]}}],"collection":[{"href":"https:\/\/biotexfuture.info\/de\/wp-json\/wp\/v2\/pages"}],"about":[{"href":"https:\/\/biotexfuture.info\/de\/wp-json\/wp\/v2\/types\/page"}],"author":[{"embeddable":true,"href":"https:\/\/biotexfuture.info\/de\/wp-json\/wp\/v2\/users\/1"}],"replies":[{"embeddable":true,"href":"https:\/\/biotexfuture.info\/de\/wp-json\/wp\/v2\/comments?post=4774"}],"version-history":[{"count":13,"href":"https:\/\/biotexfuture.info\/de\/wp-json\/wp\/v2\/pages\/4774\/revisions"}],"predecessor-version":[{"id":6284,"href":"https:\/\/biotexfuture.info\/de\/wp-json\/wp\/v2\/pages\/4774\/revisions\/6284"}],"up":[{"embeddable":true,"href":"https:\/\/biotexfuture.info\/de\/wp-json\/wp\/v2\/pages\/1478"}],"wp:attachment":[{"href":"https:\/\/biotexfuture.info\/de\/wp-json\/wp\/v2\/media?parent=4774"}],"curies":[{"name":"wp","href":"https:\/\/api.w.org\/{rel}","templated":true}]}}