{"id":4784,"date":"2024-09-19T13:40:46","date_gmt":"2024-09-19T11:40:46","guid":{"rendered":"https:\/\/biotexfuture.info\/projects\/circwool\/"},"modified":"2024-11-19T15:28:00","modified_gmt":"2024-11-19T14:28:00","slug":"circwool","status":"publish","type":"page","link":"https:\/\/biotexfuture.info\/de\/projects\/circwool\/","title":{"rendered":"CircWool"},"content":{"rendered":"\n<p><\/p>\n\n\n\n<div style=\"height:50px\" aria-hidden=\"true\" class=\"wp-block-spacer\"><\/div>\n\n\n<section class=\"text\">\n\t\n\t<div class=\"container\">\n\n\t\t<div class=\"row\">\n\n\t\t\t<div class=\"col-lg-10\">\n\n\t\t\t\t<h2>CircWool<\/h2>\n<p>Recyclingtechnologie f\u00fcr Wollabf\u00e4lle zur Wiedereingliederung in den Textilkreislauf.<\/p>\n\n\t\t\t<\/div>\n\n\t\t<\/div>\n\n\t<\/div>\n\n<\/section>\n\n<section class=\"image\">\n\t\n\t<div class=\"container\">\n\n\t\t<div class=\"row\">\n\n\t\t\t<div class=\"col-lg-12\">\n\n\t\t\t\t<img decoding=\"async\" src=\"https:\/\/biotexfuture.info\/wp-content\/uploads\/2024\/10\/Circwool_Schaf_CM_grAn-e1728986903674.png\" alt=\"\">\n\n\t\t\t<\/div>\n\n\t\t<\/div>\n\n\t<\/div>\n\n<\/section>\n\n\n<div style=\"height:60px\" aria-hidden=\"true\" class=\"wp-block-spacer\"><\/div>\n\n\n<section class=\"columntext\">\n\t\n\t<div class=\"container\">\n\n\t\t<div class=\"row\">\n\n\t\t\t<div class=\"col-lg-6 textcolumn\">\n\n\t\t\t\t<div class=\"textcolumn_inner h-100\">\n\n\t\t\t\t\t<h2>Motivation<\/h2>\n<div><span lang=\"EN-GB\">Derzeit werden bei den Wollrecyclingverfahren haupts\u00e4chlich Hydrolyse und oxidative Spaltung zur Gewinnung von Keratin eingesetzt, das dann mit erd\u00f6lbasierten Polymeren zur Herstellung synthetischer Fasern kombiniert wird. Diese Methoden sind nicht nachhaltig und h\u00e4ngen stark von nicht erneuerbaren Ressourcen ab. CircWool zielt darauf ab, ein innovatives chemisches Recyclingverfahren zu entwickeln, um Wollabf\u00e4lle in synthetische Proteinfasern ohne erd\u00f6lbasierte Zusatzstoffe umzuwandeln und so eine kreislauforientierte Textilwirtschaft zu f\u00f6rdern. Die bestehenden Wollrecyclingverfahren weisen mehrere quantifizierbare Defizite auf. Die hohen Kosten und die Abh\u00e4ngigkeit von nicht erneuerbaren Ressourcen f\u00fcr die Faserproduktion sind ein gro\u00dfes Problem. Diese Methoden haben aufgrund der Verwendung erd\u00f6lbasierter Zusatzstoffe und ineffizienter Recyclingtechniken erhebliche Auswirkungen auf die Umwelt, was zu einem gr\u00f6\u00dferen Kohlenstoff-Fu\u00dfabdruck und einer erh\u00f6hten Abfallmenge f\u00fchrt. Durch die Konzentration auf l\u00f6sungsmittelbasiertes Recycling wird CircWool den Wert von Wolle steigern, die Abfallmenge verringern und nachhaltige Hochleistungsfasern herstellen. Das Projekt wird dazu beitragen, die Umweltauswirkungen der Textilproduktion zu verringern, biobasierte und recycelte Materialien f\u00fcr die Industrie bereitzustellen und den \u00dcbergang zu einer Kreislaufwirtschaft zu unterst\u00fctzen.       <\/span><\/div>\n\n\t\t\t\t<\/div>\n\n\t\t\t<\/div>\n\n\t\t\t<div class=\"col-lg-6 textcolumn h-100\">\n\n\t\t\t\t<div class=\"textcolumn_inner\">\n\n\t\t\t\t\t<h2>Ziel<\/h2>\n<div><span lang=\"EN-GB\"><span lang=\"EN-GB\">Ziel des CircWool-Projekts ist es, ein chemisches Recyclingverfahren zu entwickeln, das Wollabf\u00e4lle in hochleistungsf\u00e4hige synthetische Proteinfasern umwandelt und so eine textile Kreislaufwirtschaft f\u00f6rdert. Innerhalb der einj\u00e4hrigen Projektlaufzeit besteht das Hauptziel darin, ein l\u00f6sungsmittelbasiertes Recyclingverfahren zu entwickeln, das Wollabf\u00e4lle aufl\u00f6st und zu wertvollen synthetischen Proteinfasern verarbeitet. Dar\u00fcber hinaus soll eine neue Art von Fasern aus reinem Keratin oder aus Keratin in Kombination mit Biopolymeren oder recycelten Polymeren wie Zellulose, Glucanen, Chitosan oder recycelten   <\/span><\/span>Acryl. Durch die Verwendung von Wollstoffen aus der Region unterst\u00fctzt CircWool die lokale Wirtschaft und liefert biobasierte und recycelte Materialien f\u00fcr die Textilindustrie. <\/div>\n\n\t\t\t\t<\/div>\n\n\t\t\t<\/div>\n\n\t\t<\/div>\n\n\t<\/div>\n\n<\/section>\n\n\n<div style=\"height:60px\" aria-hidden=\"true\" class=\"wp-block-spacer\"><\/div>\n\n\n<section class=\"text\">\n\t\n\t<div class=\"container\">\n\n\t\t<div class=\"row\">\n\n\t\t\t<div class=\"col-lg-10\">\n\n\t\t\t\t<h3 class=\"font_5 wixui-rich-text__text\">CIRCWOOL VISUALISIERT<\/h3>\n\n\t\t\t<\/div>\n\n\t\t<\/div>\n\n\t<\/div>\n\n<\/section>\n\n\n<div style=\"height:30px\" aria-hidden=\"true\" class=\"wp-block-spacer\"><\/div>\n\n\n<section class=\"image\">\n\t\n\t<div class=\"container\">\n\n\t\t<div class=\"row\">\n\n\t\t\t<div class=\"col-lg-12\">\n\n\t\t\t\t<img decoding=\"async\" src=\"https:\/\/biotexfuture.info\/wp-content\/uploads\/2024\/10\/CircWool-uberarbeitet-1.svg\" alt=\"\">\n\n\t\t\t<\/div>\n\n\t\t<\/div>\n\n\t<\/div>\n\n<\/section>\n\n\n<div style=\"height:60px\" aria-hidden=\"true\" class=\"wp-block-spacer\"><\/div>\n\n\n\n<section class=\"entry\">\n\t\n\t<div class=\"container\">\n\n\t\t<div class=\"row\">\n\n\t\t\t<div class=\"col-lg-12\">\n\n\t\t\t\t<div class=\"entry_inner text-bottom_right\">\n\n\t\t\t\t\t<div class=\"entry_text bottom_right\">\n\n\t\t\t\t\t\t<div id=\"comp-krno9o89\" class=\"MazNVa comp-krno9o89 wixui-image\"><\/div>\n<div id=\"comp-krft8ep61\" class=\"KcpHeO tz5f0K comp-krft8ep61 wixui-rich-text\" data-testid=\"richTextElement\">\n<h2 class=\"font_8 wixui-rich-text__text\"><span class=\"wixui-rich-text__text\">FORSCHUNGSANSATZ<\/span><\/h2>\n<div><span lang=\"EN-GB\">Das CircWool-Projekt gliedert sich in sechs Hauptarbeitspakete. Zun\u00e4chst werden wir die Akzeptanz und die Anforderungen der Verbraucher an die neuen Fasern durch soziale Experimente, Workshops und Umfragen in den sozialen Medien bewerten, um sicherzustellen, dass die Fasern den Bed\u00fcrfnissen und Vorlieben des Marktes entsprechen. Wir werden uns auf die Sammlung und Kategorisierung von Wollabf\u00e4llen konzentrieren. Dies beinhaltet das Management der Materialaufbereitung, -sortierung und -bewertung, um ein einheitliches Ausgangsmaterial f\u00fcr das Recycling zu gew\u00e4hrleisten. Es wird eine Materialflussanalyse durchgef\u00fchrt, um die Skalierbarkeit des Recyclingprozesses zu bewerten und sicherzustellen, dass er auf breiter Basis und nachhaltig angewendet werden kann. Es wird ein l\u00f6sungsmittelbasiertes Verfahren zum Aufl\u00f6sen von Wollfasern entwickelt, um eine reine Keratinl\u00f6sung zu erzeugen, die zu neuen Fasern gesponnen werden kann. Wir werden eine Parameterstudie zur Optimierung des Nassspinnverfahrens durchf\u00fchren, um sicherzustellen, dass die hergestellten Fasern die gew\u00fcnschten Qualit\u00e4tsstandards in Bezug auf Feinheit, St\u00e4rke und Querschnittseigenschaften erf\u00fcllen. Durch die Entwicklung und Optimierung dieser Prozesse will CircWool den Wollabfall reduzieren und nachhaltige Textilfasern herstellen.       <\/span><\/div>\n<\/div>\n\n\t\t\t\t\t\t\t\t\t\t\t\t\n\t\t\t\t\t<\/div>\n\n\t\t\t\t\t<img decoding=\"async\" src=\"https:\/\/biotexfuture.info\/wp-content\/uploads\/2024\/09\/wolle_schafwolle-tablet-e1727083797415.png\" alt=\"\">\n\n\t\t\t\t<\/div>\n\n\t\t\t<\/div>\n\n\t\t<\/div>\n\n\t<\/div>\n\n<\/section>\n\n\n<div style=\"height:60px\" aria-hidden=\"true\" class=\"wp-block-spacer\"><\/div>\n\n\n\n<div style=\"height:60px\" aria-hidden=\"true\" class=\"wp-block-spacer\"><\/div>\n\n\n<section class=\"logowall\">\n\t\n\t<div class=\"container\">\n\n\t\t<div class=\"row\">\n\n\t\t\t<div class=\"col-lg-12\">\n\n\t\t\t\t<h3>Projektpartner<\/h3>\n\n\t\t\t<\/div>\n\n\t\t<\/div>\n\n\t\t<div class=\"row\">\n\n\t\t\t<div class=\"col-lg-12\">\n\n\t\t\t\t<ul class=\"logos\">\n\n\t\t\t\t\t\n\t\t\t\t\t\t\t<li><img decoding=\"async\" src=\"https:\/\/biotexfuture.info\/wp-content\/uploads\/2023\/04\/ITA-RWTH_logo.png\" alt=\"\"><\/li>\n\n\t\t\t\t\t\t\n\t\t\t\t\t\t\t<li><img decoding=\"async\" src=\"https:\/\/biotexfuture.info\/wp-content\/uploads\/2024\/09\/Logo.png\" alt=\"\"><\/li>\n\n\t\t\t\t\t\t\n\t\t\t\t\t\t\t<li><img decoding=\"async\" src=\"https:\/\/biotexfuture.info\/wp-content\/uploads\/2024\/09\/logo_Ortovox.svg\" alt=\"\"><\/li>\n\n\t\t\t\t\t\t\n\t\t\t\t<\/ul>\n\n\t\t\t<\/div>\n\n\t\t<\/div>\n\n\t<\/div>\n\n<\/section>\n\n\n<div style=\"height:60px\" aria-hidden=\"true\" class=\"wp-block-spacer\"><\/div>\n\n\n\n<div style=\"height:0px\" aria-hidden=\"true\" class=\"wp-block-spacer\"><\/div>\n\n\n<section class=\"text\">\n\t\n\t<div class=\"container\">\n\n\t\t<div class=\"row\">\n\n\t\t\t<div class=\"col-lg-10\">\n\n\t\t\t\t<h3>GET IN TOUCH<\/h3>\n\n\t\t\t<\/div>\n\n\t\t<\/div>\n\n\t<\/div>\n\n<\/section>\n\n\n<div style=\"height:30px\" aria-hidden=\"true\" class=\"wp-block-spacer\"><\/div>\n\n\n<section class=\"team\">\n\n\t<div class=\"container\">\n\n\t\t<div class=\"row\">\n\n\t\t\t\n\t\t\t\t\t<div class=\"col-lg-6 col-md-12 teammember_single\">\n\n\t\t\t\t\t\t<div class=\"teammember_inner\">\n\n\t\t\t\t\t\t\t<div class=\"row p-0 align-items-end\">\n\n\t\t\t\t\t\t\t\t<div class=\"col-md-5 teammember_image\">\n\n\t\t\t\t\t\t\t\t\t<img decoding=\"async\" src=\"https:\/\/biotexfuture.info\/wp-content\/uploads\/2024\/09\/Foto_Juliane-WipperfArth_SW-e1726745035539.png\" alt=\"\">\n\n\t\t\t\t\t\t\t\t<\/div>\n\n\t\t\t\t\t\t\t\t<div class=\"col-md-7 teammember_info\">\n\n\t\t\t\t\t\t\t\t\t<strong>Juliane Wipperf\u00fcrth<\/strong>\n\n\t\t\t\t\t\t\t\t\t<span><\/span>\n\n\t\t\t\t\t\t\t\t\t<span><a href=\"mailto:juliane.wipperfuerth@ita.rwth-aachen.de\">juliane.wipperfuerth@ita.rwth-aachen.de<\/a><\/span>\n\n\t\t\t\t\t\t\t\t<\/div>\n\n\t\t\t\t\t\t\t<\/div>\n\n\t\t\t\t\t\t<\/div>\n\n\t\t\t\t\t<\/div>\n\n\t\t\t\t\n\t\t\t\t\t<div class=\"col-lg-6 col-md-12 teammember_single\">\n\n\t\t\t\t\t\t<div class=\"teammember_inner\">\n\n\t\t\t\t\t\t\t<div class=\"row p-0 align-items-end\">\n\n\t\t\t\t\t\t\t\t<div class=\"col-md-5 teammember_image\">\n\n\t\t\t\t\t\t\t\t\t<img decoding=\"async\" src=\"https:\/\/biotexfuture.info\/wp-content\/uploads\/2024\/09\/Portrait-Muschkiet_SW-e1726745700738.png\" alt=\"\">\n\n\t\t\t\t\t\t\t\t<\/div>\n\n\t\t\t\t\t\t\t\t<div class=\"col-md-7 teammember_info\">\n\n\t\t\t\t\t\t\t\t\t<strong>Prof. Markus Muschkiet<\/strong>\n\n\t\t\t\t\t\t\t\t\t<span><\/span>\n\n\t\t\t\t\t\t\t\t\t<span><a href=\"mailto:Markus.Muschkiet@hs-niederrhein.de\">Markus.Muschkiet@hs-niederrhein.de<\/a><\/span>\n\n\t\t\t\t\t\t\t\t<\/div>\n\n\t\t\t\t\t\t\t<\/div>\n\n\t\t\t\t\t\t<\/div>\n\n\t\t\t\t\t<\/div>\n\n\t\t\t\t\n\t\t<\/div>\n\n\t<\/div>\n\n<\/section>\n\n\n<div style=\"height:60px\" aria-hidden=\"true\" class=\"wp-block-spacer\"><\/div>\n\n\n<section class=\"ctabutton\">\n\t\n\t<div class=\"container\">\n\n\t\t<div class=\"row\">\n\n\t\t\t<div class=\"col-lg-12\">\n\n\t\t\t\t<strong>Sie m\u00f6chten sich auch f\u00fcr ein Projekt bewerben?<\/strong>\n\n\t\t\t\t<a href=\"mailto:kontakt@biotexfuture.info\">Kontaktiere uns<\/a>\n\n\t\t\t<\/div>\n\n\t\t<\/div>\n\n\t<\/div>\n\n<\/section>","protected":false},"excerpt":{"rendered":"","protected":false},"author":1,"featured_media":0,"parent":1478,"menu_order":0,"comment_status":"closed","ping_status":"closed","template":"","meta":{"footnotes":""},"class_list":["post-4784","page","type-page","status-publish","hentry"],"acf":[],"yoast_head":"<!-- This site is optimized with the Yoast SEO plugin v23.7 - https:\/\/yoast.com\/wordpress\/plugins\/seo\/ -->\n<title>CircWool - Biotexfuture<\/title>\n<meta name=\"robots\" content=\"index, follow, max-snippet:-1, max-image-preview:large, max-video-preview:-1\" \/>\n<link rel=\"canonical\" href=\"https:\/\/biotexfuture.info\/de\/projects\/circwool\/\" \/>\n<meta property=\"og:locale\" content=\"de_DE\" \/>\n<meta property=\"og:type\" content=\"article\" \/>\n<meta property=\"og:title\" content=\"CircWool - Biotexfuture\" \/>\n<meta property=\"og:url\" content=\"https:\/\/biotexfuture.info\/de\/projects\/circwool\/\" \/>\n<meta property=\"og:site_name\" content=\"Biotexfuture\" \/>\n<meta property=\"article:modified_time\" content=\"2024-11-19T14:28:00+00:00\" \/>\n<meta name=\"twitter:card\" content=\"summary_large_image\" \/>\n<script type=\"application\/ld+json\" class=\"yoast-schema-graph\">{\"@context\":\"https:\/\/schema.org\",\"@graph\":[{\"@type\":\"WebPage\",\"@id\":\"https:\/\/biotexfuture.info\/de\/projects\/circwool\/\",\"url\":\"https:\/\/biotexfuture.info\/de\/projects\/circwool\/\",\"name\":\"CircWool - Biotexfuture\",\"isPartOf\":{\"@id\":\"https:\/\/biotexfuture.info\/#website\"},\"datePublished\":\"2024-09-19T11:40:46+00:00\",\"dateModified\":\"2024-11-19T14:28:00+00:00\",\"breadcrumb\":{\"@id\":\"https:\/\/biotexfuture.info\/de\/projects\/circwool\/#breadcrumb\"},\"inLanguage\":\"de\",\"potentialAction\":[{\"@type\":\"ReadAction\",\"target\":[\"https:\/\/biotexfuture.info\/de\/projects\/circwool\/\"]}]},{\"@type\":\"BreadcrumbList\",\"@id\":\"https:\/\/biotexfuture.info\/de\/projects\/circwool\/#breadcrumb\",\"itemListElement\":[{\"@type\":\"ListItem\",\"position\":1,\"name\":\"Home\",\"item\":\"https:\/\/biotexfuture.info\/de\/\"},{\"@type\":\"ListItem\",\"position\":2,\"name\":\"Projekte\",\"item\":\"https:\/\/biotexfuture.info\/de\/projects\/\"},{\"@type\":\"ListItem\",\"position\":3,\"name\":\"CircWool\"}]},{\"@type\":\"WebSite\",\"@id\":\"https:\/\/biotexfuture.info\/#website\",\"url\":\"https:\/\/biotexfuture.info\/\",\"name\":\"Biotexfuture\",\"description\":\"Gef\u00f6rderter Innovationsraum zur biobasierten Textilforschung\",\"publisher\":{\"@id\":\"https:\/\/biotexfuture.info\/#organization\"},\"potentialAction\":[{\"@type\":\"SearchAction\",\"target\":{\"@type\":\"EntryPoint\",\"urlTemplate\":\"https:\/\/biotexfuture.info\/?s={search_term_string}\"},\"query-input\":{\"@type\":\"PropertyValueSpecification\",\"valueRequired\":true,\"valueName\":\"search_term_string\"}}],\"inLanguage\":\"de\"},{\"@type\":\"Organization\",\"@id\":\"https:\/\/biotexfuture.info\/#organization\",\"name\":\"Biotexfuture\",\"url\":\"https:\/\/biotexfuture.info\/\",\"logo\":{\"@type\":\"ImageObject\",\"inLanguage\":\"de\",\"@id\":\"https:\/\/biotexfuture.info\/#\/schema\/logo\/image\/\",\"url\":\"https:\/\/biotexfuture.info\/wp-content\/uploads\/2023\/04\/BTF-Logo-1@3x.png\",\"contentUrl\":\"https:\/\/biotexfuture.info\/wp-content\/uploads\/2023\/04\/BTF-Logo-1@3x.png\",\"width\":369,\"height\":72,\"caption\":\"Biotexfuture\"},\"image\":{\"@id\":\"https:\/\/biotexfuture.info\/#\/schema\/logo\/image\/\"},\"sameAs\":[\"https:\/\/www.linkedin.com\/groups\/8986450\/\"]}]}<\/script>\n<!-- \/ Yoast SEO plugin. -->","yoast_head_json":{"title":"CircWool - Biotexfuture","robots":{"index":"index","follow":"follow","max-snippet":"max-snippet:-1","max-image-preview":"max-image-preview:large","max-video-preview":"max-video-preview:-1"},"canonical":"https:\/\/biotexfuture.info\/de\/projects\/circwool\/","og_locale":"de_DE","og_type":"article","og_title":"CircWool - Biotexfuture","og_url":"https:\/\/biotexfuture.info\/de\/projects\/circwool\/","og_site_name":"Biotexfuture","article_modified_time":"2024-11-19T14:28:00+00:00","twitter_card":"summary_large_image","schema":{"@context":"https:\/\/schema.org","@graph":[{"@type":"WebPage","@id":"https:\/\/biotexfuture.info\/de\/projects\/circwool\/","url":"https:\/\/biotexfuture.info\/de\/projects\/circwool\/","name":"CircWool - Biotexfuture","isPartOf":{"@id":"https:\/\/biotexfuture.info\/#website"},"datePublished":"2024-09-19T11:40:46+00:00","dateModified":"2024-11-19T14:28:00+00:00","breadcrumb":{"@id":"https:\/\/biotexfuture.info\/de\/projects\/circwool\/#breadcrumb"},"inLanguage":"de","potentialAction":[{"@type":"ReadAction","target":["https:\/\/biotexfuture.info\/de\/projects\/circwool\/"]}]},{"@type":"BreadcrumbList","@id":"https:\/\/biotexfuture.info\/de\/projects\/circwool\/#breadcrumb","itemListElement":[{"@type":"ListItem","position":1,"name":"Home","item":"https:\/\/biotexfuture.info\/de\/"},{"@type":"ListItem","position":2,"name":"Projekte","item":"https:\/\/biotexfuture.info\/de\/projects\/"},{"@type":"ListItem","position":3,"name":"CircWool"}]},{"@type":"WebSite","@id":"https:\/\/biotexfuture.info\/#website","url":"https:\/\/biotexfuture.info\/","name":"Biotexfuture","description":"Gef\u00f6rderter Innovationsraum zur biobasierten Textilforschung","publisher":{"@id":"https:\/\/biotexfuture.info\/#organization"},"potentialAction":[{"@type":"SearchAction","target":{"@type":"EntryPoint","urlTemplate":"https:\/\/biotexfuture.info\/?s={search_term_string}"},"query-input":{"@type":"PropertyValueSpecification","valueRequired":true,"valueName":"search_term_string"}}],"inLanguage":"de"},{"@type":"Organization","@id":"https:\/\/biotexfuture.info\/#organization","name":"Biotexfuture","url":"https:\/\/biotexfuture.info\/","logo":{"@type":"ImageObject","inLanguage":"de","@id":"https:\/\/biotexfuture.info\/#\/schema\/logo\/image\/","url":"https:\/\/biotexfuture.info\/wp-content\/uploads\/2023\/04\/BTF-Logo-1@3x.png","contentUrl":"https:\/\/biotexfuture.info\/wp-content\/uploads\/2023\/04\/BTF-Logo-1@3x.png","width":369,"height":72,"caption":"Biotexfuture"},"image":{"@id":"https:\/\/biotexfuture.info\/#\/schema\/logo\/image\/"},"sameAs":["https:\/\/www.linkedin.com\/groups\/8986450\/"]}]}},"_links":{"self":[{"href":"https:\/\/biotexfuture.info\/de\/wp-json\/wp\/v2\/pages\/4784","targetHints":{"allow":["GET"]}}],"collection":[{"href":"https:\/\/biotexfuture.info\/de\/wp-json\/wp\/v2\/pages"}],"about":[{"href":"https:\/\/biotexfuture.info\/de\/wp-json\/wp\/v2\/types\/page"}],"author":[{"embeddable":true,"href":"https:\/\/biotexfuture.info\/de\/wp-json\/wp\/v2\/users\/1"}],"replies":[{"embeddable":true,"href":"https:\/\/biotexfuture.info\/de\/wp-json\/wp\/v2\/comments?post=4784"}],"version-history":[{"count":9,"href":"https:\/\/biotexfuture.info\/de\/wp-json\/wp\/v2\/pages\/4784\/revisions"}],"predecessor-version":[{"id":4966,"href":"https:\/\/biotexfuture.info\/de\/wp-json\/wp\/v2\/pages\/4784\/revisions\/4966"}],"up":[{"embeddable":true,"href":"https:\/\/biotexfuture.info\/de\/wp-json\/wp\/v2\/pages\/1478"}],"wp:attachment":[{"href":"https:\/\/biotexfuture.info\/de\/wp-json\/wp\/v2\/media?parent=4784"}],"curies":[{"name":"wp","href":"https:\/\/api.w.org\/{rel}","templated":true}]}}